{"id":975,"date":"2020-01-28T10:36:03","date_gmt":"2020-01-28T13:36:03","guid":{"rendered":"https:\/\/grupoga230.com.br\/?post_type=product&#038;p=975"},"modified":"2020-01-28T11:21:35","modified_gmt":"2020-01-28T14:21:35","slug":"anel-oring","status":"publish","type":"product","link":"https:\/\/grupoga230.com.br\/en\/product\/anel-oring\/","title":{"rendered":"'O Ring"},"content":{"rendered":"","protected":false},"excerpt":{"rendered":"<p>Os aneis tipo \u2018O s\u00e3o veda\u00e7\u00f5es em formato t\u00f3rico, comumente usados em eixos\/furos ou face. \u00c9 um sistema de veda\u00e7\u00e3o simples e eficaz, que pode ser utilizado em quase todas as solu\u00e7\u00f5es onde precisamos de um sistema que seja confi\u00e1vel e de f\u00e1cil manuten\u00e7\u00e3o.<\/p>","protected":false},"featured_media":978,"template":"","meta":[],"product_cat":[30,69],"product_tag":[],"yoast_head":"<!-- This site is optimized with the Yoast SEO plugin v16.7 - https:\/\/yoast.com\/wordpress\/plugins\/seo\/ -->\n<title>Anel O&#039;Ring &mdash; Grupo GA230<\/title>\n<meta name=\"robots\" content=\"index, follow, max-snippet:-1, max-image-preview:large, max-video-preview:-1\" \/>\n<link rel=\"canonical\" href=\"https:\/\/grupoga230.com.br\/en\/product\/anel-oring\/\" \/>\n<meta property=\"og:locale\" content=\"en_US\" \/>\n<meta property=\"og:type\" content=\"article\" \/>\n<meta property=\"og:title\" content=\"Anel O&#039;Ring &mdash; Grupo GA230\" \/>\n<meta property=\"og:description\" content=\"Os aneis tipo \u2018O s\u00e3o veda\u00e7\u00f5es em formato t\u00f3rico, comumente usados em eixos\/furos ou face. \u00c9 um sistema de veda\u00e7\u00e3o simples e eficaz, que pode ser utilizado em quase todas as solu\u00e7\u00f5es onde precisamos de um sistema que seja confi\u00e1vel e de f\u00e1cil manuten\u00e7\u00e3o.\" \/>\n<meta property=\"og:url\" content=\"https:\/\/grupoga230.com.br\/en\/product\/anel-oring\/\" \/>\n<meta property=\"og:site_name\" content=\"Grupo GA230\" \/>\n<meta property=\"article:modified_time\" content=\"2020-01-28T14:21:35+00:00\" \/>\n<meta property=\"og:image\" content=\"https:\/\/grupoga230.com.br\/wp-content\/uploads\/2020\/01\/ORING.png\" \/>\n\t<meta property=\"og:image:width\" content=\"1000\" \/>\n\t<meta property=\"og:image:height\" content=\"1000\" \/>\n<meta name=\"twitter:card\" content=\"summary_large_image\" \/>\n<script type=\"application\/ld+json\" class=\"yoast-schema-graph\">{\"@context\":\"https:\/\/schema.org\",\"@graph\":[{\"@type\":\"Organization\",\"@id\":\"https:\/\/grupoga230.com.br\/#organization\",\"name\":\"Grupo GA 230\",\"url\":\"https:\/\/grupoga230.com.br\/\",\"sameAs\":[],\"logo\":{\"@type\":\"ImageObject\",\"@id\":\"https:\/\/grupoga230.com.br\/#logo\",\"inLanguage\":\"en-US\",\"url\":\"https:\/\/grupoga230.com.br\/wp-content\/uploads\/2019\/09\/Logo-Grupo-GA2303-2.png\",\"contentUrl\":\"https:\/\/grupoga230.com.br\/wp-content\/uploads\/2019\/09\/Logo-Grupo-GA2303-2.png\",\"width\":100,\"height\":103,\"caption\":\"Grupo GA 230\"},\"image\":{\"@id\":\"https:\/\/grupoga230.com.br\/#logo\"}},{\"@type\":\"WebSite\",\"@id\":\"https:\/\/grupoga230.com.br\/#website\",\"url\":\"https:\/\/grupoga230.com.br\/\",\"name\":\"Grupo GA230\",\"description\":\"Veda\\u00e7\\u00f5es T\\u00e9cnicas em Borracha e Solu\\u00e7\\u00f5es em Poliuretano\",\"publisher\":{\"@id\":\"https:\/\/grupoga230.com.br\/#organization\"},\"potentialAction\":[{\"@type\":\"SearchAction\",\"target\":{\"@type\":\"EntryPoint\",\"urlTemplate\":\"https:\/\/grupoga230.com.br\/?s={search_term_string}\"},\"query-input\":\"required name=search_term_string\"}],\"inLanguage\":\"en-US\"},{\"@type\":\"ImageObject\",\"@id\":\"https:\/\/grupoga230.com.br\/en\/product\/anel-oring\/#primaryimage\",\"inLanguage\":\"en-US\",\"url\":\"https:\/\/grupoga230.com.br\/wp-content\/uploads\/2020\/01\/ORING.png\",\"contentUrl\":\"https:\/\/grupoga230.com.br\/wp-content\/uploads\/2020\/01\/ORING.png\",\"width\":1000,\"height\":1000},{\"@type\":\"WebPage\",\"@id\":\"https:\/\/grupoga230.com.br\/en\/product\/anel-oring\/#webpage\",\"url\":\"https:\/\/grupoga230.com.br\/en\/product\/anel-oring\/\",\"name\":\"Anel O'Ring &mdash; Grupo GA230\",\"isPartOf\":{\"@id\":\"https:\/\/grupoga230.com.br\/#website\"},\"primaryImageOfPage\":{\"@id\":\"https:\/\/grupoga230.com.br\/en\/product\/anel-oring\/#primaryimage\"},\"datePublished\":\"2020-01-28T13:36:03+00:00\",\"dateModified\":\"2020-01-28T14:21:35+00:00\",\"breadcrumb\":{\"@id\":\"https:\/\/grupoga230.com.br\/en\/product\/anel-oring\/#breadcrumb\"},\"inLanguage\":\"en-US\",\"potentialAction\":[{\"@type\":\"ReadAction\",\"target\":[\"https:\/\/grupoga230.com.br\/en\/product\/anel-oring\/\"]}]},{\"@type\":\"BreadcrumbList\",\"@id\":\"https:\/\/grupoga230.com.br\/en\/product\/anel-oring\/#breadcrumb\",\"itemListElement\":[{\"@type\":\"ListItem\",\"position\":1,\"name\":\"In\\u00edcio\",\"item\":\"https:\/\/grupoga230.com.br\/\"},{\"@type\":\"ListItem\",\"position\":2,\"name\":\"Produtos\",\"item\":\"https:\/\/grupoga230.com.br\/produtos\/\"},{\"@type\":\"ListItem\",\"position\":3,\"name\":\"Anel O&#8217;Ring\"}]}]}<\/script>\n<!-- \/ Yoast SEO plugin. -->","yoast_head_json":{"title":"Anel O'Ring &mdash; Grupo GA230","robots":{"index":"index","follow":"follow","max-snippet":"max-snippet:-1","max-image-preview":"max-image-preview:large","max-video-preview":"max-video-preview:-1"},"canonical":"https:\/\/grupoga230.com.br\/en\/product\/anel-oring\/","og_locale":"en_US","og_type":"article","og_title":"Anel O'Ring &mdash; Grupo GA230","og_description":"Os aneis tipo \u2018O s\u00e3o veda\u00e7\u00f5es em formato t\u00f3rico, comumente usados em eixos\/furos ou face. \u00c9 um sistema de veda\u00e7\u00e3o simples e eficaz, que pode ser utilizado em quase todas as solu\u00e7\u00f5es onde precisamos de um sistema que seja confi\u00e1vel e de f\u00e1cil manuten\u00e7\u00e3o.","og_url":"https:\/\/grupoga230.com.br\/en\/product\/anel-oring\/","og_site_name":"Grupo GA230","article_modified_time":"2020-01-28T14:21:35+00:00","og_image":[{"width":1000,"height":1000,"url":"https:\/\/grupoga230.com.br\/wp-content\/uploads\/2020\/01\/ORING.png","path":"\/home\/storage\/5\/a0\/7d\/grupoga2301\/public_html\/wp-content\/uploads\/2020\/01\/ORING.png","size":"full","id":978,"alt":"","pixels":1000000,"type":"image\/png"}],"twitter_card":"summary_large_image","schema":{"@context":"https:\/\/schema.org","@graph":[{"@type":"Organization","@id":"https:\/\/grupoga230.com.br\/#organization","name":"Grupo GA 230","url":"https:\/\/grupoga230.com.br\/","sameAs":[],"logo":{"@type":"ImageObject","@id":"https:\/\/grupoga230.com.br\/#logo","inLanguage":"en-US","url":"https:\/\/grupoga230.com.br\/wp-content\/uploads\/2019\/09\/Logo-Grupo-GA2303-2.png","contentUrl":"https:\/\/grupoga230.com.br\/wp-content\/uploads\/2019\/09\/Logo-Grupo-GA2303-2.png","width":100,"height":103,"caption":"Grupo GA 230"},"image":{"@id":"https:\/\/grupoga230.com.br\/#logo"}},{"@type":"WebSite","@id":"https:\/\/grupoga230.com.br\/#website","url":"https:\/\/grupoga230.com.br\/","name":"Grupo GA230","description":"Veda\u00e7\u00f5es T\u00e9cnicas em Borracha e Solu\u00e7\u00f5es em Poliuretano","publisher":{"@id":"https:\/\/grupoga230.com.br\/#organization"},"potentialAction":[{"@type":"SearchAction","target":{"@type":"EntryPoint","urlTemplate":"https:\/\/grupoga230.com.br\/?s={search_term_string}"},"query-input":"required name=search_term_string"}],"inLanguage":"en-US"},{"@type":"ImageObject","@id":"https:\/\/grupoga230.com.br\/en\/product\/anel-oring\/#primaryimage","inLanguage":"en-US","url":"https:\/\/grupoga230.com.br\/wp-content\/uploads\/2020\/01\/ORING.png","contentUrl":"https:\/\/grupoga230.com.br\/wp-content\/uploads\/2020\/01\/ORING.png","width":1000,"height":1000},{"@type":"WebPage","@id":"https:\/\/grupoga230.com.br\/en\/product\/anel-oring\/#webpage","url":"https:\/\/grupoga230.com.br\/en\/product\/anel-oring\/","name":"Anel O'Ring &mdash; Grupo GA230","isPartOf":{"@id":"https:\/\/grupoga230.com.br\/#website"},"primaryImageOfPage":{"@id":"https:\/\/grupoga230.com.br\/en\/product\/anel-oring\/#primaryimage"},"datePublished":"2020-01-28T13:36:03+00:00","dateModified":"2020-01-28T14:21:35+00:00","breadcrumb":{"@id":"https:\/\/grupoga230.com.br\/en\/product\/anel-oring\/#breadcrumb"},"inLanguage":"en-US","potentialAction":[{"@type":"ReadAction","target":["https:\/\/grupoga230.com.br\/en\/product\/anel-oring\/"]}]},{"@type":"BreadcrumbList","@id":"https:\/\/grupoga230.com.br\/en\/product\/anel-oring\/#breadcrumb","itemListElement":[{"@type":"ListItem","position":1,"name":"In\u00edcio","item":"https:\/\/grupoga230.com.br\/"},{"@type":"ListItem","position":2,"name":"Produtos","item":"https:\/\/grupoga230.com.br\/produtos\/"},{"@type":"ListItem","position":3,"name":"Anel O&#8217;Ring"}]}]}},"_links":{"self":[{"href":"https:\/\/grupoga230.com.br\/en\/wp-json\/wp\/v2\/product\/975"}],"collection":[{"href":"https:\/\/grupoga230.com.br\/en\/wp-json\/wp\/v2\/product"}],"about":[{"href":"https:\/\/grupoga230.com.br\/en\/wp-json\/wp\/v2\/types\/product"}],"wp:featuredmedia":[{"embeddable":true,"href":"https:\/\/grupoga230.com.br\/en\/wp-json\/wp\/v2\/media\/978"}],"wp:attachment":[{"href":"https:\/\/grupoga230.com.br\/en\/wp-json\/wp\/v2\/media?parent=975"}],"wp:term":[{"taxonomy":"product_cat","embeddable":true,"href":"https:\/\/grupoga230.com.br\/en\/wp-json\/wp\/v2\/product_cat?post=975"},{"taxonomy":"product_tag","embeddable":true,"href":"https:\/\/grupoga230.com.br\/en\/wp-json\/wp\/v2\/product_tag?post=975"}],"curies":[{"name":"wp","href":"https:\/\/api.w.org\/{rel}","templated":true}]}}