{"id":636,"date":"2019-11-18T10:00:23","date_gmt":"2019-11-18T13:00:23","guid":{"rendered":"https:\/\/grupoga230.com.br\/?post_type=product&#038;p=636"},"modified":"2020-01-21T00:46:54","modified_gmt":"2020-01-21T03:46:54","slug":"parking-place","status":"publish","type":"product","link":"https:\/\/grupoga230.com.br\/en\/product\/parking-place\/","title":{"rendered":"Parking Place"},"content":{"rendered":"","protected":false},"excerpt":{"rendered":"<p><strong>Main features:<\/strong><\/p>\n<p>\u2022 Work strain: N\/A;<\/p>\n<p>\u2022 Depth: 2500 m<\/p>\n<p>\u2022 Model: Dual hot stab;<\/p>\n<p>\u2022 Dry weight: 0.49kg (1,08 lb);<\/p>\n<p>\u2022 Wet weight: 0,08 kg (0,18 lb)<\/p>\n<p>&nbsp;<\/p>\n<p><strong>Advantages:<\/strong><\/p>\n<table width=\"713\">\n<tbody>\n<tr>\n<td width=\"246\"><b>Weight<\/b><\/td>\n<td width=\"466\"><b>The <\/b><b>costs<\/b><b> reduction <\/b><b>is<\/b> <b>associated<\/b><b> with <\/b><b>costs<\/b><b> savings <\/b><b>and<\/b><b> and <\/b><b>aumento<\/b><b> da <\/b><b>manuseabilidade<\/b> <b>por<\/b><b> ROV.<\/b><\/td>\n<\/tr>\n<tr>\n<td width=\"246\">Manufacturing time<\/td>\n<td width=\"466\">Manufacturing time compared to traditional drops from 60 days to 10 days or less.<\/td>\n<\/tr>\n<tr>\n<td width=\"246\">Costs<\/td>\n<td width=\"466\">The manufacturing method reduces the final cost by up to 4 times.<\/td>\n<\/tr>\n<tr>\n<td width=\"246\">Sustainability<\/td>\n<td width=\"466\">The production uses molds. There is no waste of raw material, besides the reduction of inputs normally used in the machining processes.<\/td>\n<\/tr>\n<tr>\n<td width=\"246\">Interchangeability<\/td>\n<td width=\"466\">You do not need to change your project.<\/td>\n<\/tr>\n<tr>\n<td width=\"246\">Dimensional control<\/td>\n<td width=\"466\">Production with injection molds guarantees dimensional stability.<\/td>\n<\/tr>\n<\/tbody>\n<\/table>","protected":false},"featured_media":630,"template":"","meta":[],"product_cat":[248],"product_tag":[],"yoast_head":"<!-- This site is optimized with the Yoast SEO plugin v16.7 - https:\/\/yoast.com\/wordpress\/plugins\/seo\/ -->\n<title>Parking Place &mdash; Grupo GA230<\/title>\n<meta name=\"robots\" content=\"index, follow, max-snippet:-1, max-image-preview:large, max-video-preview:-1\" \/>\n<link rel=\"canonical\" href=\"https:\/\/grupoga230.com.br\/en\/product\/parking-place\/\" \/>\n<meta property=\"og:locale\" content=\"en_US\" \/>\n<meta property=\"og:type\" content=\"article\" \/>\n<meta property=\"og:title\" content=\"Parking Place &mdash; Grupo GA230\" \/>\n<meta property=\"og:description\" content=\"Caracter\u00edsticas:  \u2022 Press\u00e3o de trabalho: N\/A;  \u2022 Profundidade: 2500 metros;  \u2022 Modelo: Dual hot stab;  \u2022 Peso seco: 0,49 kg (1,08 lb);  \u2022 Peso molhado: 0,08 kg (0,18 lb).  &nbsp;  Vantagens:    Peso A redu\u00e7\u00e3o de peso est\u00e1 associada a redu\u00e7\u00e3o de custo e aumento da manuseabilidade por ROV.   Tempo de fabrica\u00e7\u00e3o Tempo de fabrica\u00e7\u00e3o em rela\u00e7\u00e3o ao tradicional cai de 60 dias para 10 dias ou menos.   Custo O m\u00e9todo de fabrica\u00e7\u00e3o reduz o custo final em at\u00e9 4 vezes.   Sustentabilidade A fabrica\u00e7\u00e3o utiliza moldes, ou seja, n\u00e3o h\u00e1 desperd\u00edcio de mat\u00e9ria-prima, al\u00e9m da redu\u00e7\u00e3o de insumos utilizados normalmente nos processos de usinagem.   Intercambiabilidade Voc\u00ea n\u00e3o precise mudar o seu projeto.   Controle dimensional A produ\u00e7\u00e3o com Moldes de inje\u00e7\u00e3o garantem estabilidade dimensional.\" \/>\n<meta property=\"og:url\" content=\"https:\/\/grupoga230.com.br\/en\/product\/parking-place\/\" \/>\n<meta property=\"og:site_name\" content=\"Grupo GA230\" \/>\n<meta property=\"article:modified_time\" content=\"2020-01-21T03:46:54+00:00\" \/>\n<meta property=\"og:image\" content=\"https:\/\/grupoga230.com.br\/wp-content\/uploads\/2019\/11\/Prod-Petros-Seals-006.jpg\" \/>\n\t<meta property=\"og:image:width\" content=\"1000\" \/>\n\t<meta property=\"og:image:height\" content=\"1000\" \/>\n<meta name=\"twitter:card\" content=\"summary_large_image\" \/>\n<script type=\"application\/ld+json\" class=\"yoast-schema-graph\">{\"@context\":\"https:\/\/schema.org\",\"@graph\":[{\"@type\":\"Organization\",\"@id\":\"https:\/\/grupoga230.com.br\/#organization\",\"name\":\"Grupo GA 230\",\"url\":\"https:\/\/grupoga230.com.br\/\",\"sameAs\":[],\"logo\":{\"@type\":\"ImageObject\",\"@id\":\"https:\/\/grupoga230.com.br\/#logo\",\"inLanguage\":\"en-US\",\"url\":\"https:\/\/grupoga230.com.br\/wp-content\/uploads\/2019\/09\/Logo-Grupo-GA2303-2.png\",\"contentUrl\":\"https:\/\/grupoga230.com.br\/wp-content\/uploads\/2019\/09\/Logo-Grupo-GA2303-2.png\",\"width\":100,\"height\":103,\"caption\":\"Grupo GA 230\"},\"image\":{\"@id\":\"https:\/\/grupoga230.com.br\/#logo\"}},{\"@type\":\"WebSite\",\"@id\":\"https:\/\/grupoga230.com.br\/#website\",\"url\":\"https:\/\/grupoga230.com.br\/\",\"name\":\"Grupo GA230\",\"description\":\"Veda\\u00e7\\u00f5es T\\u00e9cnicas em Borracha e Solu\\u00e7\\u00f5es em Poliuretano\",\"publisher\":{\"@id\":\"https:\/\/grupoga230.com.br\/#organization\"},\"potentialAction\":[{\"@type\":\"SearchAction\",\"target\":{\"@type\":\"EntryPoint\",\"urlTemplate\":\"https:\/\/grupoga230.com.br\/?s={search_term_string}\"},\"query-input\":\"required name=search_term_string\"}],\"inLanguage\":\"en-US\"},{\"@type\":\"ImageObject\",\"@id\":\"https:\/\/grupoga230.com.br\/en\/product\/parking-place\/#primaryimage\",\"inLanguage\":\"en-US\",\"url\":\"https:\/\/grupoga230.com.br\/wp-content\/uploads\/2019\/11\/Prod-Petros-Seals-006.jpg\",\"contentUrl\":\"https:\/\/grupoga230.com.br\/wp-content\/uploads\/2019\/11\/Prod-Petros-Seals-006.jpg\",\"width\":1000,\"height\":1000},{\"@type\":\"WebPage\",\"@id\":\"https:\/\/grupoga230.com.br\/en\/product\/parking-place\/#webpage\",\"url\":\"https:\/\/grupoga230.com.br\/en\/product\/parking-place\/\",\"name\":\"Parking Place &mdash; Grupo GA230\",\"isPartOf\":{\"@id\":\"https:\/\/grupoga230.com.br\/#website\"},\"primaryImageOfPage\":{\"@id\":\"https:\/\/grupoga230.com.br\/en\/product\/parking-place\/#primaryimage\"},\"datePublished\":\"2019-11-18T13:00:23+00:00\",\"dateModified\":\"2020-01-21T03:46:54+00:00\",\"breadcrumb\":{\"@id\":\"https:\/\/grupoga230.com.br\/en\/product\/parking-place\/#breadcrumb\"},\"inLanguage\":\"en-US\",\"potentialAction\":[{\"@type\":\"ReadAction\",\"target\":[\"https:\/\/grupoga230.com.br\/en\/product\/parking-place\/\"]}]},{\"@type\":\"BreadcrumbList\",\"@id\":\"https:\/\/grupoga230.com.br\/en\/product\/parking-place\/#breadcrumb\",\"itemListElement\":[{\"@type\":\"ListItem\",\"position\":1,\"name\":\"In\\u00edcio\",\"item\":\"https:\/\/grupoga230.com.br\/\"},{\"@type\":\"ListItem\",\"position\":2,\"name\":\"Produtos\",\"item\":\"https:\/\/grupoga230.com.br\/produtos\/\"},{\"@type\":\"ListItem\",\"position\":3,\"name\":\"Parking Place\"}]}]}<\/script>\n<!-- \/ Yoast SEO plugin. -->","yoast_head_json":{"title":"Parking Place &mdash; Grupo GA230","robots":{"index":"index","follow":"follow","max-snippet":"max-snippet:-1","max-image-preview":"max-image-preview:large","max-video-preview":"max-video-preview:-1"},"canonical":"https:\/\/grupoga230.com.br\/en\/product\/parking-place\/","og_locale":"en_US","og_type":"article","og_title":"Parking Place &mdash; Grupo GA230","og_description":"Caracter\u00edsticas:  \u2022 Press\u00e3o de trabalho: N\/A;  \u2022 Profundidade: 2500 metros;  \u2022 Modelo: Dual hot stab;  \u2022 Peso seco: 0,49 kg (1,08 lb);  \u2022 Peso molhado: 0,08 kg (0,18 lb).  &nbsp;  Vantagens:    Peso A redu\u00e7\u00e3o de peso est\u00e1 associada a redu\u00e7\u00e3o de custo e aumento da manuseabilidade por ROV.   Tempo de fabrica\u00e7\u00e3o Tempo de fabrica\u00e7\u00e3o em rela\u00e7\u00e3o ao tradicional cai de 60 dias para 10 dias ou menos.   Custo O m\u00e9todo de fabrica\u00e7\u00e3o reduz o custo final em at\u00e9 4 vezes.   Sustentabilidade A fabrica\u00e7\u00e3o utiliza moldes, ou seja, n\u00e3o h\u00e1 desperd\u00edcio de mat\u00e9ria-prima, al\u00e9m da redu\u00e7\u00e3o de insumos utilizados normalmente nos processos de usinagem.   Intercambiabilidade Voc\u00ea n\u00e3o precise mudar o seu projeto.   Controle dimensional A produ\u00e7\u00e3o com Moldes de inje\u00e7\u00e3o garantem estabilidade dimensional.","og_url":"https:\/\/grupoga230.com.br\/en\/product\/parking-place\/","og_site_name":"Grupo GA230","article_modified_time":"2020-01-21T03:46:54+00:00","og_image":[{"width":1000,"height":1000,"url":"https:\/\/grupoga230.com.br\/wp-content\/uploads\/2019\/11\/Prod-Petros-Seals-006.jpg","path":"\/home\/storage\/5\/a0\/7d\/grupoga2301\/public_html\/wp-content\/uploads\/2019\/11\/Prod-Petros-Seals-006.jpg","size":"full","id":630,"alt":"","pixels":1000000,"type":"image\/jpeg"}],"twitter_card":"summary_large_image","schema":{"@context":"https:\/\/schema.org","@graph":[{"@type":"Organization","@id":"https:\/\/grupoga230.com.br\/#organization","name":"Grupo GA 230","url":"https:\/\/grupoga230.com.br\/","sameAs":[],"logo":{"@type":"ImageObject","@id":"https:\/\/grupoga230.com.br\/#logo","inLanguage":"en-US","url":"https:\/\/grupoga230.com.br\/wp-content\/uploads\/2019\/09\/Logo-Grupo-GA2303-2.png","contentUrl":"https:\/\/grupoga230.com.br\/wp-content\/uploads\/2019\/09\/Logo-Grupo-GA2303-2.png","width":100,"height":103,"caption":"Grupo GA 230"},"image":{"@id":"https:\/\/grupoga230.com.br\/#logo"}},{"@type":"WebSite","@id":"https:\/\/grupoga230.com.br\/#website","url":"https:\/\/grupoga230.com.br\/","name":"Grupo GA230","description":"Veda\u00e7\u00f5es T\u00e9cnicas em Borracha e Solu\u00e7\u00f5es em Poliuretano","publisher":{"@id":"https:\/\/grupoga230.com.br\/#organization"},"potentialAction":[{"@type":"SearchAction","target":{"@type":"EntryPoint","urlTemplate":"https:\/\/grupoga230.com.br\/?s={search_term_string}"},"query-input":"required name=search_term_string"}],"inLanguage":"en-US"},{"@type":"ImageObject","@id":"https:\/\/grupoga230.com.br\/en\/product\/parking-place\/#primaryimage","inLanguage":"en-US","url":"https:\/\/grupoga230.com.br\/wp-content\/uploads\/2019\/11\/Prod-Petros-Seals-006.jpg","contentUrl":"https:\/\/grupoga230.com.br\/wp-content\/uploads\/2019\/11\/Prod-Petros-Seals-006.jpg","width":1000,"height":1000},{"@type":"WebPage","@id":"https:\/\/grupoga230.com.br\/en\/product\/parking-place\/#webpage","url":"https:\/\/grupoga230.com.br\/en\/product\/parking-place\/","name":"Parking Place &mdash; Grupo GA230","isPartOf":{"@id":"https:\/\/grupoga230.com.br\/#website"},"primaryImageOfPage":{"@id":"https:\/\/grupoga230.com.br\/en\/product\/parking-place\/#primaryimage"},"datePublished":"2019-11-18T13:00:23+00:00","dateModified":"2020-01-21T03:46:54+00:00","breadcrumb":{"@id":"https:\/\/grupoga230.com.br\/en\/product\/parking-place\/#breadcrumb"},"inLanguage":"en-US","potentialAction":[{"@type":"ReadAction","target":["https:\/\/grupoga230.com.br\/en\/product\/parking-place\/"]}]},{"@type":"BreadcrumbList","@id":"https:\/\/grupoga230.com.br\/en\/product\/parking-place\/#breadcrumb","itemListElement":[{"@type":"ListItem","position":1,"name":"In\u00edcio","item":"https:\/\/grupoga230.com.br\/"},{"@type":"ListItem","position":2,"name":"Produtos","item":"https:\/\/grupoga230.com.br\/produtos\/"},{"@type":"ListItem","position":3,"name":"Parking Place"}]}]}},"_links":{"self":[{"href":"https:\/\/grupoga230.com.br\/en\/wp-json\/wp\/v2\/product\/636"}],"collection":[{"href":"https:\/\/grupoga230.com.br\/en\/wp-json\/wp\/v2\/product"}],"about":[{"href":"https:\/\/grupoga230.com.br\/en\/wp-json\/wp\/v2\/types\/product"}],"wp:featuredmedia":[{"embeddable":true,"href":"https:\/\/grupoga230.com.br\/en\/wp-json\/wp\/v2\/media\/630"}],"wp:attachment":[{"href":"https:\/\/grupoga230.com.br\/en\/wp-json\/wp\/v2\/media?parent=636"}],"wp:term":[{"taxonomy":"product_cat","embeddable":true,"href":"https:\/\/grupoga230.com.br\/en\/wp-json\/wp\/v2\/product_cat?post=636"},{"taxonomy":"product_tag","embeddable":true,"href":"https:\/\/grupoga230.com.br\/en\/wp-json\/wp\/v2\/product_tag?post=636"}],"curies":[{"name":"wp","href":"https:\/\/api.w.org\/{rel}","templated":true}]}}