{"id":626,"date":"2019-11-18T09:47:03","date_gmt":"2019-11-18T12:47:03","guid":{"rendered":"https:\/\/grupoga230.com.br\/?post_type=product&#038;p=626"},"modified":"2020-01-21T00:47:21","modified_gmt":"2020-01-21T03:47:21","slug":"rov-classe-4-da-iso-13628-8","status":"publish","type":"product","link":"https:\/\/grupoga230.com.br\/en\/product\/rov-classe-4-da-iso-13628-8\/","title":{"rendered":"ISO 13628-8 CLASS 4 ROV"},"content":{"rendered":"","protected":false},"excerpt":{"rendered":"<p>The project consists of changing the interface raw material of ISO 13628-8 Class 4 ROV interface from carbon steel to composite.<\/p>\n<p>The change should bring weight and cost reduction in the manufacture of interfaces.<\/p>\n<p>&nbsp;<\/p>\n<p><strong>For capacity analysis, the following were considered:<\/strong><\/p>\n<p>Torque interface 2000 lbf.ft;<\/p>\n<p>Rear torque 2000 lf.ft;<\/p>\n<p>Maximum vertical weight;<\/p>\n<p>Maximum axial traction.<\/p>","protected":false},"featured_media":625,"template":"","meta":[],"product_cat":[248],"product_tag":[],"yoast_head":"<!-- This site is optimized with the Yoast SEO plugin v16.7 - https:\/\/yoast.com\/wordpress\/plugins\/seo\/ -->\n<title>ROV Classe 4 da ISO 13628-8 &mdash; Grupo GA230<\/title>\n<meta name=\"robots\" content=\"index, follow, max-snippet:-1, max-image-preview:large, max-video-preview:-1\" \/>\n<link rel=\"canonical\" href=\"https:\/\/grupoga230.com.br\/en\/product\/rov-classe-4-da-iso-13628-8\/\" \/>\n<meta property=\"og:locale\" content=\"en_US\" \/>\n<meta property=\"og:type\" content=\"article\" \/>\n<meta property=\"og:title\" content=\"ROV Classe 4 da ISO 13628-8 &mdash; Grupo GA230\" \/>\n<meta property=\"og:description\" content=\"O projeto consiste em alterar a mat\u00e9ria-prima da interface para ROV Classe 4 da ISO 13628-8 de a\u00e7o carbono para comp\u00f3sito. O comp\u00f3sito utilizado \u00e9 o C900000 que possui grande resist\u00eancia a tra\u00e7\u00e3o e compress\u00e3o.  A altera\u00e7\u00e3o dever\u00e1 traz redu\u00e7\u00e3o de peso e custo na confec\u00e7\u00e3o das interfaces. A interface \u00e9 projetada para uma vida \u00fatil de 30 anos.  &nbsp;  Capacidade:  \u2022 Torque interface de 2000 lbf.ft;  \u2022 Torque posterior de 2000 lf.ft;  \u2022 M\u00e1ximo peso vertical;  \u2022 M\u00e1xima tra\u00e7\u00e3o no sentido axial.\" \/>\n<meta property=\"og:url\" content=\"https:\/\/grupoga230.com.br\/en\/product\/rov-classe-4-da-iso-13628-8\/\" \/>\n<meta property=\"og:site_name\" content=\"Grupo GA230\" \/>\n<meta property=\"article:modified_time\" content=\"2020-01-21T03:47:21+00:00\" \/>\n<meta property=\"og:image\" content=\"https:\/\/grupoga230.com.br\/wp-content\/uploads\/2019\/11\/Prod-Petros-Seals-001.jpg\" \/>\n\t<meta property=\"og:image:width\" content=\"1000\" \/>\n\t<meta property=\"og:image:height\" content=\"1000\" \/>\n<meta name=\"twitter:card\" content=\"summary_large_image\" \/>\n<script type=\"application\/ld+json\" class=\"yoast-schema-graph\">{\"@context\":\"https:\/\/schema.org\",\"@graph\":[{\"@type\":\"Organization\",\"@id\":\"https:\/\/grupoga230.com.br\/#organization\",\"name\":\"Grupo GA 230\",\"url\":\"https:\/\/grupoga230.com.br\/\",\"sameAs\":[],\"logo\":{\"@type\":\"ImageObject\",\"@id\":\"https:\/\/grupoga230.com.br\/#logo\",\"inLanguage\":\"en-US\",\"url\":\"https:\/\/grupoga230.com.br\/wp-content\/uploads\/2019\/09\/Logo-Grupo-GA2303-2.png\",\"contentUrl\":\"https:\/\/grupoga230.com.br\/wp-content\/uploads\/2019\/09\/Logo-Grupo-GA2303-2.png\",\"width\":100,\"height\":103,\"caption\":\"Grupo GA 230\"},\"image\":{\"@id\":\"https:\/\/grupoga230.com.br\/#logo\"}},{\"@type\":\"WebSite\",\"@id\":\"https:\/\/grupoga230.com.br\/#website\",\"url\":\"https:\/\/grupoga230.com.br\/\",\"name\":\"Grupo GA230\",\"description\":\"Veda\\u00e7\\u00f5es T\\u00e9cnicas em Borracha e Solu\\u00e7\\u00f5es em Poliuretano\",\"publisher\":{\"@id\":\"https:\/\/grupoga230.com.br\/#organization\"},\"potentialAction\":[{\"@type\":\"SearchAction\",\"target\":{\"@type\":\"EntryPoint\",\"urlTemplate\":\"https:\/\/grupoga230.com.br\/?s={search_term_string}\"},\"query-input\":\"required name=search_term_string\"}],\"inLanguage\":\"en-US\"},{\"@type\":\"ImageObject\",\"@id\":\"https:\/\/grupoga230.com.br\/produto\/rov-classe-4-da-iso-13628-8\/#primaryimage\",\"inLanguage\":\"en-US\",\"url\":\"https:\/\/grupoga230.com.br\/wp-content\/uploads\/2019\/11\/Prod-Petros-Seals-001.jpg\",\"contentUrl\":\"https:\/\/grupoga230.com.br\/wp-content\/uploads\/2019\/11\/Prod-Petros-Seals-001.jpg\",\"width\":1000,\"height\":1000},{\"@type\":\"WebPage\",\"@id\":\"https:\/\/grupoga230.com.br\/produto\/rov-classe-4-da-iso-13628-8\/#webpage\",\"url\":\"https:\/\/grupoga230.com.br\/produto\/rov-classe-4-da-iso-13628-8\/\",\"name\":\"ROV Classe 4 da ISO 13628-8 &mdash; Grupo GA230\",\"isPartOf\":{\"@id\":\"https:\/\/grupoga230.com.br\/#website\"},\"primaryImageOfPage\":{\"@id\":\"https:\/\/grupoga230.com.br\/produto\/rov-classe-4-da-iso-13628-8\/#primaryimage\"},\"datePublished\":\"2019-11-18T12:47:03+00:00\",\"dateModified\":\"2020-01-21T03:47:21+00:00\",\"breadcrumb\":{\"@id\":\"https:\/\/grupoga230.com.br\/produto\/rov-classe-4-da-iso-13628-8\/#breadcrumb\"},\"inLanguage\":\"en-US\",\"potentialAction\":[{\"@type\":\"ReadAction\",\"target\":[\"https:\/\/grupoga230.com.br\/produto\/rov-classe-4-da-iso-13628-8\/\"]}]},{\"@type\":\"BreadcrumbList\",\"@id\":\"https:\/\/grupoga230.com.br\/produto\/rov-classe-4-da-iso-13628-8\/#breadcrumb\",\"itemListElement\":[{\"@type\":\"ListItem\",\"position\":1,\"name\":\"In\\u00edcio\",\"item\":\"https:\/\/grupoga230.com.br\/\"},{\"@type\":\"ListItem\",\"position\":2,\"name\":\"Produtos\",\"item\":\"https:\/\/grupoga230.com.br\/produtos\/\"},{\"@type\":\"ListItem\",\"position\":3,\"name\":\"ROV Classe 4 da ISO 13628-8\"}]}]}<\/script>\n<!-- \/ Yoast SEO plugin. -->","yoast_head_json":{"title":"ROV Classe 4 da ISO 13628-8 &mdash; Grupo GA230","robots":{"index":"index","follow":"follow","max-snippet":"max-snippet:-1","max-image-preview":"max-image-preview:large","max-video-preview":"max-video-preview:-1"},"canonical":"https:\/\/grupoga230.com.br\/en\/product\/rov-classe-4-da-iso-13628-8\/","og_locale":"en_US","og_type":"article","og_title":"ROV Classe 4 da ISO 13628-8 &mdash; Grupo GA230","og_description":"O projeto consiste em alterar a mat\u00e9ria-prima da interface para ROV Classe 4 da ISO 13628-8 de a\u00e7o carbono para comp\u00f3sito. O comp\u00f3sito utilizado \u00e9 o C900000 que possui grande resist\u00eancia a tra\u00e7\u00e3o e compress\u00e3o.  A altera\u00e7\u00e3o dever\u00e1 traz redu\u00e7\u00e3o de peso e custo na confec\u00e7\u00e3o das interfaces. A interface \u00e9 projetada para uma vida \u00fatil de 30 anos.  &nbsp;  Capacidade:  \u2022 Torque interface de 2000 lbf.ft;  \u2022 Torque posterior de 2000 lf.ft;  \u2022 M\u00e1ximo peso vertical;  \u2022 M\u00e1xima tra\u00e7\u00e3o no sentido axial.","og_url":"https:\/\/grupoga230.com.br\/en\/product\/rov-classe-4-da-iso-13628-8\/","og_site_name":"Grupo GA230","article_modified_time":"2020-01-21T03:47:21+00:00","og_image":[{"width":1000,"height":1000,"url":"https:\/\/grupoga230.com.br\/wp-content\/uploads\/2019\/11\/Prod-Petros-Seals-001.jpg","path":"\/home\/storage\/5\/a0\/7d\/grupoga2301\/public_html\/wp-content\/uploads\/2019\/11\/Prod-Petros-Seals-001.jpg","size":"full","id":625,"alt":"","pixels":1000000,"type":"image\/jpeg"}],"twitter_card":"summary_large_image","schema":{"@context":"https:\/\/schema.org","@graph":[{"@type":"Organization","@id":"https:\/\/grupoga230.com.br\/#organization","name":"Grupo GA 230","url":"https:\/\/grupoga230.com.br\/","sameAs":[],"logo":{"@type":"ImageObject","@id":"https:\/\/grupoga230.com.br\/#logo","inLanguage":"en-US","url":"https:\/\/grupoga230.com.br\/wp-content\/uploads\/2019\/09\/Logo-Grupo-GA2303-2.png","contentUrl":"https:\/\/grupoga230.com.br\/wp-content\/uploads\/2019\/09\/Logo-Grupo-GA2303-2.png","width":100,"height":103,"caption":"Grupo GA 230"},"image":{"@id":"https:\/\/grupoga230.com.br\/#logo"}},{"@type":"WebSite","@id":"https:\/\/grupoga230.com.br\/#website","url":"https:\/\/grupoga230.com.br\/","name":"Grupo GA230","description":"Veda\u00e7\u00f5es T\u00e9cnicas em Borracha e Solu\u00e7\u00f5es em Poliuretano","publisher":{"@id":"https:\/\/grupoga230.com.br\/#organization"},"potentialAction":[{"@type":"SearchAction","target":{"@type":"EntryPoint","urlTemplate":"https:\/\/grupoga230.com.br\/?s={search_term_string}"},"query-input":"required name=search_term_string"}],"inLanguage":"en-US"},{"@type":"ImageObject","@id":"https:\/\/grupoga230.com.br\/produto\/rov-classe-4-da-iso-13628-8\/#primaryimage","inLanguage":"en-US","url":"https:\/\/grupoga230.com.br\/wp-content\/uploads\/2019\/11\/Prod-Petros-Seals-001.jpg","contentUrl":"https:\/\/grupoga230.com.br\/wp-content\/uploads\/2019\/11\/Prod-Petros-Seals-001.jpg","width":1000,"height":1000},{"@type":"WebPage","@id":"https:\/\/grupoga230.com.br\/produto\/rov-classe-4-da-iso-13628-8\/#webpage","url":"https:\/\/grupoga230.com.br\/produto\/rov-classe-4-da-iso-13628-8\/","name":"ROV Classe 4 da ISO 13628-8 &mdash; Grupo GA230","isPartOf":{"@id":"https:\/\/grupoga230.com.br\/#website"},"primaryImageOfPage":{"@id":"https:\/\/grupoga230.com.br\/produto\/rov-classe-4-da-iso-13628-8\/#primaryimage"},"datePublished":"2019-11-18T12:47:03+00:00","dateModified":"2020-01-21T03:47:21+00:00","breadcrumb":{"@id":"https:\/\/grupoga230.com.br\/produto\/rov-classe-4-da-iso-13628-8\/#breadcrumb"},"inLanguage":"en-US","potentialAction":[{"@type":"ReadAction","target":["https:\/\/grupoga230.com.br\/produto\/rov-classe-4-da-iso-13628-8\/"]}]},{"@type":"BreadcrumbList","@id":"https:\/\/grupoga230.com.br\/produto\/rov-classe-4-da-iso-13628-8\/#breadcrumb","itemListElement":[{"@type":"ListItem","position":1,"name":"In\u00edcio","item":"https:\/\/grupoga230.com.br\/"},{"@type":"ListItem","position":2,"name":"Produtos","item":"https:\/\/grupoga230.com.br\/produtos\/"},{"@type":"ListItem","position":3,"name":"ROV Classe 4 da ISO 13628-8"}]}]}},"_links":{"self":[{"href":"https:\/\/grupoga230.com.br\/en\/wp-json\/wp\/v2\/product\/626"}],"collection":[{"href":"https:\/\/grupoga230.com.br\/en\/wp-json\/wp\/v2\/product"}],"about":[{"href":"https:\/\/grupoga230.com.br\/en\/wp-json\/wp\/v2\/types\/product"}],"wp:featuredmedia":[{"embeddable":true,"href":"https:\/\/grupoga230.com.br\/en\/wp-json\/wp\/v2\/media\/625"}],"wp:attachment":[{"href":"https:\/\/grupoga230.com.br\/en\/wp-json\/wp\/v2\/media?parent=626"}],"wp:term":[{"taxonomy":"product_cat","embeddable":true,"href":"https:\/\/grupoga230.com.br\/en\/wp-json\/wp\/v2\/product_cat?post=626"},{"taxonomy":"product_tag","embeddable":true,"href":"https:\/\/grupoga230.com.br\/en\/wp-json\/wp\/v2\/product_tag?post=626"}],"curies":[{"name":"wp","href":"https:\/\/api.w.org\/{rel}","templated":true}]}}