{"id":515,"date":"2019-10-15T13:38:23","date_gmt":"2019-10-15T16:38:23","guid":{"rendered":"https:\/\/grupoga230.com.br\/?post_type=product&#038;p=515"},"modified":"2020-01-21T09:20:56","modified_gmt":"2020-01-21T12:20:56","slug":"ga-946","status":"publish","type":"product","link":"https:\/\/grupoga230.com.br\/en\/product\/ga-946\/","title":{"rendered":"GA 946"},"content":{"rendered":"<div data-elementor-type=\"wp-post\" data-elementor-id=\"515\" class=\"elementor elementor-515\" data-elementor-settings=\"[]\">\n\t\t\t\t\t\t<div class=\"elementor-inner\">\n\t\t\t\t\t\t\t<div class=\"elementor-section-wrap\">\n\t\t\t\t\t\t\t<section class=\"elementor-section elementor-top-section elementor-element elementor-element-c9b79f1 elementor-section-boxed elementor-section-height-default elementor-section-height-default\" data-id=\"c9b79f1\" data-element_type=\"section\">\n\t\t\t\t\t\t<div class=\"elementor-container elementor-column-gap-default\">\n\t\t\t\t\t\t\t<div class=\"elementor-row\">\n\t\t\t\t\t<div class=\"elementor-column elementor-col-100 elementor-top-column elementor-element elementor-element-05bae8d\" data-id=\"05bae8d\" data-element_type=\"column\">\n\t\t\t<div class=\"elementor-column-wrap elementor-element-populated\">\n\t\t\t\t\t\t\t<div class=\"elementor-widget-wrap\">\n\t\t\t\t\t\t<div class=\"elementor-element elementor-element-a8212ec elementor-align-center elementor-widget elementor-widget-button\" data-id=\"a8212ec\" data-element_type=\"widget\" data-widget_type=\"button.default\">\n\t\t\t\t<div class=\"elementor-widget-container\">\n\t\t\t\t\t<div class=\"elementor-button-wrapper\">\n\t\t\t<a href=\"https:\/\/grupoga230.com.br\/wp-content\/uploads\/2019\/11\/Boletim-T\u00e9cnico-Selante-neutro-GA-946-Vermelho.pdf\" class=\"elementor-button-link elementor-button elementor-size-sm\" role=\"button\">\n\t\t\t\t\t\t<span class=\"elementor-button-content-wrapper\">\n\t\t\t\t\t\t<span class=\"elementor-button-text\">Download our Technical Bulletin<\/span>\n\t\t<\/span>\n\t\t\t\t\t<\/a>\n\t\t<\/div>\n\t\t\t\t<\/div>\n\t\t\t\t<\/div>\n\t\t\t\t\t\t<\/div>\n\t\t\t\t\t<\/div>\n\t\t<\/div>\n\t\t\t\t\t\t\t\t<\/div>\n\t\t\t\t\t<\/div>\n\t\t<\/section>\n\t\t\t\t\t\t<\/div>\n\t\t\t\t\t\t<\/div>\n\t\t\t\t\t<\/div>","protected":false},"excerpt":{"rendered":"<p>Highly resistant neutral curing sealant at working temperature, red peaks of 330 \u00b0C.<\/p>\n<p>Application: metal assemblies, flexible and rigid flanges, central heating, air conditioning, refrigeration applications, etc.<\/p>\n<p>Available in 300g.<\/p>","protected":false},"featured_media":516,"template":"","meta":[],"product_cat":[251,249],"product_tag":[],"yoast_head":"<!-- This site is optimized with the Yoast SEO plugin v16.7 - https:\/\/yoast.com\/wordpress\/plugins\/seo\/ -->\n<title>GA 946 &mdash; Grupo GA230<\/title>\n<meta name=\"robots\" content=\"index, follow, max-snippet:-1, max-image-preview:large, max-video-preview:-1\" \/>\n<link rel=\"canonical\" href=\"https:\/\/grupoga230.com.br\/en\/product\/ga-946\/\" \/>\n<meta property=\"og:locale\" content=\"en_US\" \/>\n<meta property=\"og:type\" content=\"article\" \/>\n<meta property=\"og:title\" content=\"GA 946 &mdash; Grupo GA230\" \/>\n<meta property=\"og:description\" content=\"Selante de cura neutra de alta resist\u00eancia a temperatura de trabalho, picos de 330\u00b0C na cor vermelho.  Aplica\u00e7\u00e3o: montagens met\u00e1licas, flanges flex\u00edveis e r\u00edgidas, aplica\u00e7\u00f5es de aquecimento central, ar condicionado, refrigera\u00e7\u00e3o, etc.  Dispon\u00edvel em 300g.\" \/>\n<meta property=\"og:url\" content=\"https:\/\/grupoga230.com.br\/en\/product\/ga-946\/\" \/>\n<meta property=\"og:site_name\" content=\"Grupo GA230\" \/>\n<meta property=\"article:modified_time\" content=\"2020-01-21T12:20:56+00:00\" \/>\n<meta property=\"og:image\" content=\"https:\/\/grupoga230.com.br\/wp-content\/uploads\/2019\/10\/ga-946.png\" \/>\n\t<meta property=\"og:image:width\" content=\"1000\" \/>\n\t<meta property=\"og:image:height\" content=\"1000\" \/>\n<meta name=\"twitter:card\" content=\"summary_large_image\" \/>\n<script type=\"application\/ld+json\" class=\"yoast-schema-graph\">{\"@context\":\"https:\/\/schema.org\",\"@graph\":[{\"@type\":\"Organization\",\"@id\":\"https:\/\/grupoga230.com.br\/#organization\",\"name\":\"Grupo GA 230\",\"url\":\"https:\/\/grupoga230.com.br\/\",\"sameAs\":[],\"logo\":{\"@type\":\"ImageObject\",\"@id\":\"https:\/\/grupoga230.com.br\/#logo\",\"inLanguage\":\"en-US\",\"url\":\"https:\/\/grupoga230.com.br\/wp-content\/uploads\/2019\/09\/Logo-Grupo-GA2303-2.png\",\"contentUrl\":\"https:\/\/grupoga230.com.br\/wp-content\/uploads\/2019\/09\/Logo-Grupo-GA2303-2.png\",\"width\":100,\"height\":103,\"caption\":\"Grupo GA 230\"},\"image\":{\"@id\":\"https:\/\/grupoga230.com.br\/#logo\"}},{\"@type\":\"WebSite\",\"@id\":\"https:\/\/grupoga230.com.br\/#website\",\"url\":\"https:\/\/grupoga230.com.br\/\",\"name\":\"Grupo GA230\",\"description\":\"Veda\\u00e7\\u00f5es T\\u00e9cnicas em Borracha e Solu\\u00e7\\u00f5es em Poliuretano\",\"publisher\":{\"@id\":\"https:\/\/grupoga230.com.br\/#organization\"},\"potentialAction\":[{\"@type\":\"SearchAction\",\"target\":{\"@type\":\"EntryPoint\",\"urlTemplate\":\"https:\/\/grupoga230.com.br\/?s={search_term_string}\"},\"query-input\":\"required name=search_term_string\"}],\"inLanguage\":\"en-US\"},{\"@type\":\"ImageObject\",\"@id\":\"https:\/\/grupoga230.com.br\/en\/product\/ga-946\/#primaryimage\",\"inLanguage\":\"en-US\",\"url\":\"https:\/\/grupoga230.com.br\/wp-content\/uploads\/2019\/10\/ga-946.png\",\"contentUrl\":\"https:\/\/grupoga230.com.br\/wp-content\/uploads\/2019\/10\/ga-946.png\",\"width\":1000,\"height\":1000},{\"@type\":\"WebPage\",\"@id\":\"https:\/\/grupoga230.com.br\/en\/product\/ga-946\/#webpage\",\"url\":\"https:\/\/grupoga230.com.br\/en\/product\/ga-946\/\",\"name\":\"GA 946 &mdash; Grupo GA230\",\"isPartOf\":{\"@id\":\"https:\/\/grupoga230.com.br\/#website\"},\"primaryImageOfPage\":{\"@id\":\"https:\/\/grupoga230.com.br\/en\/product\/ga-946\/#primaryimage\"},\"datePublished\":\"2019-10-15T16:38:23+00:00\",\"dateModified\":\"2020-01-21T12:20:56+00:00\",\"breadcrumb\":{\"@id\":\"https:\/\/grupoga230.com.br\/en\/product\/ga-946\/#breadcrumb\"},\"inLanguage\":\"en-US\",\"potentialAction\":[{\"@type\":\"ReadAction\",\"target\":[\"https:\/\/grupoga230.com.br\/en\/product\/ga-946\/\"]}]},{\"@type\":\"BreadcrumbList\",\"@id\":\"https:\/\/grupoga230.com.br\/en\/product\/ga-946\/#breadcrumb\",\"itemListElement\":[{\"@type\":\"ListItem\",\"position\":1,\"name\":\"In\\u00edcio\",\"item\":\"https:\/\/grupoga230.com.br\/\"},{\"@type\":\"ListItem\",\"position\":2,\"name\":\"Produtos\",\"item\":\"https:\/\/grupoga230.com.br\/produtos\/\"},{\"@type\":\"ListItem\",\"position\":3,\"name\":\"GA 946\"}]}]}<\/script>\n<!-- \/ Yoast SEO plugin. -->","yoast_head_json":{"title":"GA 946 &mdash; Grupo GA230","robots":{"index":"index","follow":"follow","max-snippet":"max-snippet:-1","max-image-preview":"max-image-preview:large","max-video-preview":"max-video-preview:-1"},"canonical":"https:\/\/grupoga230.com.br\/en\/product\/ga-946\/","og_locale":"en_US","og_type":"article","og_title":"GA 946 &mdash; Grupo GA230","og_description":"Selante de cura neutra de alta resist\u00eancia a temperatura de trabalho, picos de 330\u00b0C na cor vermelho.  Aplica\u00e7\u00e3o: montagens met\u00e1licas, flanges flex\u00edveis e r\u00edgidas, aplica\u00e7\u00f5es de aquecimento central, ar condicionado, refrigera\u00e7\u00e3o, etc.  Dispon\u00edvel em 300g.","og_url":"https:\/\/grupoga230.com.br\/en\/product\/ga-946\/","og_site_name":"Grupo GA230","article_modified_time":"2020-01-21T12:20:56+00:00","og_image":[{"width":1000,"height":1000,"url":"https:\/\/grupoga230.com.br\/wp-content\/uploads\/2019\/10\/ga-946.png","path":"\/home\/storage\/5\/a0\/7d\/grupoga2301\/public_html\/wp-content\/uploads\/2019\/10\/ga-946.png","size":"full","id":516,"alt":"","pixels":1000000,"type":"image\/png"}],"twitter_card":"summary_large_image","schema":{"@context":"https:\/\/schema.org","@graph":[{"@type":"Organization","@id":"https:\/\/grupoga230.com.br\/#organization","name":"Grupo GA 230","url":"https:\/\/grupoga230.com.br\/","sameAs":[],"logo":{"@type":"ImageObject","@id":"https:\/\/grupoga230.com.br\/#logo","inLanguage":"en-US","url":"https:\/\/grupoga230.com.br\/wp-content\/uploads\/2019\/09\/Logo-Grupo-GA2303-2.png","contentUrl":"https:\/\/grupoga230.com.br\/wp-content\/uploads\/2019\/09\/Logo-Grupo-GA2303-2.png","width":100,"height":103,"caption":"Grupo GA 230"},"image":{"@id":"https:\/\/grupoga230.com.br\/#logo"}},{"@type":"WebSite","@id":"https:\/\/grupoga230.com.br\/#website","url":"https:\/\/grupoga230.com.br\/","name":"Grupo GA230","description":"Veda\u00e7\u00f5es T\u00e9cnicas em Borracha e Solu\u00e7\u00f5es em Poliuretano","publisher":{"@id":"https:\/\/grupoga230.com.br\/#organization"},"potentialAction":[{"@type":"SearchAction","target":{"@type":"EntryPoint","urlTemplate":"https:\/\/grupoga230.com.br\/?s={search_term_string}"},"query-input":"required name=search_term_string"}],"inLanguage":"en-US"},{"@type":"ImageObject","@id":"https:\/\/grupoga230.com.br\/en\/product\/ga-946\/#primaryimage","inLanguage":"en-US","url":"https:\/\/grupoga230.com.br\/wp-content\/uploads\/2019\/10\/ga-946.png","contentUrl":"https:\/\/grupoga230.com.br\/wp-content\/uploads\/2019\/10\/ga-946.png","width":1000,"height":1000},{"@type":"WebPage","@id":"https:\/\/grupoga230.com.br\/en\/product\/ga-946\/#webpage","url":"https:\/\/grupoga230.com.br\/en\/product\/ga-946\/","name":"GA 946 &mdash; Grupo GA230","isPartOf":{"@id":"https:\/\/grupoga230.com.br\/#website"},"primaryImageOfPage":{"@id":"https:\/\/grupoga230.com.br\/en\/product\/ga-946\/#primaryimage"},"datePublished":"2019-10-15T16:38:23+00:00","dateModified":"2020-01-21T12:20:56+00:00","breadcrumb":{"@id":"https:\/\/grupoga230.com.br\/en\/product\/ga-946\/#breadcrumb"},"inLanguage":"en-US","potentialAction":[{"@type":"ReadAction","target":["https:\/\/grupoga230.com.br\/en\/product\/ga-946\/"]}]},{"@type":"BreadcrumbList","@id":"https:\/\/grupoga230.com.br\/en\/product\/ga-946\/#breadcrumb","itemListElement":[{"@type":"ListItem","position":1,"name":"In\u00edcio","item":"https:\/\/grupoga230.com.br\/"},{"@type":"ListItem","position":2,"name":"Produtos","item":"https:\/\/grupoga230.com.br\/produtos\/"},{"@type":"ListItem","position":3,"name":"GA 946"}]}]}},"_links":{"self":[{"href":"https:\/\/grupoga230.com.br\/en\/wp-json\/wp\/v2\/product\/515"}],"collection":[{"href":"https:\/\/grupoga230.com.br\/en\/wp-json\/wp\/v2\/product"}],"about":[{"href":"https:\/\/grupoga230.com.br\/en\/wp-json\/wp\/v2\/types\/product"}],"wp:featuredmedia":[{"embeddable":true,"href":"https:\/\/grupoga230.com.br\/en\/wp-json\/wp\/v2\/media\/516"}],"wp:attachment":[{"href":"https:\/\/grupoga230.com.br\/en\/wp-json\/wp\/v2\/media?parent=515"}],"wp:term":[{"taxonomy":"product_cat","embeddable":true,"href":"https:\/\/grupoga230.com.br\/en\/wp-json\/wp\/v2\/product_cat?post=515"},{"taxonomy":"product_tag","embeddable":true,"href":"https:\/\/grupoga230.com.br\/en\/wp-json\/wp\/v2\/product_tag?post=515"}],"curies":[{"name":"wp","href":"https:\/\/api.w.org\/{rel}","templated":true}]}}