{"id":455,"date":"2019-10-07T14:02:00","date_gmt":"2019-10-07T17:02:00","guid":{"rendered":"https:\/\/grupoga230.com.br\/?post_type=product&#038;p=455"},"modified":"2020-01-21T14:18:50","modified_gmt":"2020-01-21T17:18:50","slug":"selo-para-cavidade-ax-2","status":"publish","type":"product","link":"https:\/\/grupoga230.com.br\/en\/product\/selo-para-cavidade-ax-2\/","title":{"rendered":"AX 2\" Seal"},"content":{"rendered":"","protected":false},"excerpt":{"rendered":"<p class=\" translation-block\">Features:\nPressure: 15,000 psi net\n10,000 psi gas\nWorking temperature: -5 \u00b0 C to 45 \u00b0 C\n\nRaw material:\nElastomeric seals: HNBR\nMetal frame: AISI 316\nSeals section: \u00d8 8mm\nSqueeze: 20 - 30%\nStretch: 5%\nMinimum diametral clearance: 0.05mm\nMaximum diametral clearance: 0.25mm\nSealing direction: bidirectional\nExpected number of tests before changing elastomeric seals: 5 to 8 tests\nWeight: 1.74 kg<\/p>","protected":false},"featured_media":456,"template":"","meta":[],"product_cat":[248,41],"product_tag":[],"yoast_head":"<!-- This site is optimized with the Yoast SEO plugin v16.7 - https:\/\/yoast.com\/wordpress\/plugins\/seo\/ -->\n<title>Selo para cavidade AX 2\u201d &mdash; Grupo GA230<\/title>\n<meta name=\"robots\" content=\"index, follow, max-snippet:-1, max-image-preview:large, max-video-preview:-1\" \/>\n<link rel=\"canonical\" href=\"https:\/\/grupoga230.com.br\/en\/product\/selo-para-cavidade-ax-2\/\" \/>\n<meta property=\"og:locale\" content=\"en_US\" \/>\n<meta property=\"og:type\" content=\"article\" \/>\n<meta property=\"og:title\" content=\"Selo para cavidade AX 2\u201d &mdash; Grupo GA230\" \/>\n<meta property=\"og:description\" content=\"Caracter\u00edsticas Press\u00e3o: 15.000 psi l\u00edquido 10.000 psi g\u00e1s Temperatura de trabalho: -5\u00b0C at\u00e9 45\u00b0C Mat\u00e9ria-prima: Selos elastom\u00e9ricos: HNBR Arma\u00e7\u00e3o met\u00e1lica: AISI 316 Se\u00e7\u00e3o dos selos: \u00d8 8mm Squeeze: 20 -30% Stretch: 5% Folga diametral m\u00ednima: 0,05mm Folga diametral m\u00e1xima: 0,25mm Sentido de veda\u00e7\u00e3o: bidirecional N\u00famero previsto de testes antes da troca dos selos elastom\u00e9ricos: de 5 a 8 testes Peso: 0,79 kg\" \/>\n<meta property=\"og:url\" content=\"https:\/\/grupoga230.com.br\/en\/product\/selo-para-cavidade-ax-2\/\" \/>\n<meta property=\"og:site_name\" content=\"Grupo GA230\" \/>\n<meta property=\"article:modified_time\" content=\"2020-01-21T17:18:50+00:00\" \/>\n<meta property=\"og:image\" content=\"https:\/\/grupoga230.com.br\/wp-content\/uploads\/2019\/10\/GA230-A-1000-1000-001p.jpg\" \/>\n\t<meta property=\"og:image:width\" content=\"1000\" \/>\n\t<meta property=\"og:image:height\" content=\"1000\" \/>\n<meta name=\"twitter:card\" content=\"summary_large_image\" \/>\n<script type=\"application\/ld+json\" class=\"yoast-schema-graph\">{\"@context\":\"https:\/\/schema.org\",\"@graph\":[{\"@type\":\"Organization\",\"@id\":\"https:\/\/grupoga230.com.br\/#organization\",\"name\":\"Grupo GA 230\",\"url\":\"https:\/\/grupoga230.com.br\/\",\"sameAs\":[],\"logo\":{\"@type\":\"ImageObject\",\"@id\":\"https:\/\/grupoga230.com.br\/#logo\",\"inLanguage\":\"en-US\",\"url\":\"https:\/\/grupoga230.com.br\/wp-content\/uploads\/2019\/09\/Logo-Grupo-GA2303-2.png\",\"contentUrl\":\"https:\/\/grupoga230.com.br\/wp-content\/uploads\/2019\/09\/Logo-Grupo-GA2303-2.png\",\"width\":100,\"height\":103,\"caption\":\"Grupo GA 230\"},\"image\":{\"@id\":\"https:\/\/grupoga230.com.br\/#logo\"}},{\"@type\":\"WebSite\",\"@id\":\"https:\/\/grupoga230.com.br\/#website\",\"url\":\"https:\/\/grupoga230.com.br\/\",\"name\":\"Grupo GA230\",\"description\":\"Veda\\u00e7\\u00f5es T\\u00e9cnicas em Borracha e Solu\\u00e7\\u00f5es em Poliuretano\",\"publisher\":{\"@id\":\"https:\/\/grupoga230.com.br\/#organization\"},\"potentialAction\":[{\"@type\":\"SearchAction\",\"target\":{\"@type\":\"EntryPoint\",\"urlTemplate\":\"https:\/\/grupoga230.com.br\/?s={search_term_string}\"},\"query-input\":\"required name=search_term_string\"}],\"inLanguage\":\"en-US\"},{\"@type\":\"ImageObject\",\"@id\":\"https:\/\/grupoga230.com.br\/en\/product\/selo-para-cavidade-ax-2\/#primaryimage\",\"inLanguage\":\"en-US\",\"url\":\"https:\/\/grupoga230.com.br\/wp-content\/uploads\/2019\/10\/GA230-A-1000-1000-001p.jpg\",\"contentUrl\":\"https:\/\/grupoga230.com.br\/wp-content\/uploads\/2019\/10\/GA230-A-1000-1000-001p.jpg\",\"width\":1000,\"height\":1000,\"caption\":\"Selo para cavidade AX 2\\\"\"},{\"@type\":\"WebPage\",\"@id\":\"https:\/\/grupoga230.com.br\/en\/product\/selo-para-cavidade-ax-2\/#webpage\",\"url\":\"https:\/\/grupoga230.com.br\/en\/product\/selo-para-cavidade-ax-2\/\",\"name\":\"Selo para cavidade AX 2\\u201d &mdash; Grupo GA230\",\"isPartOf\":{\"@id\":\"https:\/\/grupoga230.com.br\/#website\"},\"primaryImageOfPage\":{\"@id\":\"https:\/\/grupoga230.com.br\/en\/product\/selo-para-cavidade-ax-2\/#primaryimage\"},\"datePublished\":\"2019-10-07T17:02:00+00:00\",\"dateModified\":\"2020-01-21T17:18:50+00:00\",\"breadcrumb\":{\"@id\":\"https:\/\/grupoga230.com.br\/en\/product\/selo-para-cavidade-ax-2\/#breadcrumb\"},\"inLanguage\":\"en-US\",\"potentialAction\":[{\"@type\":\"ReadAction\",\"target\":[\"https:\/\/grupoga230.com.br\/en\/product\/selo-para-cavidade-ax-2\/\"]}]},{\"@type\":\"BreadcrumbList\",\"@id\":\"https:\/\/grupoga230.com.br\/en\/product\/selo-para-cavidade-ax-2\/#breadcrumb\",\"itemListElement\":[{\"@type\":\"ListItem\",\"position\":1,\"name\":\"In\\u00edcio\",\"item\":\"https:\/\/grupoga230.com.br\/\"},{\"@type\":\"ListItem\",\"position\":2,\"name\":\"Produtos\",\"item\":\"https:\/\/grupoga230.com.br\/produtos\/\"},{\"@type\":\"ListItem\",\"position\":3,\"name\":\"Selo para cavidade AX 2\\u201d\"}]}]}<\/script>\n<!-- \/ Yoast SEO plugin. -->","yoast_head_json":{"title":"Selo para cavidade AX 2\u201d &mdash; Grupo GA230","robots":{"index":"index","follow":"follow","max-snippet":"max-snippet:-1","max-image-preview":"max-image-preview:large","max-video-preview":"max-video-preview:-1"},"canonical":"https:\/\/grupoga230.com.br\/en\/product\/selo-para-cavidade-ax-2\/","og_locale":"en_US","og_type":"article","og_title":"Selo para cavidade AX 2\u201d &mdash; Grupo GA230","og_description":"Caracter\u00edsticas Press\u00e3o: 15.000 psi l\u00edquido 10.000 psi g\u00e1s Temperatura de trabalho: -5\u00b0C at\u00e9 45\u00b0C Mat\u00e9ria-prima: Selos elastom\u00e9ricos: HNBR Arma\u00e7\u00e3o met\u00e1lica: AISI 316 Se\u00e7\u00e3o dos selos: \u00d8 8mm Squeeze: 20 -30% Stretch: 5% Folga diametral m\u00ednima: 0,05mm Folga diametral m\u00e1xima: 0,25mm Sentido de veda\u00e7\u00e3o: bidirecional N\u00famero previsto de testes antes da troca dos selos elastom\u00e9ricos: de 5 a 8 testes Peso: 0,79 kg","og_url":"https:\/\/grupoga230.com.br\/en\/product\/selo-para-cavidade-ax-2\/","og_site_name":"Grupo GA230","article_modified_time":"2020-01-21T17:18:50+00:00","og_image":[{"width":1000,"height":1000,"url":"https:\/\/grupoga230.com.br\/wp-content\/uploads\/2019\/10\/GA230-A-1000-1000-001p.jpg","path":"\/home\/storage\/5\/a0\/7d\/grupoga2301\/public_html\/wp-content\/uploads\/2019\/10\/GA230-A-1000-1000-001p.jpg","size":"full","id":456,"alt":"Selo para cavidade AX 2\"","pixels":1000000,"type":"image\/jpeg"}],"twitter_card":"summary_large_image","schema":{"@context":"https:\/\/schema.org","@graph":[{"@type":"Organization","@id":"https:\/\/grupoga230.com.br\/#organization","name":"Grupo GA 230","url":"https:\/\/grupoga230.com.br\/","sameAs":[],"logo":{"@type":"ImageObject","@id":"https:\/\/grupoga230.com.br\/#logo","inLanguage":"en-US","url":"https:\/\/grupoga230.com.br\/wp-content\/uploads\/2019\/09\/Logo-Grupo-GA2303-2.png","contentUrl":"https:\/\/grupoga230.com.br\/wp-content\/uploads\/2019\/09\/Logo-Grupo-GA2303-2.png","width":100,"height":103,"caption":"Grupo GA 230"},"image":{"@id":"https:\/\/grupoga230.com.br\/#logo"}},{"@type":"WebSite","@id":"https:\/\/grupoga230.com.br\/#website","url":"https:\/\/grupoga230.com.br\/","name":"Grupo GA230","description":"Veda\u00e7\u00f5es T\u00e9cnicas em Borracha e Solu\u00e7\u00f5es em Poliuretano","publisher":{"@id":"https:\/\/grupoga230.com.br\/#organization"},"potentialAction":[{"@type":"SearchAction","target":{"@type":"EntryPoint","urlTemplate":"https:\/\/grupoga230.com.br\/?s={search_term_string}"},"query-input":"required name=search_term_string"}],"inLanguage":"en-US"},{"@type":"ImageObject","@id":"https:\/\/grupoga230.com.br\/en\/product\/selo-para-cavidade-ax-2\/#primaryimage","inLanguage":"en-US","url":"https:\/\/grupoga230.com.br\/wp-content\/uploads\/2019\/10\/GA230-A-1000-1000-001p.jpg","contentUrl":"https:\/\/grupoga230.com.br\/wp-content\/uploads\/2019\/10\/GA230-A-1000-1000-001p.jpg","width":1000,"height":1000,"caption":"Selo para cavidade AX 2\""},{"@type":"WebPage","@id":"https:\/\/grupoga230.com.br\/en\/product\/selo-para-cavidade-ax-2\/#webpage","url":"https:\/\/grupoga230.com.br\/en\/product\/selo-para-cavidade-ax-2\/","name":"Selo para cavidade AX 2\u201d &mdash; Grupo GA230","isPartOf":{"@id":"https:\/\/grupoga230.com.br\/#website"},"primaryImageOfPage":{"@id":"https:\/\/grupoga230.com.br\/en\/product\/selo-para-cavidade-ax-2\/#primaryimage"},"datePublished":"2019-10-07T17:02:00+00:00","dateModified":"2020-01-21T17:18:50+00:00","breadcrumb":{"@id":"https:\/\/grupoga230.com.br\/en\/product\/selo-para-cavidade-ax-2\/#breadcrumb"},"inLanguage":"en-US","potentialAction":[{"@type":"ReadAction","target":["https:\/\/grupoga230.com.br\/en\/product\/selo-para-cavidade-ax-2\/"]}]},{"@type":"BreadcrumbList","@id":"https:\/\/grupoga230.com.br\/en\/product\/selo-para-cavidade-ax-2\/#breadcrumb","itemListElement":[{"@type":"ListItem","position":1,"name":"In\u00edcio","item":"https:\/\/grupoga230.com.br\/"},{"@type":"ListItem","position":2,"name":"Produtos","item":"https:\/\/grupoga230.com.br\/produtos\/"},{"@type":"ListItem","position":3,"name":"Selo para cavidade AX 2\u201d"}]}]}},"_links":{"self":[{"href":"https:\/\/grupoga230.com.br\/en\/wp-json\/wp\/v2\/product\/455"}],"collection":[{"href":"https:\/\/grupoga230.com.br\/en\/wp-json\/wp\/v2\/product"}],"about":[{"href":"https:\/\/grupoga230.com.br\/en\/wp-json\/wp\/v2\/types\/product"}],"wp:featuredmedia":[{"embeddable":true,"href":"https:\/\/grupoga230.com.br\/en\/wp-json\/wp\/v2\/media\/456"}],"wp:attachment":[{"href":"https:\/\/grupoga230.com.br\/en\/wp-json\/wp\/v2\/media?parent=455"}],"wp:term":[{"taxonomy":"product_cat","embeddable":true,"href":"https:\/\/grupoga230.com.br\/en\/wp-json\/wp\/v2\/product_cat?post=455"},{"taxonomy":"product_tag","embeddable":true,"href":"https:\/\/grupoga230.com.br\/en\/wp-json\/wp\/v2\/product_tag?post=455"}],"curies":[{"name":"wp","href":"https:\/\/api.w.org\/{rel}","templated":true}]}}