{"id":447,"date":"2019-10-07T13:25:06","date_gmt":"2019-10-07T16:25:06","guid":{"rendered":"https:\/\/grupoga230.com.br\/?post_type=product&#038;p=447"},"modified":"2020-01-21T00:47:56","modified_gmt":"2020-01-21T03:47:56","slug":"pts-bx-ring","status":"publish","type":"product","link":"https:\/\/grupoga230.com.br\/en\/product\/pts-bx-ring\/","title":{"rendered":"PTS &#8211; BX ring"},"content":{"rendered":"<p>O composto Poliuretano 58 Shore D foi qualificado para aplica\u00e7\u00f5es severas e possui os seguintes testes realizados em laborat\u00f3rio para comprovar a vida \u00fatil de 30 anos:<br \/>\n\u2022 Envelhecimento acelerado por radia\u00e7\u00e3o UV \u2013 5000 horas;<br \/>\n\u2022 Flu\u00eancia 25\u00b0C e 60\u00b0C \u2013 5000 horas;<br \/>\n\u2022 Estabilidade hidrol\u00edtica 20\u00b0C, 50\u00b0C, 60\u00b0C e 70\u00b0C;<br \/>\n\u2022 Absor\u00e7\u00e3o de \u00e1gua qualificado para utiliza\u00e7\u00e3o com os seguintes flu\u00eddos:<br \/>\n\ud802\ude51 HW &#8211; 443R;<br \/>\n\ud802\ude51 HW &#8211; 525;<br \/>\n\ud802\ude51 HW &#8211; 720;<br \/>\n\ud802\ude51 \u00c1gua destilada;<br \/>\n\ud802\ude51 \u00c1gua do mar;<br \/>\n\ud802\ude51 ASTM \u00d3leo n\u00b01;<br \/>\n\ud802\ude51 ASTM \u00d3leo n\u00b03.<\/p>\n<p>Caso necess\u00e1rio, poder\u00e3o ser feitos testes adicionais de compatibilidade para fluidos n\u00e3o listados acima.<\/p>","protected":false},"excerpt":{"rendered":"<p>The BX polymer ring was developed as a high-performance substitute for the BX metal ring during hydrostatic integrity testing, following the API6A norm.<\/p>\n<p>The seal is made of 58 shore D polyurethane. \nThis composite is widely used due to deformation absorption and seal stabilization in the housing.<\/p>\n<p>Its use promotes optimization and simplification for hydrostatic testing, also generating a cost reduction through the possibility of multiple reuses keeping it with high yield.<\/p>\n<p>&nbsp;<\/p>\n<p>According to finite element analysis and tests carried out on customers who already use the solution, the seals are capable of using compressions of up to 15,000 psi.<\/p>","protected":false},"featured_media":448,"template":"","meta":[],"product_cat":[248],"product_tag":[],"yoast_head":"<!-- This site is optimized with the Yoast SEO plugin v16.7 - https:\/\/yoast.com\/wordpress\/plugins\/seo\/ -->\n<title>PTS - BX ring &mdash; Grupo GA230<\/title>\n<meta name=\"robots\" content=\"index, follow, max-snippet:-1, max-image-preview:large, max-video-preview:-1\" \/>\n<link rel=\"canonical\" href=\"https:\/\/grupoga230.com.br\/en\/product\/pts-bx-ring\/\" \/>\n<meta property=\"og:locale\" content=\"en_US\" \/>\n<meta property=\"og:type\" content=\"article\" \/>\n<meta property=\"og:title\" content=\"PTS - BX ring &mdash; Grupo GA230\" \/>\n<meta property=\"og:description\" content=\"O anel polim\u00e9rico BX foi desenvolvido como substituto de alto desempenho para o anel met\u00e1lico BX durante os testes de integridade hidrost\u00e1ticos, de acordo com a norma API6A.  O selo \u00e9 fabricado em poliuretano 58 shore D. Este composto \u00e9 muito utilizado devido a absor\u00e7\u00e3o de deforma\u00e7\u00e3o e estabiliza\u00e7\u00e3o da veda\u00e7\u00e3o no alojamento.  Sua utiliza\u00e7\u00e3o fomenta a otimiza\u00e7\u00e3o e simplifica\u00e7\u00e3o para os testes hidrost\u00e1ticos, gerando tamb\u00e9m uma redu\u00e7\u00e3o de custo pela possibilidade de m\u00faltiplas reutiliza\u00e7\u00f5es mantendo-o com alto rendimento.  &nbsp;  Conforme an\u00e1lise de elementos finitos e testes realizados em clientes que j\u00e1 utilizam a solu\u00e7\u00e3o, os selos est\u00e3o aptos \u00e0 utiliza\u00e7\u00e3o compress\u00f5es de at\u00e9 15.000 psi.\" \/>\n<meta property=\"og:url\" content=\"https:\/\/grupoga230.com.br\/en\/product\/pts-bx-ring\/\" \/>\n<meta property=\"og:site_name\" content=\"Grupo GA230\" \/>\n<meta property=\"article:modified_time\" content=\"2020-01-21T03:47:56+00:00\" \/>\n<meta property=\"og:image\" content=\"https:\/\/grupoga230.com.br\/wp-content\/uploads\/2019\/10\/GA230-A-1000-1000-001k.jpg\" \/>\n\t<meta property=\"og:image:width\" content=\"1000\" \/>\n\t<meta property=\"og:image:height\" content=\"1000\" \/>\n<meta name=\"twitter:card\" content=\"summary_large_image\" \/>\n<script type=\"application\/ld+json\" class=\"yoast-schema-graph\">{\"@context\":\"https:\/\/schema.org\",\"@graph\":[{\"@type\":\"Organization\",\"@id\":\"https:\/\/grupoga230.com.br\/#organization\",\"name\":\"Grupo GA 230\",\"url\":\"https:\/\/grupoga230.com.br\/\",\"sameAs\":[],\"logo\":{\"@type\":\"ImageObject\",\"@id\":\"https:\/\/grupoga230.com.br\/#logo\",\"inLanguage\":\"en-US\",\"url\":\"https:\/\/grupoga230.com.br\/wp-content\/uploads\/2019\/09\/Logo-Grupo-GA2303-2.png\",\"contentUrl\":\"https:\/\/grupoga230.com.br\/wp-content\/uploads\/2019\/09\/Logo-Grupo-GA2303-2.png\",\"width\":100,\"height\":103,\"caption\":\"Grupo GA 230\"},\"image\":{\"@id\":\"https:\/\/grupoga230.com.br\/#logo\"}},{\"@type\":\"WebSite\",\"@id\":\"https:\/\/grupoga230.com.br\/#website\",\"url\":\"https:\/\/grupoga230.com.br\/\",\"name\":\"Grupo GA230\",\"description\":\"Veda\\u00e7\\u00f5es T\\u00e9cnicas em Borracha e Solu\\u00e7\\u00f5es em Poliuretano\",\"publisher\":{\"@id\":\"https:\/\/grupoga230.com.br\/#organization\"},\"potentialAction\":[{\"@type\":\"SearchAction\",\"target\":{\"@type\":\"EntryPoint\",\"urlTemplate\":\"https:\/\/grupoga230.com.br\/?s={search_term_string}\"},\"query-input\":\"required name=search_term_string\"}],\"inLanguage\":\"en-US\"},{\"@type\":\"ImageObject\",\"@id\":\"https:\/\/grupoga230.com.br\/en\/product\/pts-bx-ring\/#primaryimage\",\"inLanguage\":\"en-US\",\"url\":\"https:\/\/grupoga230.com.br\/wp-content\/uploads\/2019\/10\/GA230-A-1000-1000-001k.jpg\",\"contentUrl\":\"https:\/\/grupoga230.com.br\/wp-content\/uploads\/2019\/10\/GA230-A-1000-1000-001k.jpg\",\"width\":1000,\"height\":1000,\"caption\":\"PTS-BX\"},{\"@type\":\"WebPage\",\"@id\":\"https:\/\/grupoga230.com.br\/en\/product\/pts-bx-ring\/#webpage\",\"url\":\"https:\/\/grupoga230.com.br\/en\/product\/pts-bx-ring\/\",\"name\":\"PTS - BX ring &mdash; Grupo GA230\",\"isPartOf\":{\"@id\":\"https:\/\/grupoga230.com.br\/#website\"},\"primaryImageOfPage\":{\"@id\":\"https:\/\/grupoga230.com.br\/en\/product\/pts-bx-ring\/#primaryimage\"},\"datePublished\":\"2019-10-07T16:25:06+00:00\",\"dateModified\":\"2020-01-21T03:47:56+00:00\",\"breadcrumb\":{\"@id\":\"https:\/\/grupoga230.com.br\/en\/product\/pts-bx-ring\/#breadcrumb\"},\"inLanguage\":\"en-US\",\"potentialAction\":[{\"@type\":\"ReadAction\",\"target\":[\"https:\/\/grupoga230.com.br\/en\/product\/pts-bx-ring\/\"]}]},{\"@type\":\"BreadcrumbList\",\"@id\":\"https:\/\/grupoga230.com.br\/en\/product\/pts-bx-ring\/#breadcrumb\",\"itemListElement\":[{\"@type\":\"ListItem\",\"position\":1,\"name\":\"In\\u00edcio\",\"item\":\"https:\/\/grupoga230.com.br\/\"},{\"@type\":\"ListItem\",\"position\":2,\"name\":\"Produtos\",\"item\":\"https:\/\/grupoga230.com.br\/produtos\/\"},{\"@type\":\"ListItem\",\"position\":3,\"name\":\"PTS &#8211; BX ring\"}]}]}<\/script>\n<!-- \/ Yoast SEO plugin. -->","yoast_head_json":{"title":"PTS - BX ring &mdash; Grupo GA230","robots":{"index":"index","follow":"follow","max-snippet":"max-snippet:-1","max-image-preview":"max-image-preview:large","max-video-preview":"max-video-preview:-1"},"canonical":"https:\/\/grupoga230.com.br\/en\/product\/pts-bx-ring\/","og_locale":"en_US","og_type":"article","og_title":"PTS - BX ring &mdash; Grupo GA230","og_description":"O anel polim\u00e9rico BX foi desenvolvido como substituto de alto desempenho para o anel met\u00e1lico BX durante os testes de integridade hidrost\u00e1ticos, de acordo com a norma API6A.  O selo \u00e9 fabricado em poliuretano 58 shore D. Este composto \u00e9 muito utilizado devido a absor\u00e7\u00e3o de deforma\u00e7\u00e3o e estabiliza\u00e7\u00e3o da veda\u00e7\u00e3o no alojamento.  Sua utiliza\u00e7\u00e3o fomenta a otimiza\u00e7\u00e3o e simplifica\u00e7\u00e3o para os testes hidrost\u00e1ticos, gerando tamb\u00e9m uma redu\u00e7\u00e3o de custo pela possibilidade de m\u00faltiplas reutiliza\u00e7\u00f5es mantendo-o com alto rendimento.  &nbsp;  Conforme an\u00e1lise de elementos finitos e testes realizados em clientes que j\u00e1 utilizam a solu\u00e7\u00e3o, os selos est\u00e3o aptos \u00e0 utiliza\u00e7\u00e3o compress\u00f5es de at\u00e9 15.000 psi.","og_url":"https:\/\/grupoga230.com.br\/en\/product\/pts-bx-ring\/","og_site_name":"Grupo GA230","article_modified_time":"2020-01-21T03:47:56+00:00","og_image":[{"width":1000,"height":1000,"url":"https:\/\/grupoga230.com.br\/wp-content\/uploads\/2019\/10\/GA230-A-1000-1000-001k.jpg","path":"\/home\/storage\/5\/a0\/7d\/grupoga2301\/public_html\/wp-content\/uploads\/2019\/10\/GA230-A-1000-1000-001k.jpg","size":"full","id":448,"alt":"PTS-BX","pixels":1000000,"type":"image\/jpeg"}],"twitter_card":"summary_large_image","schema":{"@context":"https:\/\/schema.org","@graph":[{"@type":"Organization","@id":"https:\/\/grupoga230.com.br\/#organization","name":"Grupo GA 230","url":"https:\/\/grupoga230.com.br\/","sameAs":[],"logo":{"@type":"ImageObject","@id":"https:\/\/grupoga230.com.br\/#logo","inLanguage":"en-US","url":"https:\/\/grupoga230.com.br\/wp-content\/uploads\/2019\/09\/Logo-Grupo-GA2303-2.png","contentUrl":"https:\/\/grupoga230.com.br\/wp-content\/uploads\/2019\/09\/Logo-Grupo-GA2303-2.png","width":100,"height":103,"caption":"Grupo GA 230"},"image":{"@id":"https:\/\/grupoga230.com.br\/#logo"}},{"@type":"WebSite","@id":"https:\/\/grupoga230.com.br\/#website","url":"https:\/\/grupoga230.com.br\/","name":"Grupo GA230","description":"Veda\u00e7\u00f5es T\u00e9cnicas em Borracha e Solu\u00e7\u00f5es em Poliuretano","publisher":{"@id":"https:\/\/grupoga230.com.br\/#organization"},"potentialAction":[{"@type":"SearchAction","target":{"@type":"EntryPoint","urlTemplate":"https:\/\/grupoga230.com.br\/?s={search_term_string}"},"query-input":"required name=search_term_string"}],"inLanguage":"en-US"},{"@type":"ImageObject","@id":"https:\/\/grupoga230.com.br\/en\/product\/pts-bx-ring\/#primaryimage","inLanguage":"en-US","url":"https:\/\/grupoga230.com.br\/wp-content\/uploads\/2019\/10\/GA230-A-1000-1000-001k.jpg","contentUrl":"https:\/\/grupoga230.com.br\/wp-content\/uploads\/2019\/10\/GA230-A-1000-1000-001k.jpg","width":1000,"height":1000,"caption":"PTS-BX"},{"@type":"WebPage","@id":"https:\/\/grupoga230.com.br\/en\/product\/pts-bx-ring\/#webpage","url":"https:\/\/grupoga230.com.br\/en\/product\/pts-bx-ring\/","name":"PTS - BX ring &mdash; Grupo GA230","isPartOf":{"@id":"https:\/\/grupoga230.com.br\/#website"},"primaryImageOfPage":{"@id":"https:\/\/grupoga230.com.br\/en\/product\/pts-bx-ring\/#primaryimage"},"datePublished":"2019-10-07T16:25:06+00:00","dateModified":"2020-01-21T03:47:56+00:00","breadcrumb":{"@id":"https:\/\/grupoga230.com.br\/en\/product\/pts-bx-ring\/#breadcrumb"},"inLanguage":"en-US","potentialAction":[{"@type":"ReadAction","target":["https:\/\/grupoga230.com.br\/en\/product\/pts-bx-ring\/"]}]},{"@type":"BreadcrumbList","@id":"https:\/\/grupoga230.com.br\/en\/product\/pts-bx-ring\/#breadcrumb","itemListElement":[{"@type":"ListItem","position":1,"name":"In\u00edcio","item":"https:\/\/grupoga230.com.br\/"},{"@type":"ListItem","position":2,"name":"Produtos","item":"https:\/\/grupoga230.com.br\/produtos\/"},{"@type":"ListItem","position":3,"name":"PTS &#8211; BX ring"}]}]}},"_links":{"self":[{"href":"https:\/\/grupoga230.com.br\/en\/wp-json\/wp\/v2\/product\/447"}],"collection":[{"href":"https:\/\/grupoga230.com.br\/en\/wp-json\/wp\/v2\/product"}],"about":[{"href":"https:\/\/grupoga230.com.br\/en\/wp-json\/wp\/v2\/types\/product"}],"wp:featuredmedia":[{"embeddable":true,"href":"https:\/\/grupoga230.com.br\/en\/wp-json\/wp\/v2\/media\/448"}],"wp:attachment":[{"href":"https:\/\/grupoga230.com.br\/en\/wp-json\/wp\/v2\/media?parent=447"}],"wp:term":[{"taxonomy":"product_cat","embeddable":true,"href":"https:\/\/grupoga230.com.br\/en\/wp-json\/wp\/v2\/product_cat?post=447"},{"taxonomy":"product_tag","embeddable":true,"href":"https:\/\/grupoga230.com.br\/en\/wp-json\/wp\/v2\/product_tag?post=447"}],"curies":[{"name":"wp","href":"https:\/\/api.w.org\/{rel}","templated":true}]}}