{"id":360,"date":"2019-10-06T23:16:02","date_gmt":"2019-10-07T02:16:02","guid":{"rendered":"https:\/\/grupoga230.com.br\/?post_type=product&#038;p=360"},"modified":"2020-01-21T00:52:33","modified_gmt":"2020-01-21T03:52:33","slug":"u-seal","status":"publish","type":"product","link":"https:\/\/grupoga230.com.br\/en\/product\/u-seal\/","title":{"rendered":"U&#8217; Seal"},"content":{"rendered":"","protected":false},"excerpt":{"rendered":"<p>U'Seal is designed to provide a simple sealing by the energizing system effect, developed with springs inside the part.<br \/>\nIt has a sophisticated and highly reliable design, with the benefits:<\/p>\n<p>Good sealing ability on uneven surfaces;<br \/>\nWorks with diametrical clearances up to 0.30mm for pressures of 6000 psi;<br \/>\nThe internal spring ensures that the seal performs well at low pressures;<br \/>\nU-opening causes pressure to increase energization making sealing more efficient;<br \/>\nMaterials are compatible with the various Oil & Gas industry standards.<\/p>\n<p>Applications:<br \/>\nStatic areas requiring a reliable and robust sealing model. (eg: connectors and actuators).<\/p>","protected":false},"featured_media":443,"template":"","meta":[],"product_cat":[248],"product_tag":[],"yoast_head":"<!-- This site is optimized with the Yoast SEO plugin v16.7 - https:\/\/yoast.com\/wordpress\/plugins\/seo\/ -->\n<title>U&#039; Seal &mdash; Grupo GA230<\/title>\n<meta name=\"robots\" content=\"index, follow, max-snippet:-1, max-image-preview:large, max-video-preview:-1\" \/>\n<link rel=\"canonical\" href=\"https:\/\/grupoga230.com.br\/en\/product\/u-seal\/\" \/>\n<meta property=\"og:locale\" content=\"en_US\" \/>\n<meta property=\"og:type\" content=\"article\" \/>\n<meta property=\"og:title\" content=\"U&#039; Seal &mdash; Grupo GA230\" \/>\n<meta property=\"og:description\" content=\"O U&#039;Seal GA230 foi projetado para promover uma veda\u00e7\u00e3o simples pelo efeito do sistema energizador, desenvolvido com molas na regi\u00e3o interna da pe\u00e7a. Possui um design sofisticado e altamente confi\u00e1vel, com as vantagens:  \u2022 Boa capacidade de veda\u00e7\u00e3o em superf\u00edcies irregulares; \u2022 Trabalha com folgas diametrais de at\u00e9 0,30mm para press\u00f5es de 6000psi; \u2022 A mola interna garante que o selo tenha um excelente comportamento com press\u00f5es baixas; \u2022 A abertura em U faz que a press\u00e3o aumente a energiza\u00e7\u00e3o, tornando a veda\u00e7\u00e3o mais eficiente; \u2022 Materiais compat\u00edveis com as diversas normas do segmento de \u00f3leo e g\u00e1s.  Aplica\u00e7\u00f5es: \u00c1reas est\u00e1ticas que necessitem de um modelo de veda\u00e7\u00e3o confi\u00e1vel e robusto, como por exemplo, conectores e atuadores.\" \/>\n<meta property=\"og:url\" content=\"https:\/\/grupoga230.com.br\/en\/product\/u-seal\/\" \/>\n<meta property=\"og:site_name\" content=\"Grupo GA230\" \/>\n<meta property=\"article:modified_time\" content=\"2020-01-21T03:52:33+00:00\" \/>\n<meta property=\"og:image\" content=\"https:\/\/grupoga230.com.br\/wp-content\/uploads\/2019\/10\/GA230-A-1000-1000-001J.jpg\" \/>\n\t<meta property=\"og:image:width\" content=\"1000\" \/>\n\t<meta property=\"og:image:height\" content=\"1000\" \/>\n<meta name=\"twitter:card\" content=\"summary_large_image\" \/>\n<script type=\"application\/ld+json\" class=\"yoast-schema-graph\">{\"@context\":\"https:\/\/schema.org\",\"@graph\":[{\"@type\":\"Organization\",\"@id\":\"https:\/\/grupoga230.com.br\/#organization\",\"name\":\"Grupo GA 230\",\"url\":\"https:\/\/grupoga230.com.br\/\",\"sameAs\":[],\"logo\":{\"@type\":\"ImageObject\",\"@id\":\"https:\/\/grupoga230.com.br\/#logo\",\"inLanguage\":\"en-US\",\"url\":\"https:\/\/grupoga230.com.br\/wp-content\/uploads\/2019\/09\/Logo-Grupo-GA2303-2.png\",\"contentUrl\":\"https:\/\/grupoga230.com.br\/wp-content\/uploads\/2019\/09\/Logo-Grupo-GA2303-2.png\",\"width\":100,\"height\":103,\"caption\":\"Grupo GA 230\"},\"image\":{\"@id\":\"https:\/\/grupoga230.com.br\/#logo\"}},{\"@type\":\"WebSite\",\"@id\":\"https:\/\/grupoga230.com.br\/#website\",\"url\":\"https:\/\/grupoga230.com.br\/\",\"name\":\"Grupo GA230\",\"description\":\"Veda\\u00e7\\u00f5es T\\u00e9cnicas em Borracha e Solu\\u00e7\\u00f5es em Poliuretano\",\"publisher\":{\"@id\":\"https:\/\/grupoga230.com.br\/#organization\"},\"potentialAction\":[{\"@type\":\"SearchAction\",\"target\":{\"@type\":\"EntryPoint\",\"urlTemplate\":\"https:\/\/grupoga230.com.br\/?s={search_term_string}\"},\"query-input\":\"required name=search_term_string\"}],\"inLanguage\":\"en-US\"},{\"@type\":\"ImageObject\",\"@id\":\"https:\/\/grupoga230.com.br\/en\/product\/u-seal\/#primaryimage\",\"inLanguage\":\"en-US\",\"url\":\"https:\/\/grupoga230.com.br\/wp-content\/uploads\/2019\/10\/GA230-A-1000-1000-001J.jpg\",\"contentUrl\":\"https:\/\/grupoga230.com.br\/wp-content\/uploads\/2019\/10\/GA230-A-1000-1000-001J.jpg\",\"width\":1000,\"height\":1000,\"caption\":\"U'Seal\"},{\"@type\":\"WebPage\",\"@id\":\"https:\/\/grupoga230.com.br\/en\/product\/u-seal\/#webpage\",\"url\":\"https:\/\/grupoga230.com.br\/en\/product\/u-seal\/\",\"name\":\"U' Seal &mdash; Grupo GA230\",\"isPartOf\":{\"@id\":\"https:\/\/grupoga230.com.br\/#website\"},\"primaryImageOfPage\":{\"@id\":\"https:\/\/grupoga230.com.br\/en\/product\/u-seal\/#primaryimage\"},\"datePublished\":\"2019-10-07T02:16:02+00:00\",\"dateModified\":\"2020-01-21T03:52:33+00:00\",\"breadcrumb\":{\"@id\":\"https:\/\/grupoga230.com.br\/en\/product\/u-seal\/#breadcrumb\"},\"inLanguage\":\"en-US\",\"potentialAction\":[{\"@type\":\"ReadAction\",\"target\":[\"https:\/\/grupoga230.com.br\/en\/product\/u-seal\/\"]}]},{\"@type\":\"BreadcrumbList\",\"@id\":\"https:\/\/grupoga230.com.br\/en\/product\/u-seal\/#breadcrumb\",\"itemListElement\":[{\"@type\":\"ListItem\",\"position\":1,\"name\":\"In\\u00edcio\",\"item\":\"https:\/\/grupoga230.com.br\/\"},{\"@type\":\"ListItem\",\"position\":2,\"name\":\"Produtos\",\"item\":\"https:\/\/grupoga230.com.br\/produtos\/\"},{\"@type\":\"ListItem\",\"position\":3,\"name\":\"U&#8217; Seal\"}]}]}<\/script>\n<!-- \/ Yoast SEO plugin. -->","yoast_head_json":{"title":"U' Seal &mdash; Grupo GA230","robots":{"index":"index","follow":"follow","max-snippet":"max-snippet:-1","max-image-preview":"max-image-preview:large","max-video-preview":"max-video-preview:-1"},"canonical":"https:\/\/grupoga230.com.br\/en\/product\/u-seal\/","og_locale":"en_US","og_type":"article","og_title":"U' Seal &mdash; Grupo GA230","og_description":"O U'Seal GA230 foi projetado para promover uma veda\u00e7\u00e3o simples pelo efeito do sistema energizador, desenvolvido com molas na regi\u00e3o interna da pe\u00e7a. Possui um design sofisticado e altamente confi\u00e1vel, com as vantagens:  \u2022 Boa capacidade de veda\u00e7\u00e3o em superf\u00edcies irregulares; \u2022 Trabalha com folgas diametrais de at\u00e9 0,30mm para press\u00f5es de 6000psi; \u2022 A mola interna garante que o selo tenha um excelente comportamento com press\u00f5es baixas; \u2022 A abertura em U faz que a press\u00e3o aumente a energiza\u00e7\u00e3o, tornando a veda\u00e7\u00e3o mais eficiente; \u2022 Materiais compat\u00edveis com as diversas normas do segmento de \u00f3leo e g\u00e1s.  Aplica\u00e7\u00f5es: \u00c1reas est\u00e1ticas que necessitem de um modelo de veda\u00e7\u00e3o confi\u00e1vel e robusto, como por exemplo, conectores e atuadores.","og_url":"https:\/\/grupoga230.com.br\/en\/product\/u-seal\/","og_site_name":"Grupo GA230","article_modified_time":"2020-01-21T03:52:33+00:00","og_image":[{"width":1000,"height":1000,"url":"https:\/\/grupoga230.com.br\/wp-content\/uploads\/2019\/10\/GA230-A-1000-1000-001J.jpg","path":"\/home\/storage\/5\/a0\/7d\/grupoga2301\/public_html\/wp-content\/uploads\/2019\/10\/GA230-A-1000-1000-001J.jpg","size":"full","id":443,"alt":"U'Seal","pixels":1000000,"type":"image\/jpeg"}],"twitter_card":"summary_large_image","schema":{"@context":"https:\/\/schema.org","@graph":[{"@type":"Organization","@id":"https:\/\/grupoga230.com.br\/#organization","name":"Grupo GA 230","url":"https:\/\/grupoga230.com.br\/","sameAs":[],"logo":{"@type":"ImageObject","@id":"https:\/\/grupoga230.com.br\/#logo","inLanguage":"en-US","url":"https:\/\/grupoga230.com.br\/wp-content\/uploads\/2019\/09\/Logo-Grupo-GA2303-2.png","contentUrl":"https:\/\/grupoga230.com.br\/wp-content\/uploads\/2019\/09\/Logo-Grupo-GA2303-2.png","width":100,"height":103,"caption":"Grupo GA 230"},"image":{"@id":"https:\/\/grupoga230.com.br\/#logo"}},{"@type":"WebSite","@id":"https:\/\/grupoga230.com.br\/#website","url":"https:\/\/grupoga230.com.br\/","name":"Grupo GA230","description":"Veda\u00e7\u00f5es T\u00e9cnicas em Borracha e Solu\u00e7\u00f5es em Poliuretano","publisher":{"@id":"https:\/\/grupoga230.com.br\/#organization"},"potentialAction":[{"@type":"SearchAction","target":{"@type":"EntryPoint","urlTemplate":"https:\/\/grupoga230.com.br\/?s={search_term_string}"},"query-input":"required name=search_term_string"}],"inLanguage":"en-US"},{"@type":"ImageObject","@id":"https:\/\/grupoga230.com.br\/en\/product\/u-seal\/#primaryimage","inLanguage":"en-US","url":"https:\/\/grupoga230.com.br\/wp-content\/uploads\/2019\/10\/GA230-A-1000-1000-001J.jpg","contentUrl":"https:\/\/grupoga230.com.br\/wp-content\/uploads\/2019\/10\/GA230-A-1000-1000-001J.jpg","width":1000,"height":1000,"caption":"U'Seal"},{"@type":"WebPage","@id":"https:\/\/grupoga230.com.br\/en\/product\/u-seal\/#webpage","url":"https:\/\/grupoga230.com.br\/en\/product\/u-seal\/","name":"U' Seal &mdash; Grupo GA230","isPartOf":{"@id":"https:\/\/grupoga230.com.br\/#website"},"primaryImageOfPage":{"@id":"https:\/\/grupoga230.com.br\/en\/product\/u-seal\/#primaryimage"},"datePublished":"2019-10-07T02:16:02+00:00","dateModified":"2020-01-21T03:52:33+00:00","breadcrumb":{"@id":"https:\/\/grupoga230.com.br\/en\/product\/u-seal\/#breadcrumb"},"inLanguage":"en-US","potentialAction":[{"@type":"ReadAction","target":["https:\/\/grupoga230.com.br\/en\/product\/u-seal\/"]}]},{"@type":"BreadcrumbList","@id":"https:\/\/grupoga230.com.br\/en\/product\/u-seal\/#breadcrumb","itemListElement":[{"@type":"ListItem","position":1,"name":"In\u00edcio","item":"https:\/\/grupoga230.com.br\/"},{"@type":"ListItem","position":2,"name":"Produtos","item":"https:\/\/grupoga230.com.br\/produtos\/"},{"@type":"ListItem","position":3,"name":"U&#8217; Seal"}]}]}},"_links":{"self":[{"href":"https:\/\/grupoga230.com.br\/en\/wp-json\/wp\/v2\/product\/360"}],"collection":[{"href":"https:\/\/grupoga230.com.br\/en\/wp-json\/wp\/v2\/product"}],"about":[{"href":"https:\/\/grupoga230.com.br\/en\/wp-json\/wp\/v2\/types\/product"}],"wp:featuredmedia":[{"embeddable":true,"href":"https:\/\/grupoga230.com.br\/en\/wp-json\/wp\/v2\/media\/443"}],"wp:attachment":[{"href":"https:\/\/grupoga230.com.br\/en\/wp-json\/wp\/v2\/media?parent=360"}],"wp:term":[{"taxonomy":"product_cat","embeddable":true,"href":"https:\/\/grupoga230.com.br\/en\/wp-json\/wp\/v2\/product_cat?post=360"},{"taxonomy":"product_tag","embeddable":true,"href":"https:\/\/grupoga230.com.br\/en\/wp-json\/wp\/v2\/product_tag?post=360"}],"curies":[{"name":"wp","href":"https:\/\/api.w.org\/{rel}","templated":true}]}}