{"id":359,"date":"2019-10-06T23:08:48","date_gmt":"2019-10-07T02:08:48","guid":{"rendered":"https:\/\/grupoga230.com.br\/?post_type=product&#038;p=359"},"modified":"2019-10-07T20:32:52","modified_gmt":"2019-10-07T23:32:52","slug":"metal-end-cap-seal","status":"publish","type":"product","link":"https:\/\/grupoga230.com.br\/en\/product\/metal-end-cap-seal\/","title":{"rendered":"Metal End Cap Seal"},"content":{"rendered":"","protected":false},"excerpt":{"rendered":"<p class=\" translation-block\">Developed for the Oil & Gas industry, the Metal End Cap Seal  is a robust seal used in the harshest environments. Its application is common in column hangers and wellheads.\nThe outer cover prevents the seal from extruding when subjected to high pressures (20,000 psi) even at high diametrical clearances (1 to 2 mm). It can be installed on both shaft and hole, and due to its geometry, it does not suffer the  \"wash out\" effect.<\/p>","protected":false},"featured_media":441,"template":"","meta":[],"product_cat":[69],"product_tag":[],"yoast_head":"<!-- This site is optimized with the Yoast SEO plugin v16.7 - https:\/\/yoast.com\/wordpress\/plugins\/seo\/ -->\n<title>Metal End Cap Seal &mdash; Grupo GA230<\/title>\n<meta name=\"robots\" content=\"index, follow, max-snippet:-1, max-image-preview:large, max-video-preview:-1\" \/>\n<link rel=\"canonical\" href=\"https:\/\/grupoga230.com.br\/en\/product\/metal-end-cap-seal\/\" \/>\n<meta property=\"og:locale\" content=\"en_US\" \/>\n<meta property=\"og:type\" content=\"article\" \/>\n<meta property=\"og:title\" content=\"Metal End Cap Seal &mdash; Grupo GA230\" \/>\n<meta property=\"og:description\" content=\"Desenvolvido para a ind\u00fastria de \u00f3leo e g\u00e1s \u00e9 uma veda\u00e7\u00e3o robusta utilizada nos ambientes mais severos. Sua aplica\u00e7\u00e3o \u00e9 comum em suspensores de coluna e cabe\u00e7as de po\u00e7o. A capa externa evita que o selo extrude quando submetido a altas press\u00f5es (20.000 psi) mesmo em folgas diametrais altas (1 a 2 mm). Pode ser instalado tanto no eixo quanto no furo e, devido sua geometria, n\u00e3o sofre o efeito de \u201cwash out\u201d.\" \/>\n<meta property=\"og:url\" content=\"https:\/\/grupoga230.com.br\/en\/product\/metal-end-cap-seal\/\" \/>\n<meta property=\"og:site_name\" content=\"Grupo GA230\" \/>\n<meta property=\"article:modified_time\" content=\"2019-10-07T23:32:52+00:00\" \/>\n<meta property=\"og:image\" content=\"https:\/\/grupoga230.com.br\/wp-content\/uploads\/2019\/10\/GA230-A-1000-1000-001I.jpg\" \/>\n\t<meta property=\"og:image:width\" content=\"1000\" \/>\n\t<meta property=\"og:image:height\" content=\"1000\" \/>\n<meta name=\"twitter:card\" content=\"summary_large_image\" \/>\n<script type=\"application\/ld+json\" class=\"yoast-schema-graph\">{\"@context\":\"https:\/\/schema.org\",\"@graph\":[{\"@type\":\"Organization\",\"@id\":\"https:\/\/grupoga230.com.br\/#organization\",\"name\":\"Grupo GA 230\",\"url\":\"https:\/\/grupoga230.com.br\/\",\"sameAs\":[],\"logo\":{\"@type\":\"ImageObject\",\"@id\":\"https:\/\/grupoga230.com.br\/#logo\",\"inLanguage\":\"en-US\",\"url\":\"https:\/\/grupoga230.com.br\/wp-content\/uploads\/2019\/09\/Logo-Grupo-GA2303-2.png\",\"contentUrl\":\"https:\/\/grupoga230.com.br\/wp-content\/uploads\/2019\/09\/Logo-Grupo-GA2303-2.png\",\"width\":100,\"height\":103,\"caption\":\"Grupo GA 230\"},\"image\":{\"@id\":\"https:\/\/grupoga230.com.br\/#logo\"}},{\"@type\":\"WebSite\",\"@id\":\"https:\/\/grupoga230.com.br\/#website\",\"url\":\"https:\/\/grupoga230.com.br\/\",\"name\":\"Grupo GA230\",\"description\":\"Veda\\u00e7\\u00f5es T\\u00e9cnicas em Borracha e Solu\\u00e7\\u00f5es em Poliuretano\",\"publisher\":{\"@id\":\"https:\/\/grupoga230.com.br\/#organization\"},\"potentialAction\":[{\"@type\":\"SearchAction\",\"target\":{\"@type\":\"EntryPoint\",\"urlTemplate\":\"https:\/\/grupoga230.com.br\/?s={search_term_string}\"},\"query-input\":\"required name=search_term_string\"}],\"inLanguage\":\"en-US\"},{\"@type\":\"ImageObject\",\"@id\":\"https:\/\/grupoga230.com.br\/produto\/metal-end-cap-seal\/#primaryimage\",\"inLanguage\":\"en-US\",\"url\":\"https:\/\/grupoga230.com.br\/wp-content\/uploads\/2019\/10\/GA230-A-1000-1000-001I.jpg\",\"contentUrl\":\"https:\/\/grupoga230.com.br\/wp-content\/uploads\/2019\/10\/GA230-A-1000-1000-001I.jpg\",\"width\":1000,\"height\":1000,\"caption\":\"Metal End Cap Seal\"},{\"@type\":\"WebPage\",\"@id\":\"https:\/\/grupoga230.com.br\/produto\/metal-end-cap-seal\/#webpage\",\"url\":\"https:\/\/grupoga230.com.br\/produto\/metal-end-cap-seal\/\",\"name\":\"Metal End Cap Seal &mdash; Grupo GA230\",\"isPartOf\":{\"@id\":\"https:\/\/grupoga230.com.br\/#website\"},\"primaryImageOfPage\":{\"@id\":\"https:\/\/grupoga230.com.br\/produto\/metal-end-cap-seal\/#primaryimage\"},\"datePublished\":\"2019-10-07T02:08:48+00:00\",\"dateModified\":\"2019-10-07T23:32:52+00:00\",\"breadcrumb\":{\"@id\":\"https:\/\/grupoga230.com.br\/produto\/metal-end-cap-seal\/#breadcrumb\"},\"inLanguage\":\"en-US\",\"potentialAction\":[{\"@type\":\"ReadAction\",\"target\":[\"https:\/\/grupoga230.com.br\/produto\/metal-end-cap-seal\/\"]}]},{\"@type\":\"BreadcrumbList\",\"@id\":\"https:\/\/grupoga230.com.br\/produto\/metal-end-cap-seal\/#breadcrumb\",\"itemListElement\":[{\"@type\":\"ListItem\",\"position\":1,\"name\":\"In\\u00edcio\",\"item\":\"https:\/\/grupoga230.com.br\/\"},{\"@type\":\"ListItem\",\"position\":2,\"name\":\"Produtos\",\"item\":\"https:\/\/grupoga230.com.br\/produtos\/\"},{\"@type\":\"ListItem\",\"position\":3,\"name\":\"Metal End Cap Seal\"}]}]}<\/script>\n<!-- \/ Yoast SEO plugin. -->","yoast_head_json":{"title":"Metal End Cap Seal &mdash; Grupo GA230","robots":{"index":"index","follow":"follow","max-snippet":"max-snippet:-1","max-image-preview":"max-image-preview:large","max-video-preview":"max-video-preview:-1"},"canonical":"https:\/\/grupoga230.com.br\/en\/product\/metal-end-cap-seal\/","og_locale":"en_US","og_type":"article","og_title":"Metal End Cap Seal &mdash; Grupo GA230","og_description":"Desenvolvido para a ind\u00fastria de \u00f3leo e g\u00e1s \u00e9 uma veda\u00e7\u00e3o robusta utilizada nos ambientes mais severos. Sua aplica\u00e7\u00e3o \u00e9 comum em suspensores de coluna e cabe\u00e7as de po\u00e7o. A capa externa evita que o selo extrude quando submetido a altas press\u00f5es (20.000 psi) mesmo em folgas diametrais altas (1 a 2 mm). Pode ser instalado tanto no eixo quanto no furo e, devido sua geometria, n\u00e3o sofre o efeito de \u201cwash out\u201d.","og_url":"https:\/\/grupoga230.com.br\/en\/product\/metal-end-cap-seal\/","og_site_name":"Grupo GA230","article_modified_time":"2019-10-07T23:32:52+00:00","og_image":[{"width":1000,"height":1000,"url":"https:\/\/grupoga230.com.br\/wp-content\/uploads\/2019\/10\/GA230-A-1000-1000-001I.jpg","path":"\/home\/storage\/5\/a0\/7d\/grupoga2301\/public_html\/wp-content\/uploads\/2019\/10\/GA230-A-1000-1000-001I.jpg","size":"full","id":441,"alt":"Metal End Cap Seal","pixels":1000000,"type":"image\/jpeg"}],"twitter_card":"summary_large_image","schema":{"@context":"https:\/\/schema.org","@graph":[{"@type":"Organization","@id":"https:\/\/grupoga230.com.br\/#organization","name":"Grupo GA 230","url":"https:\/\/grupoga230.com.br\/","sameAs":[],"logo":{"@type":"ImageObject","@id":"https:\/\/grupoga230.com.br\/#logo","inLanguage":"en-US","url":"https:\/\/grupoga230.com.br\/wp-content\/uploads\/2019\/09\/Logo-Grupo-GA2303-2.png","contentUrl":"https:\/\/grupoga230.com.br\/wp-content\/uploads\/2019\/09\/Logo-Grupo-GA2303-2.png","width":100,"height":103,"caption":"Grupo GA 230"},"image":{"@id":"https:\/\/grupoga230.com.br\/#logo"}},{"@type":"WebSite","@id":"https:\/\/grupoga230.com.br\/#website","url":"https:\/\/grupoga230.com.br\/","name":"Grupo GA230","description":"Veda\u00e7\u00f5es T\u00e9cnicas em Borracha e Solu\u00e7\u00f5es em Poliuretano","publisher":{"@id":"https:\/\/grupoga230.com.br\/#organization"},"potentialAction":[{"@type":"SearchAction","target":{"@type":"EntryPoint","urlTemplate":"https:\/\/grupoga230.com.br\/?s={search_term_string}"},"query-input":"required name=search_term_string"}],"inLanguage":"en-US"},{"@type":"ImageObject","@id":"https:\/\/grupoga230.com.br\/produto\/metal-end-cap-seal\/#primaryimage","inLanguage":"en-US","url":"https:\/\/grupoga230.com.br\/wp-content\/uploads\/2019\/10\/GA230-A-1000-1000-001I.jpg","contentUrl":"https:\/\/grupoga230.com.br\/wp-content\/uploads\/2019\/10\/GA230-A-1000-1000-001I.jpg","width":1000,"height":1000,"caption":"Metal End Cap Seal"},{"@type":"WebPage","@id":"https:\/\/grupoga230.com.br\/produto\/metal-end-cap-seal\/#webpage","url":"https:\/\/grupoga230.com.br\/produto\/metal-end-cap-seal\/","name":"Metal End Cap Seal &mdash; Grupo GA230","isPartOf":{"@id":"https:\/\/grupoga230.com.br\/#website"},"primaryImageOfPage":{"@id":"https:\/\/grupoga230.com.br\/produto\/metal-end-cap-seal\/#primaryimage"},"datePublished":"2019-10-07T02:08:48+00:00","dateModified":"2019-10-07T23:32:52+00:00","breadcrumb":{"@id":"https:\/\/grupoga230.com.br\/produto\/metal-end-cap-seal\/#breadcrumb"},"inLanguage":"en-US","potentialAction":[{"@type":"ReadAction","target":["https:\/\/grupoga230.com.br\/produto\/metal-end-cap-seal\/"]}]},{"@type":"BreadcrumbList","@id":"https:\/\/grupoga230.com.br\/produto\/metal-end-cap-seal\/#breadcrumb","itemListElement":[{"@type":"ListItem","position":1,"name":"In\u00edcio","item":"https:\/\/grupoga230.com.br\/"},{"@type":"ListItem","position":2,"name":"Produtos","item":"https:\/\/grupoga230.com.br\/produtos\/"},{"@type":"ListItem","position":3,"name":"Metal End Cap Seal"}]}]}},"_links":{"self":[{"href":"https:\/\/grupoga230.com.br\/en\/wp-json\/wp\/v2\/product\/359"}],"collection":[{"href":"https:\/\/grupoga230.com.br\/en\/wp-json\/wp\/v2\/product"}],"about":[{"href":"https:\/\/grupoga230.com.br\/en\/wp-json\/wp\/v2\/types\/product"}],"wp:featuredmedia":[{"embeddable":true,"href":"https:\/\/grupoga230.com.br\/en\/wp-json\/wp\/v2\/media\/441"}],"wp:attachment":[{"href":"https:\/\/grupoga230.com.br\/en\/wp-json\/wp\/v2\/media?parent=359"}],"wp:term":[{"taxonomy":"product_cat","embeddable":true,"href":"https:\/\/grupoga230.com.br\/en\/wp-json\/wp\/v2\/product_cat?post=359"},{"taxonomy":"product_tag","embeddable":true,"href":"https:\/\/grupoga230.com.br\/en\/wp-json\/wp\/v2\/product_tag?post=359"}],"curies":[{"name":"wp","href":"https:\/\/api.w.org\/{rel}","templated":true}]}}