{"id":353,"date":"2019-10-06T22:51:26","date_gmt":"2019-10-07T01:51:26","guid":{"rendered":"https:\/\/grupoga230.com.br\/?post_type=product&#038;p=353"},"modified":"2019-10-07T20:34:12","modified_gmt":"2019-10-07T23:34:12","slug":"s-seal-e-t-seal","status":"publish","type":"product","link":"https:\/\/grupoga230.com.br\/en\/product\/s-seal-e-t-seal\/","title":{"rendered":"S&#8217; Seal &#038; T&#8217; Seal"},"content":{"rendered":"","protected":false},"excerpt":{"rendered":"<p>S' seals were developed for severe applications where we have combined high temperatures, high pressures, and large diametrical clearances.\nIt is a robust solution that caters mainly to the Oil & Gas niche. The seal is designed to withstand pressures up to 20,000 psi.<br \/>\n\u00c9 uma solu\u00e7\u00e3o robusta que atende principalmente o nicho de \u00f3leo e g\u00e1s. O selo \u00e9 projetado para suportar press\u00f5es de at\u00e9 20.000 psi.<\/p>","protected":false},"featured_media":438,"template":"","meta":[],"product_cat":[69],"product_tag":[85,83,84],"yoast_head":"<!-- This site is optimized with the Yoast SEO plugin v16.7 - https:\/\/yoast.com\/wordpress\/plugins\/seo\/ -->\n<title>S&#039; Seal &amp; T&#039; Seal &mdash; Grupo GA230<\/title>\n<meta name=\"robots\" content=\"index, follow, max-snippet:-1, max-image-preview:large, max-video-preview:-1\" \/>\n<link rel=\"canonical\" href=\"https:\/\/grupoga230.com.br\/en\/product\/s-seal-e-t-seal\/\" \/>\n<meta property=\"og:locale\" content=\"en_US\" \/>\n<meta property=\"og:type\" content=\"article\" \/>\n<meta property=\"og:title\" content=\"S&#039; Seal &amp; T&#039; Seal &mdash; Grupo GA230\" \/>\n<meta property=\"og:description\" content=\"Os Selos S&#039; (s&#039; seal) foram desenvolvidos para aplica\u00e7\u00f5es severas, onde temos combinadas temperaturas altas, press\u00f5es altas e folgas diametrais grandes. \u00c9 uma solu\u00e7\u00e3o robusta que atende principalmente o nicho de \u00f3leo e g\u00e1s. O selo \u00e9 projetado para suportar press\u00f5es de at\u00e9 20.000 psi.\" \/>\n<meta property=\"og:url\" content=\"https:\/\/grupoga230.com.br\/en\/product\/s-seal-e-t-seal\/\" \/>\n<meta property=\"og:site_name\" content=\"Grupo GA230\" \/>\n<meta property=\"article:modified_time\" content=\"2019-10-07T23:34:12+00:00\" \/>\n<meta property=\"og:image\" content=\"https:\/\/grupoga230.com.br\/wp-content\/uploads\/2019\/10\/s_seals_t_seals.jpg\" \/>\n\t<meta property=\"og:image:width\" content=\"1000\" \/>\n\t<meta property=\"og:image:height\" content=\"1000\" \/>\n<meta name=\"twitter:card\" content=\"summary_large_image\" \/>\n<script type=\"application\/ld+json\" class=\"yoast-schema-graph\">{\"@context\":\"https:\/\/schema.org\",\"@graph\":[{\"@type\":\"Organization\",\"@id\":\"https:\/\/grupoga230.com.br\/#organization\",\"name\":\"Grupo GA 230\",\"url\":\"https:\/\/grupoga230.com.br\/\",\"sameAs\":[],\"logo\":{\"@type\":\"ImageObject\",\"@id\":\"https:\/\/grupoga230.com.br\/#logo\",\"inLanguage\":\"en-US\",\"url\":\"https:\/\/grupoga230.com.br\/wp-content\/uploads\/2019\/09\/Logo-Grupo-GA2303-2.png\",\"contentUrl\":\"https:\/\/grupoga230.com.br\/wp-content\/uploads\/2019\/09\/Logo-Grupo-GA2303-2.png\",\"width\":100,\"height\":103,\"caption\":\"Grupo GA 230\"},\"image\":{\"@id\":\"https:\/\/grupoga230.com.br\/#logo\"}},{\"@type\":\"WebSite\",\"@id\":\"https:\/\/grupoga230.com.br\/#website\",\"url\":\"https:\/\/grupoga230.com.br\/\",\"name\":\"Grupo GA230\",\"description\":\"Veda\\u00e7\\u00f5es T\\u00e9cnicas em Borracha e Solu\\u00e7\\u00f5es em Poliuretano\",\"publisher\":{\"@id\":\"https:\/\/grupoga230.com.br\/#organization\"},\"potentialAction\":[{\"@type\":\"SearchAction\",\"target\":{\"@type\":\"EntryPoint\",\"urlTemplate\":\"https:\/\/grupoga230.com.br\/?s={search_term_string}\"},\"query-input\":\"required name=search_term_string\"}],\"inLanguage\":\"en-US\"},{\"@type\":\"ImageObject\",\"@id\":\"https:\/\/grupoga230.com.br\/en\/product\/s-seal-e-t-seal\/#primaryimage\",\"inLanguage\":\"en-US\",\"url\":\"https:\/\/grupoga230.com.br\/wp-content\/uploads\/2019\/10\/s_seals_t_seals.jpg\",\"contentUrl\":\"https:\/\/grupoga230.com.br\/wp-content\/uploads\/2019\/10\/s_seals_t_seals.jpg\",\"width\":1000,\"height\":1000,\"caption\":\"S' Seals e T' Seals\"},{\"@type\":\"WebPage\",\"@id\":\"https:\/\/grupoga230.com.br\/en\/product\/s-seal-e-t-seal\/#webpage\",\"url\":\"https:\/\/grupoga230.com.br\/en\/product\/s-seal-e-t-seal\/\",\"name\":\"S' Seal & T' Seal &mdash; Grupo GA230\",\"isPartOf\":{\"@id\":\"https:\/\/grupoga230.com.br\/#website\"},\"primaryImageOfPage\":{\"@id\":\"https:\/\/grupoga230.com.br\/en\/product\/s-seal-e-t-seal\/#primaryimage\"},\"datePublished\":\"2019-10-07T01:51:26+00:00\",\"dateModified\":\"2019-10-07T23:34:12+00:00\",\"breadcrumb\":{\"@id\":\"https:\/\/grupoga230.com.br\/en\/product\/s-seal-e-t-seal\/#breadcrumb\"},\"inLanguage\":\"en-US\",\"potentialAction\":[{\"@type\":\"ReadAction\",\"target\":[\"https:\/\/grupoga230.com.br\/en\/product\/s-seal-e-t-seal\/\"]}]},{\"@type\":\"BreadcrumbList\",\"@id\":\"https:\/\/grupoga230.com.br\/en\/product\/s-seal-e-t-seal\/#breadcrumb\",\"itemListElement\":[{\"@type\":\"ListItem\",\"position\":1,\"name\":\"In\\u00edcio\",\"item\":\"https:\/\/grupoga230.com.br\/\"},{\"@type\":\"ListItem\",\"position\":2,\"name\":\"Produtos\",\"item\":\"https:\/\/grupoga230.com.br\/produtos\/\"},{\"@type\":\"ListItem\",\"position\":3,\"name\":\"S&#8217; Seal &#038; T&#8217; Seal\"}]}]}<\/script>\n<!-- \/ Yoast SEO plugin. -->","yoast_head_json":{"title":"S' Seal & T' Seal &mdash; Grupo GA230","robots":{"index":"index","follow":"follow","max-snippet":"max-snippet:-1","max-image-preview":"max-image-preview:large","max-video-preview":"max-video-preview:-1"},"canonical":"https:\/\/grupoga230.com.br\/en\/product\/s-seal-e-t-seal\/","og_locale":"en_US","og_type":"article","og_title":"S' Seal & T' Seal &mdash; Grupo GA230","og_description":"Os Selos S' (s' seal) foram desenvolvidos para aplica\u00e7\u00f5es severas, onde temos combinadas temperaturas altas, press\u00f5es altas e folgas diametrais grandes. \u00c9 uma solu\u00e7\u00e3o robusta que atende principalmente o nicho de \u00f3leo e g\u00e1s. O selo \u00e9 projetado para suportar press\u00f5es de at\u00e9 20.000 psi.","og_url":"https:\/\/grupoga230.com.br\/en\/product\/s-seal-e-t-seal\/","og_site_name":"Grupo GA230","article_modified_time":"2019-10-07T23:34:12+00:00","og_image":[{"width":1000,"height":1000,"url":"https:\/\/grupoga230.com.br\/wp-content\/uploads\/2019\/10\/s_seals_t_seals.jpg","path":"\/home\/storage\/5\/a0\/7d\/grupoga2301\/public_html\/wp-content\/uploads\/2019\/10\/s_seals_t_seals.jpg","size":"full","id":438,"alt":"S' Seals e T' Seals","pixels":1000000,"type":"image\/jpeg"}],"twitter_card":"summary_large_image","schema":{"@context":"https:\/\/schema.org","@graph":[{"@type":"Organization","@id":"https:\/\/grupoga230.com.br\/#organization","name":"Grupo GA 230","url":"https:\/\/grupoga230.com.br\/","sameAs":[],"logo":{"@type":"ImageObject","@id":"https:\/\/grupoga230.com.br\/#logo","inLanguage":"en-US","url":"https:\/\/grupoga230.com.br\/wp-content\/uploads\/2019\/09\/Logo-Grupo-GA2303-2.png","contentUrl":"https:\/\/grupoga230.com.br\/wp-content\/uploads\/2019\/09\/Logo-Grupo-GA2303-2.png","width":100,"height":103,"caption":"Grupo GA 230"},"image":{"@id":"https:\/\/grupoga230.com.br\/#logo"}},{"@type":"WebSite","@id":"https:\/\/grupoga230.com.br\/#website","url":"https:\/\/grupoga230.com.br\/","name":"Grupo GA230","description":"Veda\u00e7\u00f5es T\u00e9cnicas em Borracha e Solu\u00e7\u00f5es em Poliuretano","publisher":{"@id":"https:\/\/grupoga230.com.br\/#organization"},"potentialAction":[{"@type":"SearchAction","target":{"@type":"EntryPoint","urlTemplate":"https:\/\/grupoga230.com.br\/?s={search_term_string}"},"query-input":"required name=search_term_string"}],"inLanguage":"en-US"},{"@type":"ImageObject","@id":"https:\/\/grupoga230.com.br\/en\/product\/s-seal-e-t-seal\/#primaryimage","inLanguage":"en-US","url":"https:\/\/grupoga230.com.br\/wp-content\/uploads\/2019\/10\/s_seals_t_seals.jpg","contentUrl":"https:\/\/grupoga230.com.br\/wp-content\/uploads\/2019\/10\/s_seals_t_seals.jpg","width":1000,"height":1000,"caption":"S' Seals e T' Seals"},{"@type":"WebPage","@id":"https:\/\/grupoga230.com.br\/en\/product\/s-seal-e-t-seal\/#webpage","url":"https:\/\/grupoga230.com.br\/en\/product\/s-seal-e-t-seal\/","name":"S' Seal & T' Seal &mdash; Grupo GA230","isPartOf":{"@id":"https:\/\/grupoga230.com.br\/#website"},"primaryImageOfPage":{"@id":"https:\/\/grupoga230.com.br\/en\/product\/s-seal-e-t-seal\/#primaryimage"},"datePublished":"2019-10-07T01:51:26+00:00","dateModified":"2019-10-07T23:34:12+00:00","breadcrumb":{"@id":"https:\/\/grupoga230.com.br\/en\/product\/s-seal-e-t-seal\/#breadcrumb"},"inLanguage":"en-US","potentialAction":[{"@type":"ReadAction","target":["https:\/\/grupoga230.com.br\/en\/product\/s-seal-e-t-seal\/"]}]},{"@type":"BreadcrumbList","@id":"https:\/\/grupoga230.com.br\/en\/product\/s-seal-e-t-seal\/#breadcrumb","itemListElement":[{"@type":"ListItem","position":1,"name":"In\u00edcio","item":"https:\/\/grupoga230.com.br\/"},{"@type":"ListItem","position":2,"name":"Produtos","item":"https:\/\/grupoga230.com.br\/produtos\/"},{"@type":"ListItem","position":3,"name":"S&#8217; Seal &#038; T&#8217; Seal"}]}]}},"_links":{"self":[{"href":"https:\/\/grupoga230.com.br\/en\/wp-json\/wp\/v2\/product\/353"}],"collection":[{"href":"https:\/\/grupoga230.com.br\/en\/wp-json\/wp\/v2\/product"}],"about":[{"href":"https:\/\/grupoga230.com.br\/en\/wp-json\/wp\/v2\/types\/product"}],"wp:featuredmedia":[{"embeddable":true,"href":"https:\/\/grupoga230.com.br\/en\/wp-json\/wp\/v2\/media\/438"}],"wp:attachment":[{"href":"https:\/\/grupoga230.com.br\/en\/wp-json\/wp\/v2\/media?parent=353"}],"wp:term":[{"taxonomy":"product_cat","embeddable":true,"href":"https:\/\/grupoga230.com.br\/en\/wp-json\/wp\/v2\/product_cat?post=353"},{"taxonomy":"product_tag","embeddable":true,"href":"https:\/\/grupoga230.com.br\/en\/wp-json\/wp\/v2\/product_tag?post=353"}],"curies":[{"name":"wp","href":"https:\/\/api.w.org\/{rel}","templated":true}]}}