{"id":327,"date":"2019-09-20T18:59:07","date_gmt":"2019-09-20T21:59:07","guid":{"rendered":"https:\/\/grupoga230.com.br\/?post_type=product&#038;p=327"},"modified":"2020-01-21T00:48:59","modified_gmt":"2020-01-21T03:48:59","slug":"protetores-para-conectores","status":"publish","type":"product","link":"https:\/\/grupoga230.com.br\/en\/product\/protetores-para-conectores\/","title":{"rendered":"Endfitting Protection Shroud"},"content":{"rendered":"<p>A system developed by Petros Seals to protect intermediate connectors of flexible lines and their accessories against collisions. Designed in Polyurethane, it has great impact resistance (up to 2200 joules). \nThe main features are:<\/p>\n<ul>\n<li>High impact absorption capacity due to design and compounds used;<\/li>\n<li>Windows allowing connection flange and test ports to be viewed<\/li>\n<li>Independent system that allows anode cables to pass through<\/li>\n<li>API 17L1 and API 17L2 compliant;<\/li>\n<li>Low weight;<\/li>\n<li>Simplified installation without the need for special tools.<\/li>\n<\/ul>","protected":false},"excerpt":{"rendered":"<p>A system developed by Petros Seals to protect intermediate connectors of flexible lines and their accessories against collisions. Designed in Polyurethane, it has great impact resistance (up to 2200 joules). \nThe main features are:<\/p>\n<ul>\n<li>High impact absorption capacity due to design and compounds used;<\/li>\n<li>Windows allowing connection flange and test ports to be viewed<\/li>\n<li>Independent system that allows anode cables to pass through<\/li>\n<li>API 17L1 and API 17L2 compliant;<\/li>\n<li>Low weight;<\/li>\n<li>Simplified installation without the need for special tools.<\/li>\n<\/ul>","protected":false},"featured_media":328,"template":"","meta":[],"product_cat":[248],"product_tag":[64,77],"yoast_head":"<!-- This site is optimized with the Yoast SEO plugin v16.7 - https:\/\/yoast.com\/wordpress\/plugins\/seo\/ -->\n<title>Protetores para conectores &mdash; Grupo GA230<\/title>\n<meta name=\"robots\" content=\"index, follow, max-snippet:-1, max-image-preview:large, max-video-preview:-1\" \/>\n<link rel=\"canonical\" href=\"https:\/\/grupoga230.com.br\/en\/product\/protetores-para-conectores\/\" \/>\n<meta property=\"og:locale\" content=\"en_US\" \/>\n<meta property=\"og:type\" content=\"article\" \/>\n<meta property=\"og:title\" content=\"Protetores para conectores &mdash; Grupo GA230\" \/>\n<meta property=\"og:description\" content=\"Sistema desenvolvido pela Petros Seals para proteger os conectores intermedi\u00e1rios das linhas flex\u00edveis e seus acess\u00f3rios contra colis\u00f5es. Projetado em Poliuretano possui grande resist\u00eancia a impacto (at\u00e9 2200 joules). Suas principais caracter\u00edsticas s\u00e3o:   Alta capacidade de absor\u00e7\u00e3o de impacto devido ao design e compostos utilizados  Janelas que permitem a visualiza\u00e7\u00e3o do flange de liga\u00e7\u00e3o e dos p\u00f3rticos de teste  Sistema independente que permite a passagem dos cabos de anodo  Em conformidade com API 17L1 e API 17L2  Baixo peso  Instala\u00e7\u00e3o simplificada sem a necessidade de ferramentas especiais.\" \/>\n<meta property=\"og:url\" content=\"https:\/\/grupoga230.com.br\/en\/product\/protetores-para-conectores\/\" \/>\n<meta property=\"og:site_name\" content=\"Grupo GA230\" \/>\n<meta property=\"article:modified_time\" content=\"2020-01-21T03:48:59+00:00\" \/>\n<meta property=\"og:image\" content=\"https:\/\/grupoga230.com.br\/wp-content\/uploads\/2019\/09\/Imagem21.jpg\" \/>\n\t<meta property=\"og:image:width\" content=\"467\" \/>\n\t<meta property=\"og:image:height\" content=\"407\" \/>\n<meta name=\"twitter:card\" content=\"summary_large_image\" \/>\n<script type=\"application\/ld+json\" class=\"yoast-schema-graph\">{\"@context\":\"https:\/\/schema.org\",\"@graph\":[{\"@type\":\"Organization\",\"@id\":\"https:\/\/grupoga230.com.br\/#organization\",\"name\":\"Grupo GA 230\",\"url\":\"https:\/\/grupoga230.com.br\/\",\"sameAs\":[],\"logo\":{\"@type\":\"ImageObject\",\"@id\":\"https:\/\/grupoga230.com.br\/#logo\",\"inLanguage\":\"en-US\",\"url\":\"https:\/\/grupoga230.com.br\/wp-content\/uploads\/2019\/09\/Logo-Grupo-GA2303-2.png\",\"contentUrl\":\"https:\/\/grupoga230.com.br\/wp-content\/uploads\/2019\/09\/Logo-Grupo-GA2303-2.png\",\"width\":100,\"height\":103,\"caption\":\"Grupo GA 230\"},\"image\":{\"@id\":\"https:\/\/grupoga230.com.br\/#logo\"}},{\"@type\":\"WebSite\",\"@id\":\"https:\/\/grupoga230.com.br\/#website\",\"url\":\"https:\/\/grupoga230.com.br\/\",\"name\":\"Grupo GA230\",\"description\":\"Veda\\u00e7\\u00f5es T\\u00e9cnicas em Borracha e Solu\\u00e7\\u00f5es em Poliuretano\",\"publisher\":{\"@id\":\"https:\/\/grupoga230.com.br\/#organization\"},\"potentialAction\":[{\"@type\":\"SearchAction\",\"target\":{\"@type\":\"EntryPoint\",\"urlTemplate\":\"https:\/\/grupoga230.com.br\/?s={search_term_string}\"},\"query-input\":\"required name=search_term_string\"}],\"inLanguage\":\"en-US\"},{\"@type\":\"ImageObject\",\"@id\":\"https:\/\/grupoga230.com.br\/produto\/protetores-para-conectores\/#primaryimage\",\"inLanguage\":\"en-US\",\"url\":\"https:\/\/grupoga230.com.br\/wp-content\/uploads\/2019\/09\/Imagem21.jpg\",\"contentUrl\":\"https:\/\/grupoga230.com.br\/wp-content\/uploads\/2019\/09\/Imagem21.jpg\",\"width\":467,\"height\":407,\"caption\":\"Protetores para conectores\"},{\"@type\":\"WebPage\",\"@id\":\"https:\/\/grupoga230.com.br\/produto\/protetores-para-conectores\/#webpage\",\"url\":\"https:\/\/grupoga230.com.br\/produto\/protetores-para-conectores\/\",\"name\":\"Protetores para conectores &mdash; Grupo GA230\",\"isPartOf\":{\"@id\":\"https:\/\/grupoga230.com.br\/#website\"},\"primaryImageOfPage\":{\"@id\":\"https:\/\/grupoga230.com.br\/produto\/protetores-para-conectores\/#primaryimage\"},\"datePublished\":\"2019-09-20T21:59:07+00:00\",\"dateModified\":\"2020-01-21T03:48:59+00:00\",\"breadcrumb\":{\"@id\":\"https:\/\/grupoga230.com.br\/produto\/protetores-para-conectores\/#breadcrumb\"},\"inLanguage\":\"en-US\",\"potentialAction\":[{\"@type\":\"ReadAction\",\"target\":[\"https:\/\/grupoga230.com.br\/produto\/protetores-para-conectores\/\"]}]},{\"@type\":\"BreadcrumbList\",\"@id\":\"https:\/\/grupoga230.com.br\/produto\/protetores-para-conectores\/#breadcrumb\",\"itemListElement\":[{\"@type\":\"ListItem\",\"position\":1,\"name\":\"In\\u00edcio\",\"item\":\"https:\/\/grupoga230.com.br\/\"},{\"@type\":\"ListItem\",\"position\":2,\"name\":\"Produtos\",\"item\":\"https:\/\/grupoga230.com.br\/produtos\/\"},{\"@type\":\"ListItem\",\"position\":3,\"name\":\"Protetores para conectores\"}]}]}<\/script>\n<!-- \/ Yoast SEO plugin. -->","yoast_head_json":{"title":"Protetores para conectores &mdash; Grupo GA230","robots":{"index":"index","follow":"follow","max-snippet":"max-snippet:-1","max-image-preview":"max-image-preview:large","max-video-preview":"max-video-preview:-1"},"canonical":"https:\/\/grupoga230.com.br\/en\/product\/protetores-para-conectores\/","og_locale":"en_US","og_type":"article","og_title":"Protetores para conectores &mdash; Grupo GA230","og_description":"Sistema desenvolvido pela Petros Seals para proteger os conectores intermedi\u00e1rios das linhas flex\u00edveis e seus acess\u00f3rios contra colis\u00f5es. Projetado em Poliuretano possui grande resist\u00eancia a impacto (at\u00e9 2200 joules). Suas principais caracter\u00edsticas s\u00e3o:   Alta capacidade de absor\u00e7\u00e3o de impacto devido ao design e compostos utilizados  Janelas que permitem a visualiza\u00e7\u00e3o do flange de liga\u00e7\u00e3o e dos p\u00f3rticos de teste  Sistema independente que permite a passagem dos cabos de anodo  Em conformidade com API 17L1 e API 17L2  Baixo peso  Instala\u00e7\u00e3o simplificada sem a necessidade de ferramentas especiais.","og_url":"https:\/\/grupoga230.com.br\/en\/product\/protetores-para-conectores\/","og_site_name":"Grupo GA230","article_modified_time":"2020-01-21T03:48:59+00:00","og_image":[{"width":467,"height":407,"url":"https:\/\/grupoga230.com.br\/wp-content\/uploads\/2019\/09\/Imagem21.jpg","path":"\/home\/storage\/5\/a0\/7d\/grupoga2301\/public_html\/wp-content\/uploads\/2019\/09\/Imagem21.jpg","size":"full","id":328,"alt":"Protetores para conectores","pixels":190069,"type":"image\/jpeg"}],"twitter_card":"summary_large_image","schema":{"@context":"https:\/\/schema.org","@graph":[{"@type":"Organization","@id":"https:\/\/grupoga230.com.br\/#organization","name":"Grupo GA 230","url":"https:\/\/grupoga230.com.br\/","sameAs":[],"logo":{"@type":"ImageObject","@id":"https:\/\/grupoga230.com.br\/#logo","inLanguage":"en-US","url":"https:\/\/grupoga230.com.br\/wp-content\/uploads\/2019\/09\/Logo-Grupo-GA2303-2.png","contentUrl":"https:\/\/grupoga230.com.br\/wp-content\/uploads\/2019\/09\/Logo-Grupo-GA2303-2.png","width":100,"height":103,"caption":"Grupo GA 230"},"image":{"@id":"https:\/\/grupoga230.com.br\/#logo"}},{"@type":"WebSite","@id":"https:\/\/grupoga230.com.br\/#website","url":"https:\/\/grupoga230.com.br\/","name":"Grupo GA230","description":"Veda\u00e7\u00f5es T\u00e9cnicas em Borracha e Solu\u00e7\u00f5es em Poliuretano","publisher":{"@id":"https:\/\/grupoga230.com.br\/#organization"},"potentialAction":[{"@type":"SearchAction","target":{"@type":"EntryPoint","urlTemplate":"https:\/\/grupoga230.com.br\/?s={search_term_string}"},"query-input":"required name=search_term_string"}],"inLanguage":"en-US"},{"@type":"ImageObject","@id":"https:\/\/grupoga230.com.br\/produto\/protetores-para-conectores\/#primaryimage","inLanguage":"en-US","url":"https:\/\/grupoga230.com.br\/wp-content\/uploads\/2019\/09\/Imagem21.jpg","contentUrl":"https:\/\/grupoga230.com.br\/wp-content\/uploads\/2019\/09\/Imagem21.jpg","width":467,"height":407,"caption":"Protetores para conectores"},{"@type":"WebPage","@id":"https:\/\/grupoga230.com.br\/produto\/protetores-para-conectores\/#webpage","url":"https:\/\/grupoga230.com.br\/produto\/protetores-para-conectores\/","name":"Protetores para conectores &mdash; Grupo GA230","isPartOf":{"@id":"https:\/\/grupoga230.com.br\/#website"},"primaryImageOfPage":{"@id":"https:\/\/grupoga230.com.br\/produto\/protetores-para-conectores\/#primaryimage"},"datePublished":"2019-09-20T21:59:07+00:00","dateModified":"2020-01-21T03:48:59+00:00","breadcrumb":{"@id":"https:\/\/grupoga230.com.br\/produto\/protetores-para-conectores\/#breadcrumb"},"inLanguage":"en-US","potentialAction":[{"@type":"ReadAction","target":["https:\/\/grupoga230.com.br\/produto\/protetores-para-conectores\/"]}]},{"@type":"BreadcrumbList","@id":"https:\/\/grupoga230.com.br\/produto\/protetores-para-conectores\/#breadcrumb","itemListElement":[{"@type":"ListItem","position":1,"name":"In\u00edcio","item":"https:\/\/grupoga230.com.br\/"},{"@type":"ListItem","position":2,"name":"Produtos","item":"https:\/\/grupoga230.com.br\/produtos\/"},{"@type":"ListItem","position":3,"name":"Protetores para conectores"}]}]}},"_links":{"self":[{"href":"https:\/\/grupoga230.com.br\/en\/wp-json\/wp\/v2\/product\/327"}],"collection":[{"href":"https:\/\/grupoga230.com.br\/en\/wp-json\/wp\/v2\/product"}],"about":[{"href":"https:\/\/grupoga230.com.br\/en\/wp-json\/wp\/v2\/types\/product"}],"wp:featuredmedia":[{"embeddable":true,"href":"https:\/\/grupoga230.com.br\/en\/wp-json\/wp\/v2\/media\/328"}],"wp:attachment":[{"href":"https:\/\/grupoga230.com.br\/en\/wp-json\/wp\/v2\/media?parent=327"}],"wp:term":[{"taxonomy":"product_cat","embeddable":true,"href":"https:\/\/grupoga230.com.br\/en\/wp-json\/wp\/v2\/product_cat?post=327"},{"taxonomy":"product_tag","embeddable":true,"href":"https:\/\/grupoga230.com.br\/en\/wp-json\/wp\/v2\/product_tag?post=327"}],"curies":[{"name":"wp","href":"https:\/\/api.w.org\/{rel}","templated":true}]}}