{"id":320,"date":"2019-09-20T18:53:29","date_gmt":"2019-09-20T21:53:29","guid":{"rendered":"https:\/\/grupoga230.com.br\/?post_type=product&#038;p=320"},"modified":"2020-01-21T00:49:26","modified_gmt":"2020-01-21T03:49:26","slug":"insulation-clamp","status":"publish","type":"product","link":"https:\/\/grupoga230.com.br\/en\/product\/insulation-clamp\/","title":{"rendered":"Insulation Clamp"},"content":{"rendered":"","protected":false},"excerpt":{"rendered":"<p>Used to rebuild the thermal insulation layer of the flexible line, they are made of 60 Shore D Polyurethane with CRA metal straps. \nThe compound has been specially developed to meet the 25-years service life and maintain the thermal characteristics of the line.<\/p>","protected":false},"featured_media":666,"template":"","meta":[],"product_cat":[248],"product_tag":[74,64],"yoast_head":"<!-- This site is optimized with the Yoast SEO plugin v16.7 - https:\/\/yoast.com\/wordpress\/plugins\/seo\/ -->\n<title>Insulation Clamp &mdash; Grupo GA230<\/title>\n<meta name=\"robots\" content=\"index, follow, max-snippet:-1, max-image-preview:large, max-video-preview:-1\" \/>\n<link rel=\"canonical\" href=\"https:\/\/grupoga230.com.br\/en\/product\/insulation-clamp\/\" \/>\n<meta property=\"og:locale\" content=\"en_US\" \/>\n<meta property=\"og:type\" content=\"article\" \/>\n<meta property=\"og:title\" content=\"Insulation Clamp &mdash; Grupo GA230\" \/>\n<meta property=\"og:description\" content=\"Utilizados para recompor a camada de isolamento t\u00e9rmico da linha flex\u00edvel s\u00e3o fabricados em Poliuretano 60 Shore D com cintas met\u00e1licas em CRA. O composto foi especialmente desenvolvido para atender a vida \u00fatil de 25 anos e manter as caracter\u00edsticas t\u00e9rmicas da linha.\" \/>\n<meta property=\"og:url\" content=\"https:\/\/grupoga230.com.br\/en\/product\/insulation-clamp\/\" \/>\n<meta property=\"og:site_name\" content=\"Grupo GA230\" \/>\n<meta property=\"article:modified_time\" content=\"2020-01-21T03:49:26+00:00\" \/>\n<meta property=\"og:image\" content=\"https:\/\/grupoga230.com.br\/wp-content\/uploads\/2019\/11\/Prod-Petros-Seals-027.jpg\" \/>\n\t<meta property=\"og:image:width\" content=\"1000\" \/>\n\t<meta property=\"og:image:height\" content=\"1000\" \/>\n<meta name=\"twitter:card\" content=\"summary_large_image\" \/>\n<script type=\"application\/ld+json\" class=\"yoast-schema-graph\">{\"@context\":\"https:\/\/schema.org\",\"@graph\":[{\"@type\":\"Organization\",\"@id\":\"https:\/\/grupoga230.com.br\/#organization\",\"name\":\"Grupo GA 230\",\"url\":\"https:\/\/grupoga230.com.br\/\",\"sameAs\":[],\"logo\":{\"@type\":\"ImageObject\",\"@id\":\"https:\/\/grupoga230.com.br\/#logo\",\"inLanguage\":\"en-US\",\"url\":\"https:\/\/grupoga230.com.br\/wp-content\/uploads\/2019\/09\/Logo-Grupo-GA2303-2.png\",\"contentUrl\":\"https:\/\/grupoga230.com.br\/wp-content\/uploads\/2019\/09\/Logo-Grupo-GA2303-2.png\",\"width\":100,\"height\":103,\"caption\":\"Grupo GA 230\"},\"image\":{\"@id\":\"https:\/\/grupoga230.com.br\/#logo\"}},{\"@type\":\"WebSite\",\"@id\":\"https:\/\/grupoga230.com.br\/#website\",\"url\":\"https:\/\/grupoga230.com.br\/\",\"name\":\"Grupo GA230\",\"description\":\"Veda\\u00e7\\u00f5es T\\u00e9cnicas em Borracha e Solu\\u00e7\\u00f5es em Poliuretano\",\"publisher\":{\"@id\":\"https:\/\/grupoga230.com.br\/#organization\"},\"potentialAction\":[{\"@type\":\"SearchAction\",\"target\":{\"@type\":\"EntryPoint\",\"urlTemplate\":\"https:\/\/grupoga230.com.br\/?s={search_term_string}\"},\"query-input\":\"required name=search_term_string\"}],\"inLanguage\":\"en-US\"},{\"@type\":\"ImageObject\",\"@id\":\"https:\/\/grupoga230.com.br\/produto\/insulation-clamp\/#primaryimage\",\"inLanguage\":\"en-US\",\"url\":\"https:\/\/grupoga230.com.br\/wp-content\/uploads\/2019\/11\/Prod-Petros-Seals-027.jpg\",\"contentUrl\":\"https:\/\/grupoga230.com.br\/wp-content\/uploads\/2019\/11\/Prod-Petros-Seals-027.jpg\",\"width\":1000,\"height\":1000},{\"@type\":\"WebPage\",\"@id\":\"https:\/\/grupoga230.com.br\/produto\/insulation-clamp\/#webpage\",\"url\":\"https:\/\/grupoga230.com.br\/produto\/insulation-clamp\/\",\"name\":\"Insulation Clamp &mdash; Grupo GA230\",\"isPartOf\":{\"@id\":\"https:\/\/grupoga230.com.br\/#website\"},\"primaryImageOfPage\":{\"@id\":\"https:\/\/grupoga230.com.br\/produto\/insulation-clamp\/#primaryimage\"},\"datePublished\":\"2019-09-20T21:53:29+00:00\",\"dateModified\":\"2020-01-21T03:49:26+00:00\",\"breadcrumb\":{\"@id\":\"https:\/\/grupoga230.com.br\/produto\/insulation-clamp\/#breadcrumb\"},\"inLanguage\":\"en-US\",\"potentialAction\":[{\"@type\":\"ReadAction\",\"target\":[\"https:\/\/grupoga230.com.br\/produto\/insulation-clamp\/\"]}]},{\"@type\":\"BreadcrumbList\",\"@id\":\"https:\/\/grupoga230.com.br\/produto\/insulation-clamp\/#breadcrumb\",\"itemListElement\":[{\"@type\":\"ListItem\",\"position\":1,\"name\":\"In\\u00edcio\",\"item\":\"https:\/\/grupoga230.com.br\/\"},{\"@type\":\"ListItem\",\"position\":2,\"name\":\"Produtos\",\"item\":\"https:\/\/grupoga230.com.br\/produtos\/\"},{\"@type\":\"ListItem\",\"position\":3,\"name\":\"Insulation Clamp\"}]}]}<\/script>\n<!-- \/ Yoast SEO plugin. -->","yoast_head_json":{"title":"Insulation Clamp &mdash; Grupo GA230","robots":{"index":"index","follow":"follow","max-snippet":"max-snippet:-1","max-image-preview":"max-image-preview:large","max-video-preview":"max-video-preview:-1"},"canonical":"https:\/\/grupoga230.com.br\/en\/product\/insulation-clamp\/","og_locale":"en_US","og_type":"article","og_title":"Insulation Clamp &mdash; Grupo GA230","og_description":"Utilizados para recompor a camada de isolamento t\u00e9rmico da linha flex\u00edvel s\u00e3o fabricados em Poliuretano 60 Shore D com cintas met\u00e1licas em CRA. O composto foi especialmente desenvolvido para atender a vida \u00fatil de 25 anos e manter as caracter\u00edsticas t\u00e9rmicas da linha.","og_url":"https:\/\/grupoga230.com.br\/en\/product\/insulation-clamp\/","og_site_name":"Grupo GA230","article_modified_time":"2020-01-21T03:49:26+00:00","og_image":[{"width":1000,"height":1000,"url":"https:\/\/grupoga230.com.br\/wp-content\/uploads\/2019\/11\/Prod-Petros-Seals-027.jpg","path":"\/home\/storage\/5\/a0\/7d\/grupoga2301\/public_html\/wp-content\/uploads\/2019\/11\/Prod-Petros-Seals-027.jpg","size":"full","id":666,"alt":"","pixels":1000000,"type":"image\/jpeg"}],"twitter_card":"summary_large_image","schema":{"@context":"https:\/\/schema.org","@graph":[{"@type":"Organization","@id":"https:\/\/grupoga230.com.br\/#organization","name":"Grupo GA 230","url":"https:\/\/grupoga230.com.br\/","sameAs":[],"logo":{"@type":"ImageObject","@id":"https:\/\/grupoga230.com.br\/#logo","inLanguage":"en-US","url":"https:\/\/grupoga230.com.br\/wp-content\/uploads\/2019\/09\/Logo-Grupo-GA2303-2.png","contentUrl":"https:\/\/grupoga230.com.br\/wp-content\/uploads\/2019\/09\/Logo-Grupo-GA2303-2.png","width":100,"height":103,"caption":"Grupo GA 230"},"image":{"@id":"https:\/\/grupoga230.com.br\/#logo"}},{"@type":"WebSite","@id":"https:\/\/grupoga230.com.br\/#website","url":"https:\/\/grupoga230.com.br\/","name":"Grupo GA230","description":"Veda\u00e7\u00f5es T\u00e9cnicas em Borracha e Solu\u00e7\u00f5es em Poliuretano","publisher":{"@id":"https:\/\/grupoga230.com.br\/#organization"},"potentialAction":[{"@type":"SearchAction","target":{"@type":"EntryPoint","urlTemplate":"https:\/\/grupoga230.com.br\/?s={search_term_string}"},"query-input":"required name=search_term_string"}],"inLanguage":"en-US"},{"@type":"ImageObject","@id":"https:\/\/grupoga230.com.br\/produto\/insulation-clamp\/#primaryimage","inLanguage":"en-US","url":"https:\/\/grupoga230.com.br\/wp-content\/uploads\/2019\/11\/Prod-Petros-Seals-027.jpg","contentUrl":"https:\/\/grupoga230.com.br\/wp-content\/uploads\/2019\/11\/Prod-Petros-Seals-027.jpg","width":1000,"height":1000},{"@type":"WebPage","@id":"https:\/\/grupoga230.com.br\/produto\/insulation-clamp\/#webpage","url":"https:\/\/grupoga230.com.br\/produto\/insulation-clamp\/","name":"Insulation Clamp &mdash; Grupo GA230","isPartOf":{"@id":"https:\/\/grupoga230.com.br\/#website"},"primaryImageOfPage":{"@id":"https:\/\/grupoga230.com.br\/produto\/insulation-clamp\/#primaryimage"},"datePublished":"2019-09-20T21:53:29+00:00","dateModified":"2020-01-21T03:49:26+00:00","breadcrumb":{"@id":"https:\/\/grupoga230.com.br\/produto\/insulation-clamp\/#breadcrumb"},"inLanguage":"en-US","potentialAction":[{"@type":"ReadAction","target":["https:\/\/grupoga230.com.br\/produto\/insulation-clamp\/"]}]},{"@type":"BreadcrumbList","@id":"https:\/\/grupoga230.com.br\/produto\/insulation-clamp\/#breadcrumb","itemListElement":[{"@type":"ListItem","position":1,"name":"In\u00edcio","item":"https:\/\/grupoga230.com.br\/"},{"@type":"ListItem","position":2,"name":"Produtos","item":"https:\/\/grupoga230.com.br\/produtos\/"},{"@type":"ListItem","position":3,"name":"Insulation Clamp"}]}]}},"_links":{"self":[{"href":"https:\/\/grupoga230.com.br\/en\/wp-json\/wp\/v2\/product\/320"}],"collection":[{"href":"https:\/\/grupoga230.com.br\/en\/wp-json\/wp\/v2\/product"}],"about":[{"href":"https:\/\/grupoga230.com.br\/en\/wp-json\/wp\/v2\/types\/product"}],"wp:featuredmedia":[{"embeddable":true,"href":"https:\/\/grupoga230.com.br\/en\/wp-json\/wp\/v2\/media\/666"}],"wp:attachment":[{"href":"https:\/\/grupoga230.com.br\/en\/wp-json\/wp\/v2\/media?parent=320"}],"wp:term":[{"taxonomy":"product_cat","embeddable":true,"href":"https:\/\/grupoga230.com.br\/en\/wp-json\/wp\/v2\/product_cat?post=320"},{"taxonomy":"product_tag","embeddable":true,"href":"https:\/\/grupoga230.com.br\/en\/wp-json\/wp\/v2\/product_tag?post=320"}],"curies":[{"name":"wp","href":"https:\/\/api.w.org\/{rel}","templated":true}]}}