{"id":315,"date":"2019-09-20T18:52:00","date_gmt":"2019-09-20T21:52:00","guid":{"rendered":"https:\/\/grupoga230.com.br\/?post_type=product&#038;p=315"},"modified":"2020-01-21T00:49:38","modified_gmt":"2020-01-21T03:49:38","slug":"extensor-de-bulbo-carreteis","status":"publish","type":"product","link":"https:\/\/grupoga230.com.br\/en\/product\/extensor-de-bulbo-carreteis\/","title":{"rendered":"Core Extension"},"content":{"rendered":"","protected":false},"excerpt":{"rendered":"<p>Used to increase the diameter, the core extension is an economical and easy installation solution. \nUtilizes solid polyurethane-coated expanded polyurethane plates that guarantee high impact absorption, excellent durability, and great weight reduction when compared to similar solutions and support up to 300 tons. \n\nThey can be geared towards the project's needs without making any changes to the spool.<\/p>","protected":false},"featured_media":316,"template":"","meta":[],"product_cat":[248],"product_tag":[73,64],"yoast_head":"<!-- This site is optimized with the Yoast SEO plugin v16.7 - https:\/\/yoast.com\/wordpress\/plugins\/seo\/ -->\n<title>Extensor de bulbo (Carret\u00e9is) &mdash; Grupo GA230<\/title>\n<meta name=\"robots\" content=\"index, follow, max-snippet:-1, max-image-preview:large, max-video-preview:-1\" \/>\n<link rel=\"canonical\" href=\"https:\/\/grupoga230.com.br\/en\/product\/extensor-de-bulbo-carreteis\/\" \/>\n<meta property=\"og:locale\" content=\"en_US\" \/>\n<meta property=\"og:type\" content=\"article\" \/>\n<meta property=\"og:title\" content=\"Extensor de bulbo (Carret\u00e9is) &mdash; Grupo GA230\" \/>\n<meta property=\"og:description\" content=\"Utilizado para aumentar o di\u00e2metro do bulbo do carretel \u00e9 uma solu\u00e7\u00e3o econ\u00f4mica e de f\u00e1cil instala\u00e7\u00e3o. Utiliza placas de poliuretano expandido revestidas com poliuretano s\u00f3lido que garantem alta absor\u00e7\u00e3o a impactos, excelente durabilidade e grande redu\u00e7\u00e3o de peso quando comparada a solu\u00e7\u00f5es similares e suportam at\u00e9 300 toneladas. Podem ser adequadas conforme a necessidade do projeto sem necessidade de fazer qualquer mudan\u00e7a no carretel.\" \/>\n<meta property=\"og:url\" content=\"https:\/\/grupoga230.com.br\/en\/product\/extensor-de-bulbo-carreteis\/\" \/>\n<meta property=\"og:site_name\" content=\"Grupo GA230\" \/>\n<meta property=\"article:modified_time\" content=\"2020-01-21T03:49:38+00:00\" \/>\n<meta property=\"og:image\" content=\"https:\/\/grupoga230.com.br\/wp-content\/uploads\/2019\/09\/Imagem12.png\" \/>\n\t<meta property=\"og:image:width\" content=\"514\" \/>\n\t<meta property=\"og:image:height\" content=\"609\" \/>\n<meta name=\"twitter:card\" content=\"summary_large_image\" \/>\n<script type=\"application\/ld+json\" class=\"yoast-schema-graph\">{\"@context\":\"https:\/\/schema.org\",\"@graph\":[{\"@type\":\"Organization\",\"@id\":\"https:\/\/grupoga230.com.br\/#organization\",\"name\":\"Grupo GA 230\",\"url\":\"https:\/\/grupoga230.com.br\/\",\"sameAs\":[],\"logo\":{\"@type\":\"ImageObject\",\"@id\":\"https:\/\/grupoga230.com.br\/#logo\",\"inLanguage\":\"en-US\",\"url\":\"https:\/\/grupoga230.com.br\/wp-content\/uploads\/2019\/09\/Logo-Grupo-GA2303-2.png\",\"contentUrl\":\"https:\/\/grupoga230.com.br\/wp-content\/uploads\/2019\/09\/Logo-Grupo-GA2303-2.png\",\"width\":100,\"height\":103,\"caption\":\"Grupo GA 230\"},\"image\":{\"@id\":\"https:\/\/grupoga230.com.br\/#logo\"}},{\"@type\":\"WebSite\",\"@id\":\"https:\/\/grupoga230.com.br\/#website\",\"url\":\"https:\/\/grupoga230.com.br\/\",\"name\":\"Grupo GA230\",\"description\":\"Veda\\u00e7\\u00f5es T\\u00e9cnicas em Borracha e Solu\\u00e7\\u00f5es em Poliuretano\",\"publisher\":{\"@id\":\"https:\/\/grupoga230.com.br\/#organization\"},\"potentialAction\":[{\"@type\":\"SearchAction\",\"target\":{\"@type\":\"EntryPoint\",\"urlTemplate\":\"https:\/\/grupoga230.com.br\/?s={search_term_string}\"},\"query-input\":\"required name=search_term_string\"}],\"inLanguage\":\"en-US\"},{\"@type\":\"ImageObject\",\"@id\":\"https:\/\/grupoga230.com.br\/en\/product\/extensor-de-bulbo-carreteis\/#primaryimage\",\"inLanguage\":\"en-US\",\"url\":\"https:\/\/grupoga230.com.br\/wp-content\/uploads\/2019\/09\/Imagem12.png\",\"contentUrl\":\"https:\/\/grupoga230.com.br\/wp-content\/uploads\/2019\/09\/Imagem12.png\",\"width\":514,\"height\":609,\"caption\":\"Extensor de bulbo (Carret\\u00e9is)\"},{\"@type\":\"WebPage\",\"@id\":\"https:\/\/grupoga230.com.br\/en\/product\/extensor-de-bulbo-carreteis\/#webpage\",\"url\":\"https:\/\/grupoga230.com.br\/en\/product\/extensor-de-bulbo-carreteis\/\",\"name\":\"Extensor de bulbo (Carret\\u00e9is) &mdash; Grupo GA230\",\"isPartOf\":{\"@id\":\"https:\/\/grupoga230.com.br\/#website\"},\"primaryImageOfPage\":{\"@id\":\"https:\/\/grupoga230.com.br\/en\/product\/extensor-de-bulbo-carreteis\/#primaryimage\"},\"datePublished\":\"2019-09-20T21:52:00+00:00\",\"dateModified\":\"2020-01-21T03:49:38+00:00\",\"breadcrumb\":{\"@id\":\"https:\/\/grupoga230.com.br\/en\/product\/extensor-de-bulbo-carreteis\/#breadcrumb\"},\"inLanguage\":\"en-US\",\"potentialAction\":[{\"@type\":\"ReadAction\",\"target\":[\"https:\/\/grupoga230.com.br\/en\/product\/extensor-de-bulbo-carreteis\/\"]}]},{\"@type\":\"BreadcrumbList\",\"@id\":\"https:\/\/grupoga230.com.br\/en\/product\/extensor-de-bulbo-carreteis\/#breadcrumb\",\"itemListElement\":[{\"@type\":\"ListItem\",\"position\":1,\"name\":\"In\\u00edcio\",\"item\":\"https:\/\/grupoga230.com.br\/\"},{\"@type\":\"ListItem\",\"position\":2,\"name\":\"Produtos\",\"item\":\"https:\/\/grupoga230.com.br\/produtos\/\"},{\"@type\":\"ListItem\",\"position\":3,\"name\":\"Extensor de bulbo (Carret\\u00e9is)\"}]}]}<\/script>\n<!-- \/ Yoast SEO plugin. -->","yoast_head_json":{"title":"Extensor de bulbo (Carret\u00e9is) &mdash; Grupo GA230","robots":{"index":"index","follow":"follow","max-snippet":"max-snippet:-1","max-image-preview":"max-image-preview:large","max-video-preview":"max-video-preview:-1"},"canonical":"https:\/\/grupoga230.com.br\/en\/product\/extensor-de-bulbo-carreteis\/","og_locale":"en_US","og_type":"article","og_title":"Extensor de bulbo (Carret\u00e9is) &mdash; Grupo GA230","og_description":"Utilizado para aumentar o di\u00e2metro do bulbo do carretel \u00e9 uma solu\u00e7\u00e3o econ\u00f4mica e de f\u00e1cil instala\u00e7\u00e3o. Utiliza placas de poliuretano expandido revestidas com poliuretano s\u00f3lido que garantem alta absor\u00e7\u00e3o a impactos, excelente durabilidade e grande redu\u00e7\u00e3o de peso quando comparada a solu\u00e7\u00f5es similares e suportam at\u00e9 300 toneladas. Podem ser adequadas conforme a necessidade do projeto sem necessidade de fazer qualquer mudan\u00e7a no carretel.","og_url":"https:\/\/grupoga230.com.br\/en\/product\/extensor-de-bulbo-carreteis\/","og_site_name":"Grupo GA230","article_modified_time":"2020-01-21T03:49:38+00:00","og_image":[{"width":514,"height":609,"url":"https:\/\/grupoga230.com.br\/wp-content\/uploads\/2019\/09\/Imagem12.png","path":"\/home\/storage\/5\/a0\/7d\/grupoga2301\/public_html\/wp-content\/uploads\/2019\/09\/Imagem12.png","size":"full","id":316,"alt":"Extensor de bulbo (Carret\u00e9is)","pixels":313026,"type":"image\/png"}],"twitter_card":"summary_large_image","schema":{"@context":"https:\/\/schema.org","@graph":[{"@type":"Organization","@id":"https:\/\/grupoga230.com.br\/#organization","name":"Grupo GA 230","url":"https:\/\/grupoga230.com.br\/","sameAs":[],"logo":{"@type":"ImageObject","@id":"https:\/\/grupoga230.com.br\/#logo","inLanguage":"en-US","url":"https:\/\/grupoga230.com.br\/wp-content\/uploads\/2019\/09\/Logo-Grupo-GA2303-2.png","contentUrl":"https:\/\/grupoga230.com.br\/wp-content\/uploads\/2019\/09\/Logo-Grupo-GA2303-2.png","width":100,"height":103,"caption":"Grupo GA 230"},"image":{"@id":"https:\/\/grupoga230.com.br\/#logo"}},{"@type":"WebSite","@id":"https:\/\/grupoga230.com.br\/#website","url":"https:\/\/grupoga230.com.br\/","name":"Grupo GA230","description":"Veda\u00e7\u00f5es T\u00e9cnicas em Borracha e Solu\u00e7\u00f5es em Poliuretano","publisher":{"@id":"https:\/\/grupoga230.com.br\/#organization"},"potentialAction":[{"@type":"SearchAction","target":{"@type":"EntryPoint","urlTemplate":"https:\/\/grupoga230.com.br\/?s={search_term_string}"},"query-input":"required name=search_term_string"}],"inLanguage":"en-US"},{"@type":"ImageObject","@id":"https:\/\/grupoga230.com.br\/en\/product\/extensor-de-bulbo-carreteis\/#primaryimage","inLanguage":"en-US","url":"https:\/\/grupoga230.com.br\/wp-content\/uploads\/2019\/09\/Imagem12.png","contentUrl":"https:\/\/grupoga230.com.br\/wp-content\/uploads\/2019\/09\/Imagem12.png","width":514,"height":609,"caption":"Extensor de bulbo (Carret\u00e9is)"},{"@type":"WebPage","@id":"https:\/\/grupoga230.com.br\/en\/product\/extensor-de-bulbo-carreteis\/#webpage","url":"https:\/\/grupoga230.com.br\/en\/product\/extensor-de-bulbo-carreteis\/","name":"Extensor de bulbo (Carret\u00e9is) &mdash; Grupo GA230","isPartOf":{"@id":"https:\/\/grupoga230.com.br\/#website"},"primaryImageOfPage":{"@id":"https:\/\/grupoga230.com.br\/en\/product\/extensor-de-bulbo-carreteis\/#primaryimage"},"datePublished":"2019-09-20T21:52:00+00:00","dateModified":"2020-01-21T03:49:38+00:00","breadcrumb":{"@id":"https:\/\/grupoga230.com.br\/en\/product\/extensor-de-bulbo-carreteis\/#breadcrumb"},"inLanguage":"en-US","potentialAction":[{"@type":"ReadAction","target":["https:\/\/grupoga230.com.br\/en\/product\/extensor-de-bulbo-carreteis\/"]}]},{"@type":"BreadcrumbList","@id":"https:\/\/grupoga230.com.br\/en\/product\/extensor-de-bulbo-carreteis\/#breadcrumb","itemListElement":[{"@type":"ListItem","position":1,"name":"In\u00edcio","item":"https:\/\/grupoga230.com.br\/"},{"@type":"ListItem","position":2,"name":"Produtos","item":"https:\/\/grupoga230.com.br\/produtos\/"},{"@type":"ListItem","position":3,"name":"Extensor de bulbo (Carret\u00e9is)"}]}]}},"_links":{"self":[{"href":"https:\/\/grupoga230.com.br\/en\/wp-json\/wp\/v2\/product\/315"}],"collection":[{"href":"https:\/\/grupoga230.com.br\/en\/wp-json\/wp\/v2\/product"}],"about":[{"href":"https:\/\/grupoga230.com.br\/en\/wp-json\/wp\/v2\/types\/product"}],"wp:featuredmedia":[{"embeddable":true,"href":"https:\/\/grupoga230.com.br\/en\/wp-json\/wp\/v2\/media\/316"}],"wp:attachment":[{"href":"https:\/\/grupoga230.com.br\/en\/wp-json\/wp\/v2\/media?parent=315"}],"wp:term":[{"taxonomy":"product_cat","embeddable":true,"href":"https:\/\/grupoga230.com.br\/en\/wp-json\/wp\/v2\/product_cat?post=315"},{"taxonomy":"product_tag","embeddable":true,"href":"https:\/\/grupoga230.com.br\/en\/wp-json\/wp\/v2\/product_tag?post=315"}],"curies":[{"name":"wp","href":"https:\/\/api.w.org\/{rel}","templated":true}]}}