{"id":312,"date":"2019-09-20T18:49:43","date_gmt":"2019-09-20T21:49:43","guid":{"rendered":"https:\/\/grupoga230.com.br\/?post_type=product&#038;p=312"},"modified":"2020-01-21T00:49:52","modified_gmt":"2020-01-21T03:49:52","slug":"placas-de-protecao-epe-polyplank","status":"publish","type":"product","link":"https:\/\/grupoga230.com.br\/en\/product\/placas-de-protecao-epe-polyplank\/","title":{"rendered":"Polyethylene Foam Plank (Polyplank)"},"content":{"rendered":"","protected":false},"excerpt":{"rendered":"<p>The Polyethylene foam plank (also known as Polyplank) are generally used as packaging to protect against possible shocks during movement and transport offshore.<\/p>\n<p>Working with different EPE densities, the plank can be developed according to customer and application needs.<\/p>\n<p>Polyplank planks represent a low-cost option and have great flexibility in their use.<\/p>","protected":false},"featured_media":662,"template":"","meta":[],"product_cat":[248],"product_tag":[64,72],"yoast_head":"<!-- This site is optimized with the Yoast SEO plugin v16.7 - https:\/\/yoast.com\/wordpress\/plugins\/seo\/ -->\n<title>Placas de Prote\u00e7\u00e3o EPE (Polyplank) &mdash; Grupo GA230<\/title>\n<meta name=\"robots\" content=\"index, follow, max-snippet:-1, max-image-preview:large, max-video-preview:-1\" \/>\n<link rel=\"canonical\" href=\"https:\/\/grupoga230.com.br\/en\/product\/placas-de-protecao-epe-polyplank\/\" \/>\n<meta property=\"og:locale\" content=\"en_US\" \/>\n<meta property=\"og:type\" content=\"article\" \/>\n<meta property=\"og:title\" content=\"Placas de Prote\u00e7\u00e3o EPE (Polyplank) &mdash; Grupo GA230\" \/>\n<meta property=\"og:description\" content=\"As placas de prote\u00e7\u00e3o de EPE (Polietelino Expandido) tamb\u00e9m conhecida como polyplank, geralmente aplicadas como embalagem de pe\u00e7as afim de proteger contra poss\u00edveis choques durante movimenta\u00e7\u00e3o e transporte para offshore.  Trabalhando com diferentes densidades do EPE, a placa pode ser desenvolvida de acordo com as necessidades do cliente e aplica\u00e7\u00e3o.  As placas de Polyplank representam uma op\u00e7\u00e3o de baixo custo e apresentam grande flexibilidade em sua utiliza\u00e7\u00e3o.\" \/>\n<meta property=\"og:url\" content=\"https:\/\/grupoga230.com.br\/en\/product\/placas-de-protecao-epe-polyplank\/\" \/>\n<meta property=\"og:site_name\" content=\"Grupo GA230\" \/>\n<meta property=\"article:modified_time\" content=\"2020-01-21T03:49:52+00:00\" \/>\n<meta property=\"og:image\" content=\"https:\/\/grupoga230.com.br\/wp-content\/uploads\/2019\/11\/Prod-Petros-Seals-023.jpg\" \/>\n\t<meta property=\"og:image:width\" content=\"1000\" \/>\n\t<meta property=\"og:image:height\" content=\"1000\" \/>\n<meta name=\"twitter:card\" content=\"summary_large_image\" \/>\n<script type=\"application\/ld+json\" class=\"yoast-schema-graph\">{\"@context\":\"https:\/\/schema.org\",\"@graph\":[{\"@type\":\"Organization\",\"@id\":\"https:\/\/grupoga230.com.br\/#organization\",\"name\":\"Grupo GA 230\",\"url\":\"https:\/\/grupoga230.com.br\/\",\"sameAs\":[],\"logo\":{\"@type\":\"ImageObject\",\"@id\":\"https:\/\/grupoga230.com.br\/#logo\",\"inLanguage\":\"en-US\",\"url\":\"https:\/\/grupoga230.com.br\/wp-content\/uploads\/2019\/09\/Logo-Grupo-GA2303-2.png\",\"contentUrl\":\"https:\/\/grupoga230.com.br\/wp-content\/uploads\/2019\/09\/Logo-Grupo-GA2303-2.png\",\"width\":100,\"height\":103,\"caption\":\"Grupo GA 230\"},\"image\":{\"@id\":\"https:\/\/grupoga230.com.br\/#logo\"}},{\"@type\":\"WebSite\",\"@id\":\"https:\/\/grupoga230.com.br\/#website\",\"url\":\"https:\/\/grupoga230.com.br\/\",\"name\":\"Grupo GA230\",\"description\":\"Veda\\u00e7\\u00f5es T\\u00e9cnicas em Borracha e Solu\\u00e7\\u00f5es em Poliuretano\",\"publisher\":{\"@id\":\"https:\/\/grupoga230.com.br\/#organization\"},\"potentialAction\":[{\"@type\":\"SearchAction\",\"target\":{\"@type\":\"EntryPoint\",\"urlTemplate\":\"https:\/\/grupoga230.com.br\/?s={search_term_string}\"},\"query-input\":\"required name=search_term_string\"}],\"inLanguage\":\"en-US\"},{\"@type\":\"ImageObject\",\"@id\":\"https:\/\/grupoga230.com.br\/en\/product\/placas-de-protecao-epe-polyplank\/#primaryimage\",\"inLanguage\":\"en-US\",\"url\":\"https:\/\/grupoga230.com.br\/wp-content\/uploads\/2019\/11\/Prod-Petros-Seals-023.jpg\",\"contentUrl\":\"https:\/\/grupoga230.com.br\/wp-content\/uploads\/2019\/11\/Prod-Petros-Seals-023.jpg\",\"width\":1000,\"height\":1000},{\"@type\":\"WebPage\",\"@id\":\"https:\/\/grupoga230.com.br\/en\/product\/placas-de-protecao-epe-polyplank\/#webpage\",\"url\":\"https:\/\/grupoga230.com.br\/en\/product\/placas-de-protecao-epe-polyplank\/\",\"name\":\"Placas de Prote\\u00e7\\u00e3o EPE (Polyplank) &mdash; Grupo GA230\",\"isPartOf\":{\"@id\":\"https:\/\/grupoga230.com.br\/#website\"},\"primaryImageOfPage\":{\"@id\":\"https:\/\/grupoga230.com.br\/en\/product\/placas-de-protecao-epe-polyplank\/#primaryimage\"},\"datePublished\":\"2019-09-20T21:49:43+00:00\",\"dateModified\":\"2020-01-21T03:49:52+00:00\",\"breadcrumb\":{\"@id\":\"https:\/\/grupoga230.com.br\/en\/product\/placas-de-protecao-epe-polyplank\/#breadcrumb\"},\"inLanguage\":\"en-US\",\"potentialAction\":[{\"@type\":\"ReadAction\",\"target\":[\"https:\/\/grupoga230.com.br\/en\/product\/placas-de-protecao-epe-polyplank\/\"]}]},{\"@type\":\"BreadcrumbList\",\"@id\":\"https:\/\/grupoga230.com.br\/en\/product\/placas-de-protecao-epe-polyplank\/#breadcrumb\",\"itemListElement\":[{\"@type\":\"ListItem\",\"position\":1,\"name\":\"In\\u00edcio\",\"item\":\"https:\/\/grupoga230.com.br\/\"},{\"@type\":\"ListItem\",\"position\":2,\"name\":\"Produtos\",\"item\":\"https:\/\/grupoga230.com.br\/produtos\/\"},{\"@type\":\"ListItem\",\"position\":3,\"name\":\"Placas de Prote\\u00e7\\u00e3o EPE (Polyplank)\"}]}]}<\/script>\n<!-- \/ Yoast SEO plugin. -->","yoast_head_json":{"title":"Placas de Prote\u00e7\u00e3o EPE (Polyplank) &mdash; Grupo GA230","robots":{"index":"index","follow":"follow","max-snippet":"max-snippet:-1","max-image-preview":"max-image-preview:large","max-video-preview":"max-video-preview:-1"},"canonical":"https:\/\/grupoga230.com.br\/en\/product\/placas-de-protecao-epe-polyplank\/","og_locale":"en_US","og_type":"article","og_title":"Placas de Prote\u00e7\u00e3o EPE (Polyplank) &mdash; Grupo GA230","og_description":"As placas de prote\u00e7\u00e3o de EPE (Polietelino Expandido) tamb\u00e9m conhecida como polyplank, geralmente aplicadas como embalagem de pe\u00e7as afim de proteger contra poss\u00edveis choques durante movimenta\u00e7\u00e3o e transporte para offshore.  Trabalhando com diferentes densidades do EPE, a placa pode ser desenvolvida de acordo com as necessidades do cliente e aplica\u00e7\u00e3o.  As placas de Polyplank representam uma op\u00e7\u00e3o de baixo custo e apresentam grande flexibilidade em sua utiliza\u00e7\u00e3o.","og_url":"https:\/\/grupoga230.com.br\/en\/product\/placas-de-protecao-epe-polyplank\/","og_site_name":"Grupo GA230","article_modified_time":"2020-01-21T03:49:52+00:00","og_image":[{"width":1000,"height":1000,"url":"https:\/\/grupoga230.com.br\/wp-content\/uploads\/2019\/11\/Prod-Petros-Seals-023.jpg","path":"\/home\/storage\/5\/a0\/7d\/grupoga2301\/public_html\/wp-content\/uploads\/2019\/11\/Prod-Petros-Seals-023.jpg","size":"full","id":662,"alt":"","pixels":1000000,"type":"image\/jpeg"}],"twitter_card":"summary_large_image","schema":{"@context":"https:\/\/schema.org","@graph":[{"@type":"Organization","@id":"https:\/\/grupoga230.com.br\/#organization","name":"Grupo GA 230","url":"https:\/\/grupoga230.com.br\/","sameAs":[],"logo":{"@type":"ImageObject","@id":"https:\/\/grupoga230.com.br\/#logo","inLanguage":"en-US","url":"https:\/\/grupoga230.com.br\/wp-content\/uploads\/2019\/09\/Logo-Grupo-GA2303-2.png","contentUrl":"https:\/\/grupoga230.com.br\/wp-content\/uploads\/2019\/09\/Logo-Grupo-GA2303-2.png","width":100,"height":103,"caption":"Grupo GA 230"},"image":{"@id":"https:\/\/grupoga230.com.br\/#logo"}},{"@type":"WebSite","@id":"https:\/\/grupoga230.com.br\/#website","url":"https:\/\/grupoga230.com.br\/","name":"Grupo GA230","description":"Veda\u00e7\u00f5es T\u00e9cnicas em Borracha e Solu\u00e7\u00f5es em Poliuretano","publisher":{"@id":"https:\/\/grupoga230.com.br\/#organization"},"potentialAction":[{"@type":"SearchAction","target":{"@type":"EntryPoint","urlTemplate":"https:\/\/grupoga230.com.br\/?s={search_term_string}"},"query-input":"required name=search_term_string"}],"inLanguage":"en-US"},{"@type":"ImageObject","@id":"https:\/\/grupoga230.com.br\/en\/product\/placas-de-protecao-epe-polyplank\/#primaryimage","inLanguage":"en-US","url":"https:\/\/grupoga230.com.br\/wp-content\/uploads\/2019\/11\/Prod-Petros-Seals-023.jpg","contentUrl":"https:\/\/grupoga230.com.br\/wp-content\/uploads\/2019\/11\/Prod-Petros-Seals-023.jpg","width":1000,"height":1000},{"@type":"WebPage","@id":"https:\/\/grupoga230.com.br\/en\/product\/placas-de-protecao-epe-polyplank\/#webpage","url":"https:\/\/grupoga230.com.br\/en\/product\/placas-de-protecao-epe-polyplank\/","name":"Placas de Prote\u00e7\u00e3o EPE (Polyplank) &mdash; Grupo GA230","isPartOf":{"@id":"https:\/\/grupoga230.com.br\/#website"},"primaryImageOfPage":{"@id":"https:\/\/grupoga230.com.br\/en\/product\/placas-de-protecao-epe-polyplank\/#primaryimage"},"datePublished":"2019-09-20T21:49:43+00:00","dateModified":"2020-01-21T03:49:52+00:00","breadcrumb":{"@id":"https:\/\/grupoga230.com.br\/en\/product\/placas-de-protecao-epe-polyplank\/#breadcrumb"},"inLanguage":"en-US","potentialAction":[{"@type":"ReadAction","target":["https:\/\/grupoga230.com.br\/en\/product\/placas-de-protecao-epe-polyplank\/"]}]},{"@type":"BreadcrumbList","@id":"https:\/\/grupoga230.com.br\/en\/product\/placas-de-protecao-epe-polyplank\/#breadcrumb","itemListElement":[{"@type":"ListItem","position":1,"name":"In\u00edcio","item":"https:\/\/grupoga230.com.br\/"},{"@type":"ListItem","position":2,"name":"Produtos","item":"https:\/\/grupoga230.com.br\/produtos\/"},{"@type":"ListItem","position":3,"name":"Placas de Prote\u00e7\u00e3o EPE (Polyplank)"}]}]}},"_links":{"self":[{"href":"https:\/\/grupoga230.com.br\/en\/wp-json\/wp\/v2\/product\/312"}],"collection":[{"href":"https:\/\/grupoga230.com.br\/en\/wp-json\/wp\/v2\/product"}],"about":[{"href":"https:\/\/grupoga230.com.br\/en\/wp-json\/wp\/v2\/types\/product"}],"wp:featuredmedia":[{"embeddable":true,"href":"https:\/\/grupoga230.com.br\/en\/wp-json\/wp\/v2\/media\/662"}],"wp:attachment":[{"href":"https:\/\/grupoga230.com.br\/en\/wp-json\/wp\/v2\/media?parent=312"}],"wp:term":[{"taxonomy":"product_cat","embeddable":true,"href":"https:\/\/grupoga230.com.br\/en\/wp-json\/wp\/v2\/product_cat?post=312"},{"taxonomy":"product_tag","embeddable":true,"href":"https:\/\/grupoga230.com.br\/en\/wp-json\/wp\/v2\/product_tag?post=312"}],"curies":[{"name":"wp","href":"https:\/\/api.w.org\/{rel}","templated":true}]}}