{"id":309,"date":"2019-09-20T18:42:48","date_gmt":"2019-09-20T21:42:48","guid":{"rendered":"https:\/\/grupoga230.com.br\/?post_type=product&#038;p=309"},"modified":"2020-01-21T00:50:01","modified_gmt":"2020-01-21T03:50:01","slug":"berco-para-conectores","status":"publish","type":"product","link":"https:\/\/grupoga230.com.br\/en\/product\/berco-para-conectores\/","title":{"rendered":"Flexible Pipe Connector's Support"},"content":{"rendered":"","protected":false},"excerpt":{"rendered":"<p>The Flexible Pipe Connector\u2019s Support is a simple and robust solution to assist with flexible line assembly and connector preparation work. Due to its constructive material, the Flexible Pipe Connector\u2019s Support can be easily manipulated without the aid of bridges or gantries.<\/p>\n<p>An effective solution that can be used in both onshore and offshore environments.<\/p>","protected":false},"featured_media":656,"template":"","meta":[],"product_cat":[248],"product_tag":[],"yoast_head":"<!-- This site is optimized with the Yoast SEO plugin v16.7 - https:\/\/yoast.com\/wordpress\/plugins\/seo\/ -->\n<title>Ber\u00e7o para conectores &mdash; Grupo GA230<\/title>\n<meta name=\"robots\" content=\"index, follow, max-snippet:-1, max-image-preview:large, max-video-preview:-1\" \/>\n<link rel=\"canonical\" href=\"https:\/\/grupoga230.com.br\/en\/product\/berco-para-conectores\/\" \/>\n<meta property=\"og:locale\" content=\"en_US\" \/>\n<meta property=\"og:type\" content=\"article\" \/>\n<meta property=\"og:title\" content=\"Ber\u00e7o para conectores &mdash; Grupo GA230\" \/>\n<meta property=\"og:description\" content=\"Os ber\u00e7os para conectores s\u00e3o uma solu\u00e7\u00e3o simples e robusta para ajudar na montagem das linhas flex\u00edveis e trabalhos de prepara\u00e7\u00e3o dos conectores. Devido ao seu material construtivo o ber\u00e7o pode ser facilmente manipulado sem a ajuda de pontes ou p\u00f3rticos.  Uma solu\u00e7\u00e3o eficaz que pode ser utilizada tanto no ambiente onshore quanto no offshore\" \/>\n<meta property=\"og:url\" content=\"https:\/\/grupoga230.com.br\/en\/product\/berco-para-conectores\/\" \/>\n<meta property=\"og:site_name\" content=\"Grupo GA230\" \/>\n<meta property=\"article:modified_time\" content=\"2020-01-21T03:50:01+00:00\" \/>\n<meta property=\"og:image\" content=\"https:\/\/grupoga230.com.br\/wp-content\/uploads\/2019\/11\/Prod-Petros-Seals-018.jpg\" \/>\n\t<meta property=\"og:image:width\" content=\"1000\" \/>\n\t<meta property=\"og:image:height\" content=\"1000\" \/>\n<meta name=\"twitter:card\" content=\"summary_large_image\" \/>\n<script type=\"application\/ld+json\" class=\"yoast-schema-graph\">{\"@context\":\"https:\/\/schema.org\",\"@graph\":[{\"@type\":\"Organization\",\"@id\":\"https:\/\/grupoga230.com.br\/#organization\",\"name\":\"Grupo GA 230\",\"url\":\"https:\/\/grupoga230.com.br\/\",\"sameAs\":[],\"logo\":{\"@type\":\"ImageObject\",\"@id\":\"https:\/\/grupoga230.com.br\/#logo\",\"inLanguage\":\"en-US\",\"url\":\"https:\/\/grupoga230.com.br\/wp-content\/uploads\/2019\/09\/Logo-Grupo-GA2303-2.png\",\"contentUrl\":\"https:\/\/grupoga230.com.br\/wp-content\/uploads\/2019\/09\/Logo-Grupo-GA2303-2.png\",\"width\":100,\"height\":103,\"caption\":\"Grupo GA 230\"},\"image\":{\"@id\":\"https:\/\/grupoga230.com.br\/#logo\"}},{\"@type\":\"WebSite\",\"@id\":\"https:\/\/grupoga230.com.br\/#website\",\"url\":\"https:\/\/grupoga230.com.br\/\",\"name\":\"Grupo GA230\",\"description\":\"Veda\\u00e7\\u00f5es T\\u00e9cnicas em Borracha e Solu\\u00e7\\u00f5es em Poliuretano\",\"publisher\":{\"@id\":\"https:\/\/grupoga230.com.br\/#organization\"},\"potentialAction\":[{\"@type\":\"SearchAction\",\"target\":{\"@type\":\"EntryPoint\",\"urlTemplate\":\"https:\/\/grupoga230.com.br\/?s={search_term_string}\"},\"query-input\":\"required name=search_term_string\"}],\"inLanguage\":\"en-US\"},{\"@type\":\"ImageObject\",\"@id\":\"https:\/\/grupoga230.com.br\/produto\/berco-para-conectores\/#primaryimage\",\"inLanguage\":\"en-US\",\"url\":\"https:\/\/grupoga230.com.br\/wp-content\/uploads\/2019\/11\/Prod-Petros-Seals-018.jpg\",\"contentUrl\":\"https:\/\/grupoga230.com.br\/wp-content\/uploads\/2019\/11\/Prod-Petros-Seals-018.jpg\",\"width\":1000,\"height\":1000},{\"@type\":\"WebPage\",\"@id\":\"https:\/\/grupoga230.com.br\/produto\/berco-para-conectores\/#webpage\",\"url\":\"https:\/\/grupoga230.com.br\/produto\/berco-para-conectores\/\",\"name\":\"Ber\\u00e7o para conectores &mdash; Grupo GA230\",\"isPartOf\":{\"@id\":\"https:\/\/grupoga230.com.br\/#website\"},\"primaryImageOfPage\":{\"@id\":\"https:\/\/grupoga230.com.br\/produto\/berco-para-conectores\/#primaryimage\"},\"datePublished\":\"2019-09-20T21:42:48+00:00\",\"dateModified\":\"2020-01-21T03:50:01+00:00\",\"breadcrumb\":{\"@id\":\"https:\/\/grupoga230.com.br\/produto\/berco-para-conectores\/#breadcrumb\"},\"inLanguage\":\"en-US\",\"potentialAction\":[{\"@type\":\"ReadAction\",\"target\":[\"https:\/\/grupoga230.com.br\/produto\/berco-para-conectores\/\"]}]},{\"@type\":\"BreadcrumbList\",\"@id\":\"https:\/\/grupoga230.com.br\/produto\/berco-para-conectores\/#breadcrumb\",\"itemListElement\":[{\"@type\":\"ListItem\",\"position\":1,\"name\":\"In\\u00edcio\",\"item\":\"https:\/\/grupoga230.com.br\/\"},{\"@type\":\"ListItem\",\"position\":2,\"name\":\"Produtos\",\"item\":\"https:\/\/grupoga230.com.br\/produtos\/\"},{\"@type\":\"ListItem\",\"position\":3,\"name\":\"Ber\\u00e7o para conectores\"}]}]}<\/script>\n<!-- \/ Yoast SEO plugin. -->","yoast_head_json":{"title":"Ber\u00e7o para conectores &mdash; Grupo GA230","robots":{"index":"index","follow":"follow","max-snippet":"max-snippet:-1","max-image-preview":"max-image-preview:large","max-video-preview":"max-video-preview:-1"},"canonical":"https:\/\/grupoga230.com.br\/en\/product\/berco-para-conectores\/","og_locale":"en_US","og_type":"article","og_title":"Ber\u00e7o para conectores &mdash; Grupo GA230","og_description":"Os ber\u00e7os para conectores s\u00e3o uma solu\u00e7\u00e3o simples e robusta para ajudar na montagem das linhas flex\u00edveis e trabalhos de prepara\u00e7\u00e3o dos conectores. Devido ao seu material construtivo o ber\u00e7o pode ser facilmente manipulado sem a ajuda de pontes ou p\u00f3rticos.  Uma solu\u00e7\u00e3o eficaz que pode ser utilizada tanto no ambiente onshore quanto no offshore","og_url":"https:\/\/grupoga230.com.br\/en\/product\/berco-para-conectores\/","og_site_name":"Grupo GA230","article_modified_time":"2020-01-21T03:50:01+00:00","og_image":[{"width":1000,"height":1000,"url":"https:\/\/grupoga230.com.br\/wp-content\/uploads\/2019\/11\/Prod-Petros-Seals-018.jpg","path":"\/home\/storage\/5\/a0\/7d\/grupoga2301\/public_html\/wp-content\/uploads\/2019\/11\/Prod-Petros-Seals-018.jpg","size":"full","id":656,"alt":"","pixels":1000000,"type":"image\/jpeg"}],"twitter_card":"summary_large_image","schema":{"@context":"https:\/\/schema.org","@graph":[{"@type":"Organization","@id":"https:\/\/grupoga230.com.br\/#organization","name":"Grupo GA 230","url":"https:\/\/grupoga230.com.br\/","sameAs":[],"logo":{"@type":"ImageObject","@id":"https:\/\/grupoga230.com.br\/#logo","inLanguage":"en-US","url":"https:\/\/grupoga230.com.br\/wp-content\/uploads\/2019\/09\/Logo-Grupo-GA2303-2.png","contentUrl":"https:\/\/grupoga230.com.br\/wp-content\/uploads\/2019\/09\/Logo-Grupo-GA2303-2.png","width":100,"height":103,"caption":"Grupo GA 230"},"image":{"@id":"https:\/\/grupoga230.com.br\/#logo"}},{"@type":"WebSite","@id":"https:\/\/grupoga230.com.br\/#website","url":"https:\/\/grupoga230.com.br\/","name":"Grupo GA230","description":"Veda\u00e7\u00f5es T\u00e9cnicas em Borracha e Solu\u00e7\u00f5es em Poliuretano","publisher":{"@id":"https:\/\/grupoga230.com.br\/#organization"},"potentialAction":[{"@type":"SearchAction","target":{"@type":"EntryPoint","urlTemplate":"https:\/\/grupoga230.com.br\/?s={search_term_string}"},"query-input":"required name=search_term_string"}],"inLanguage":"en-US"},{"@type":"ImageObject","@id":"https:\/\/grupoga230.com.br\/produto\/berco-para-conectores\/#primaryimage","inLanguage":"en-US","url":"https:\/\/grupoga230.com.br\/wp-content\/uploads\/2019\/11\/Prod-Petros-Seals-018.jpg","contentUrl":"https:\/\/grupoga230.com.br\/wp-content\/uploads\/2019\/11\/Prod-Petros-Seals-018.jpg","width":1000,"height":1000},{"@type":"WebPage","@id":"https:\/\/grupoga230.com.br\/produto\/berco-para-conectores\/#webpage","url":"https:\/\/grupoga230.com.br\/produto\/berco-para-conectores\/","name":"Ber\u00e7o para conectores &mdash; Grupo GA230","isPartOf":{"@id":"https:\/\/grupoga230.com.br\/#website"},"primaryImageOfPage":{"@id":"https:\/\/grupoga230.com.br\/produto\/berco-para-conectores\/#primaryimage"},"datePublished":"2019-09-20T21:42:48+00:00","dateModified":"2020-01-21T03:50:01+00:00","breadcrumb":{"@id":"https:\/\/grupoga230.com.br\/produto\/berco-para-conectores\/#breadcrumb"},"inLanguage":"en-US","potentialAction":[{"@type":"ReadAction","target":["https:\/\/grupoga230.com.br\/produto\/berco-para-conectores\/"]}]},{"@type":"BreadcrumbList","@id":"https:\/\/grupoga230.com.br\/produto\/berco-para-conectores\/#breadcrumb","itemListElement":[{"@type":"ListItem","position":1,"name":"In\u00edcio","item":"https:\/\/grupoga230.com.br\/"},{"@type":"ListItem","position":2,"name":"Produtos","item":"https:\/\/grupoga230.com.br\/produtos\/"},{"@type":"ListItem","position":3,"name":"Ber\u00e7o para conectores"}]}]}},"_links":{"self":[{"href":"https:\/\/grupoga230.com.br\/en\/wp-json\/wp\/v2\/product\/309"}],"collection":[{"href":"https:\/\/grupoga230.com.br\/en\/wp-json\/wp\/v2\/product"}],"about":[{"href":"https:\/\/grupoga230.com.br\/en\/wp-json\/wp\/v2\/types\/product"}],"wp:featuredmedia":[{"embeddable":true,"href":"https:\/\/grupoga230.com.br\/en\/wp-json\/wp\/v2\/media\/656"}],"wp:attachment":[{"href":"https:\/\/grupoga230.com.br\/en\/wp-json\/wp\/v2\/media?parent=309"}],"wp:term":[{"taxonomy":"product_cat","embeddable":true,"href":"https:\/\/grupoga230.com.br\/en\/wp-json\/wp\/v2\/product_cat?post=309"},{"taxonomy":"product_tag","embeddable":true,"href":"https:\/\/grupoga230.com.br\/en\/wp-json\/wp\/v2\/product_tag?post=309"}],"curies":[{"name":"wp","href":"https:\/\/api.w.org\/{rel}","templated":true}]}}