{"id":1295,"date":"2020-02-06T13:29:48","date_gmt":"2020-02-06T16:29:48","guid":{"rendered":"https:\/\/grupoga230.com.br\/?post_type=product&#038;p=1295"},"modified":"2020-02-06T13:29:48","modified_gmt":"2020-02-06T16:29:48","slug":"raspadores-wyper-rings-poliuretano","status":"publish","type":"product","link":"https:\/\/grupoga230.com.br\/en\/product\/raspadores-wyper-rings-poliuretano\/","title":{"rendered":"Raspadores (Wyper Rings) &#8211; Poliuretano"},"content":{"rendered":"","protected":false},"excerpt":{"rendered":"<p>DN 19.375&#8243;<\/p>\n<p>DN 18.375&#8243;<\/p>\n<p>DN 28.000&#8243;<\/p>\n<p>DN 29.000&#8243;<\/p>\n<p>DN 32.890&#8243;<\/p>\n<p>DN 34.000&#8243;<\/p>\n<p>DN 43.175&#8243;<\/p>\n<p>DN 44.450&#8243;<\/p>","protected":false},"featured_media":1298,"template":"","meta":[],"product_cat":[69,110],"product_tag":[],"yoast_head":"<!-- This site is optimized with the Yoast SEO plugin v16.7 - https:\/\/yoast.com\/wordpress\/plugins\/seo\/ -->\n<title>Raspadores (Wyper Rings) - Poliuretano &mdash; Grupo GA230<\/title>\n<meta name=\"robots\" content=\"index, follow, max-snippet:-1, max-image-preview:large, max-video-preview:-1\" \/>\n<link rel=\"canonical\" href=\"https:\/\/grupoga230.com.br\/en\/product\/raspadores-wyper-rings-poliuretano\/\" \/>\n<meta property=\"og:locale\" content=\"en_US\" \/>\n<meta property=\"og:type\" content=\"article\" \/>\n<meta property=\"og:title\" content=\"Raspadores (Wyper Rings) - Poliuretano &mdash; Grupo GA230\" \/>\n<meta property=\"og:description\" content=\"DN 19.375&quot;  DN 18.375&quot;  DN 28.000&quot;  DN 29.000&quot;  DN 32.890&quot;  DN 34.000&quot;  DN 43.175&quot;  DN 44.450&quot;\" \/>\n<meta property=\"og:url\" content=\"https:\/\/grupoga230.com.br\/en\/product\/raspadores-wyper-rings-poliuretano\/\" \/>\n<meta property=\"og:site_name\" content=\"Grupo GA230\" \/>\n<meta property=\"og:image\" content=\"https:\/\/grupoga230.com.br\/wp-content\/uploads\/2020\/02\/Raspadores-Wyper-Rings1.png\" \/>\n\t<meta property=\"og:image:width\" content=\"2560\" \/>\n\t<meta property=\"og:image:height\" content=\"2560\" \/>\n<meta name=\"twitter:card\" content=\"summary_large_image\" \/>\n<script type=\"application\/ld+json\" class=\"yoast-schema-graph\">{\"@context\":\"https:\/\/schema.org\",\"@graph\":[{\"@type\":\"Organization\",\"@id\":\"https:\/\/grupoga230.com.br\/#organization\",\"name\":\"Grupo GA 230\",\"url\":\"https:\/\/grupoga230.com.br\/\",\"sameAs\":[],\"logo\":{\"@type\":\"ImageObject\",\"@id\":\"https:\/\/grupoga230.com.br\/#logo\",\"inLanguage\":\"en-US\",\"url\":\"https:\/\/grupoga230.com.br\/wp-content\/uploads\/2019\/09\/Logo-Grupo-GA2303-2.png\",\"contentUrl\":\"https:\/\/grupoga230.com.br\/wp-content\/uploads\/2019\/09\/Logo-Grupo-GA2303-2.png\",\"width\":100,\"height\":103,\"caption\":\"Grupo GA 230\"},\"image\":{\"@id\":\"https:\/\/grupoga230.com.br\/#logo\"}},{\"@type\":\"WebSite\",\"@id\":\"https:\/\/grupoga230.com.br\/#website\",\"url\":\"https:\/\/grupoga230.com.br\/\",\"name\":\"Grupo GA230\",\"description\":\"Veda\\u00e7\\u00f5es T\\u00e9cnicas em Borracha e Solu\\u00e7\\u00f5es em Poliuretano\",\"publisher\":{\"@id\":\"https:\/\/grupoga230.com.br\/#organization\"},\"potentialAction\":[{\"@type\":\"SearchAction\",\"target\":{\"@type\":\"EntryPoint\",\"urlTemplate\":\"https:\/\/grupoga230.com.br\/?s={search_term_string}\"},\"query-input\":\"required name=search_term_string\"}],\"inLanguage\":\"en-US\"},{\"@type\":\"ImageObject\",\"@id\":\"https:\/\/grupoga230.com.br\/produto\/raspadores-wyper-rings-poliuretano\/#primaryimage\",\"inLanguage\":\"en-US\",\"url\":\"https:\/\/grupoga230.com.br\/wp-content\/uploads\/2020\/02\/Raspadores-Wyper-Rings1.png\",\"contentUrl\":\"https:\/\/grupoga230.com.br\/wp-content\/uploads\/2020\/02\/Raspadores-Wyper-Rings1.png\",\"width\":2560,\"height\":2560},{\"@type\":\"WebPage\",\"@id\":\"https:\/\/grupoga230.com.br\/produto\/raspadores-wyper-rings-poliuretano\/#webpage\",\"url\":\"https:\/\/grupoga230.com.br\/produto\/raspadores-wyper-rings-poliuretano\/\",\"name\":\"Raspadores (Wyper Rings) - Poliuretano &mdash; Grupo GA230\",\"isPartOf\":{\"@id\":\"https:\/\/grupoga230.com.br\/#website\"},\"primaryImageOfPage\":{\"@id\":\"https:\/\/grupoga230.com.br\/produto\/raspadores-wyper-rings-poliuretano\/#primaryimage\"},\"datePublished\":\"2020-02-06T16:29:48+00:00\",\"dateModified\":\"2020-02-06T16:29:48+00:00\",\"breadcrumb\":{\"@id\":\"https:\/\/grupoga230.com.br\/produto\/raspadores-wyper-rings-poliuretano\/#breadcrumb\"},\"inLanguage\":\"en-US\",\"potentialAction\":[{\"@type\":\"ReadAction\",\"target\":[\"https:\/\/grupoga230.com.br\/produto\/raspadores-wyper-rings-poliuretano\/\"]}]},{\"@type\":\"BreadcrumbList\",\"@id\":\"https:\/\/grupoga230.com.br\/produto\/raspadores-wyper-rings-poliuretano\/#breadcrumb\",\"itemListElement\":[{\"@type\":\"ListItem\",\"position\":1,\"name\":\"In\\u00edcio\",\"item\":\"https:\/\/grupoga230.com.br\/\"},{\"@type\":\"ListItem\",\"position\":2,\"name\":\"Produtos\",\"item\":\"https:\/\/grupoga230.com.br\/produtos\/\"},{\"@type\":\"ListItem\",\"position\":3,\"name\":\"Raspadores (Wyper Rings) &#8211; Poliuretano\"}]}]}<\/script>\n<!-- \/ Yoast SEO plugin. -->","yoast_head_json":{"title":"Raspadores (Wyper Rings) - Poliuretano &mdash; Grupo GA230","robots":{"index":"index","follow":"follow","max-snippet":"max-snippet:-1","max-image-preview":"max-image-preview:large","max-video-preview":"max-video-preview:-1"},"canonical":"https:\/\/grupoga230.com.br\/en\/product\/raspadores-wyper-rings-poliuretano\/","og_locale":"en_US","og_type":"article","og_title":"Raspadores (Wyper Rings) - Poliuretano &mdash; Grupo GA230","og_description":"DN 19.375\"  DN 18.375\"  DN 28.000\"  DN 29.000\"  DN 32.890\"  DN 34.000\"  DN 43.175\"  DN 44.450\"","og_url":"https:\/\/grupoga230.com.br\/en\/product\/raspadores-wyper-rings-poliuretano\/","og_site_name":"Grupo GA230","og_image":[{"width":2560,"height":2560,"url":"https:\/\/grupoga230.com.br\/wp-content\/uploads\/2020\/02\/Raspadores-Wyper-Rings1.png","path":"\/home\/storage\/5\/a0\/7d\/grupoga2301\/public_html\/wp-content\/uploads\/2020\/02\/Raspadores-Wyper-Rings1.png","size":"full","id":1298,"alt":"","pixels":6553600,"type":"image\/png"}],"twitter_card":"summary_large_image","schema":{"@context":"https:\/\/schema.org","@graph":[{"@type":"Organization","@id":"https:\/\/grupoga230.com.br\/#organization","name":"Grupo GA 230","url":"https:\/\/grupoga230.com.br\/","sameAs":[],"logo":{"@type":"ImageObject","@id":"https:\/\/grupoga230.com.br\/#logo","inLanguage":"en-US","url":"https:\/\/grupoga230.com.br\/wp-content\/uploads\/2019\/09\/Logo-Grupo-GA2303-2.png","contentUrl":"https:\/\/grupoga230.com.br\/wp-content\/uploads\/2019\/09\/Logo-Grupo-GA2303-2.png","width":100,"height":103,"caption":"Grupo GA 230"},"image":{"@id":"https:\/\/grupoga230.com.br\/#logo"}},{"@type":"WebSite","@id":"https:\/\/grupoga230.com.br\/#website","url":"https:\/\/grupoga230.com.br\/","name":"Grupo GA230","description":"Veda\u00e7\u00f5es T\u00e9cnicas em Borracha e Solu\u00e7\u00f5es em Poliuretano","publisher":{"@id":"https:\/\/grupoga230.com.br\/#organization"},"potentialAction":[{"@type":"SearchAction","target":{"@type":"EntryPoint","urlTemplate":"https:\/\/grupoga230.com.br\/?s={search_term_string}"},"query-input":"required name=search_term_string"}],"inLanguage":"en-US"},{"@type":"ImageObject","@id":"https:\/\/grupoga230.com.br\/produto\/raspadores-wyper-rings-poliuretano\/#primaryimage","inLanguage":"en-US","url":"https:\/\/grupoga230.com.br\/wp-content\/uploads\/2020\/02\/Raspadores-Wyper-Rings1.png","contentUrl":"https:\/\/grupoga230.com.br\/wp-content\/uploads\/2020\/02\/Raspadores-Wyper-Rings1.png","width":2560,"height":2560},{"@type":"WebPage","@id":"https:\/\/grupoga230.com.br\/produto\/raspadores-wyper-rings-poliuretano\/#webpage","url":"https:\/\/grupoga230.com.br\/produto\/raspadores-wyper-rings-poliuretano\/","name":"Raspadores (Wyper Rings) - Poliuretano &mdash; Grupo GA230","isPartOf":{"@id":"https:\/\/grupoga230.com.br\/#website"},"primaryImageOfPage":{"@id":"https:\/\/grupoga230.com.br\/produto\/raspadores-wyper-rings-poliuretano\/#primaryimage"},"datePublished":"2020-02-06T16:29:48+00:00","dateModified":"2020-02-06T16:29:48+00:00","breadcrumb":{"@id":"https:\/\/grupoga230.com.br\/produto\/raspadores-wyper-rings-poliuretano\/#breadcrumb"},"inLanguage":"en-US","potentialAction":[{"@type":"ReadAction","target":["https:\/\/grupoga230.com.br\/produto\/raspadores-wyper-rings-poliuretano\/"]}]},{"@type":"BreadcrumbList","@id":"https:\/\/grupoga230.com.br\/produto\/raspadores-wyper-rings-poliuretano\/#breadcrumb","itemListElement":[{"@type":"ListItem","position":1,"name":"In\u00edcio","item":"https:\/\/grupoga230.com.br\/"},{"@type":"ListItem","position":2,"name":"Produtos","item":"https:\/\/grupoga230.com.br\/produtos\/"},{"@type":"ListItem","position":3,"name":"Raspadores (Wyper Rings) &#8211; Poliuretano"}]}]}},"_links":{"self":[{"href":"https:\/\/grupoga230.com.br\/en\/wp-json\/wp\/v2\/product\/1295"}],"collection":[{"href":"https:\/\/grupoga230.com.br\/en\/wp-json\/wp\/v2\/product"}],"about":[{"href":"https:\/\/grupoga230.com.br\/en\/wp-json\/wp\/v2\/types\/product"}],"wp:featuredmedia":[{"embeddable":true,"href":"https:\/\/grupoga230.com.br\/en\/wp-json\/wp\/v2\/media\/1298"}],"wp:attachment":[{"href":"https:\/\/grupoga230.com.br\/en\/wp-json\/wp\/v2\/media?parent=1295"}],"wp:term":[{"taxonomy":"product_cat","embeddable":true,"href":"https:\/\/grupoga230.com.br\/en\/wp-json\/wp\/v2\/product_cat?post=1295"},{"taxonomy":"product_tag","embeddable":true,"href":"https:\/\/grupoga230.com.br\/en\/wp-json\/wp\/v2\/product_tag?post=1295"}],"curies":[{"name":"wp","href":"https:\/\/api.w.org\/{rel}","templated":true}]}}