{"id":1290,"date":"2020-02-06T13:22:45","date_gmt":"2020-02-06T16:22:45","guid":{"rendered":"https:\/\/grupoga230.com.br\/?post_type=product&#038;p=1290"},"modified":"2020-02-06T13:23:45","modified_gmt":"2020-02-06T16:23:45","slug":"s-seals","status":"publish","type":"product","link":"https:\/\/grupoga230.com.br\/en\/product\/s-seals\/","title":{"rendered":"S Seals &#8211; Viton, NBR e HNBR para H2S"},"content":{"rendered":"","protected":false},"excerpt":{"rendered":"<p>DN 2.400&#8243;\u00a0 \u00a0 \u00a0 \u00a0 \u00a0 \u00a0 \u00a0DN 4.872&#8243;<\/p>\n<p>DN 2.535&#8243;\u00a0 \u00a0 \u00a0 \u00a0 \u00a0 \u00a0 \u00a0DN 5.543&#8243;<\/p>\n<p>DN 2.596&#8243;\u00a0 \u00a0 \u00a0 \u00a0 \u00a0 \u00a0 \u00a0DN 5.670&#8243;<\/p>\n<p>DN 3.535&#8243;\u00a0 \u00a0 \u00a0 \u00a0 \u00a0 \u00a0 \u00a0DN 6.515&#8243;<\/p>\n<p>DN 4.278&#8243;\u00a0 \u00a0 \u00a0 \u00a0 \u00a0 \u00a0 \u00a0DN 8.475&#8243;<\/p>\n<p>DN 4.391&#8243;\u00a0 \u00a0 \u00a0 \u00a0 \u00a0 \u00a0 \u00a0DN 10.445&#8243;<\/p>\n<p>DN 4.495&#8243;\u00a0 \u00a0 \u00a0 \u00a0 \u00a0 \u00a0 \u00a0DN 11.447&#8243;<\/p>\n<p>DN 4.720&#8243;\u00a0 \u00a0 \u00a0 \u00a0 \u00a0 \u00a0 \u00a0DN 12.260&#8243;<\/p>\n<p>DN 4.780&#8243;\u00a0 \u00a0 \u00a0 \u00a0 \u00a0 \u00a0 \u00a0DN 15.370&#8243;<\/p>\n<p>DN 4.846&#8243;<\/p>","protected":false},"featured_media":1289,"template":"","meta":[],"product_cat":[69,273],"product_tag":[],"yoast_head":"<!-- This site is optimized with the Yoast SEO plugin v16.7 - https:\/\/yoast.com\/wordpress\/plugins\/seo\/ -->\n<title>S Seals - Viton, NBR e HNBR para H2S &mdash; Grupo GA230<\/title>\n<meta name=\"robots\" content=\"index, follow, max-snippet:-1, max-image-preview:large, max-video-preview:-1\" \/>\n<link rel=\"canonical\" href=\"https:\/\/grupoga230.com.br\/en\/product\/s-seals\/\" \/>\n<meta property=\"og:locale\" content=\"en_US\" \/>\n<meta property=\"og:type\" content=\"article\" \/>\n<meta property=\"og:title\" content=\"S Seals - Viton, NBR e HNBR para H2S &mdash; Grupo GA230\" \/>\n<meta property=\"og:description\" content=\"DN 2.400&quot;\u00a0 \u00a0 \u00a0 \u00a0 \u00a0 \u00a0 \u00a0DN 4.872&quot;  DN 2.535&quot;\u00a0 \u00a0 \u00a0 \u00a0 \u00a0 \u00a0 \u00a0DN 5.543&quot;  DN 2.596&quot;\u00a0 \u00a0 \u00a0 \u00a0 \u00a0 \u00a0 \u00a0DN 5.670&quot;  DN 3.535&quot;\u00a0 \u00a0 \u00a0 \u00a0 \u00a0 \u00a0 \u00a0DN 6.515&quot;  DN 4.278&quot;\u00a0 \u00a0 \u00a0 \u00a0 \u00a0 \u00a0 \u00a0DN 8.475&quot;  DN 4.391&quot;\u00a0 \u00a0 \u00a0 \u00a0 \u00a0 \u00a0 \u00a0DN 10.445&quot;  DN 4.495&quot;\u00a0 \u00a0 \u00a0 \u00a0 \u00a0 \u00a0 \u00a0DN 11.447&quot;  DN 4.720&quot;\u00a0 \u00a0 \u00a0 \u00a0 \u00a0 \u00a0 \u00a0DN 12.260&quot;  DN 4.780&quot;\u00a0 \u00a0 \u00a0 \u00a0 \u00a0 \u00a0 \u00a0DN 15.370&quot;  DN 4.846&quot;\" \/>\n<meta property=\"og:url\" content=\"https:\/\/grupoga230.com.br\/en\/product\/s-seals\/\" \/>\n<meta property=\"og:site_name\" content=\"Grupo GA230\" \/>\n<meta property=\"article:modified_time\" content=\"2020-02-06T16:23:45+00:00\" \/>\n<meta property=\"og:image\" content=\"https:\/\/grupoga230.com.br\/wp-content\/uploads\/2020\/02\/S-Seals-Viton-NBR-e-HNBR-para-H2S.png\" \/>\n\t<meta property=\"og:image:width\" content=\"2560\" \/>\n\t<meta property=\"og:image:height\" content=\"2560\" \/>\n<meta name=\"twitter:card\" content=\"summary_large_image\" \/>\n<script type=\"application\/ld+json\" class=\"yoast-schema-graph\">{\"@context\":\"https:\/\/schema.org\",\"@graph\":[{\"@type\":\"Organization\",\"@id\":\"https:\/\/grupoga230.com.br\/#organization\",\"name\":\"Grupo GA 230\",\"url\":\"https:\/\/grupoga230.com.br\/\",\"sameAs\":[],\"logo\":{\"@type\":\"ImageObject\",\"@id\":\"https:\/\/grupoga230.com.br\/#logo\",\"inLanguage\":\"en-US\",\"url\":\"https:\/\/grupoga230.com.br\/wp-content\/uploads\/2019\/09\/Logo-Grupo-GA2303-2.png\",\"contentUrl\":\"https:\/\/grupoga230.com.br\/wp-content\/uploads\/2019\/09\/Logo-Grupo-GA2303-2.png\",\"width\":100,\"height\":103,\"caption\":\"Grupo GA 230\"},\"image\":{\"@id\":\"https:\/\/grupoga230.com.br\/#logo\"}},{\"@type\":\"WebSite\",\"@id\":\"https:\/\/grupoga230.com.br\/#website\",\"url\":\"https:\/\/grupoga230.com.br\/\",\"name\":\"Grupo GA230\",\"description\":\"Veda\\u00e7\\u00f5es T\\u00e9cnicas em Borracha e Solu\\u00e7\\u00f5es em Poliuretano\",\"publisher\":{\"@id\":\"https:\/\/grupoga230.com.br\/#organization\"},\"potentialAction\":[{\"@type\":\"SearchAction\",\"target\":{\"@type\":\"EntryPoint\",\"urlTemplate\":\"https:\/\/grupoga230.com.br\/?s={search_term_string}\"},\"query-input\":\"required name=search_term_string\"}],\"inLanguage\":\"en-US\"},{\"@type\":\"ImageObject\",\"@id\":\"https:\/\/grupoga230.com.br\/produto\/s-seals\/#primaryimage\",\"inLanguage\":\"en-US\",\"url\":\"https:\/\/grupoga230.com.br\/wp-content\/uploads\/2020\/02\/S-Seals-Viton-NBR-e-HNBR-para-H2S.png\",\"contentUrl\":\"https:\/\/grupoga230.com.br\/wp-content\/uploads\/2020\/02\/S-Seals-Viton-NBR-e-HNBR-para-H2S.png\",\"width\":2560,\"height\":2560},{\"@type\":\"WebPage\",\"@id\":\"https:\/\/grupoga230.com.br\/produto\/s-seals\/#webpage\",\"url\":\"https:\/\/grupoga230.com.br\/produto\/s-seals\/\",\"name\":\"S Seals - Viton, NBR e HNBR para H2S &mdash; Grupo GA230\",\"isPartOf\":{\"@id\":\"https:\/\/grupoga230.com.br\/#website\"},\"primaryImageOfPage\":{\"@id\":\"https:\/\/grupoga230.com.br\/produto\/s-seals\/#primaryimage\"},\"datePublished\":\"2020-02-06T16:22:45+00:00\",\"dateModified\":\"2020-02-06T16:23:45+00:00\",\"breadcrumb\":{\"@id\":\"https:\/\/grupoga230.com.br\/produto\/s-seals\/#breadcrumb\"},\"inLanguage\":\"en-US\",\"potentialAction\":[{\"@type\":\"ReadAction\",\"target\":[\"https:\/\/grupoga230.com.br\/produto\/s-seals\/\"]}]},{\"@type\":\"BreadcrumbList\",\"@id\":\"https:\/\/grupoga230.com.br\/produto\/s-seals\/#breadcrumb\",\"itemListElement\":[{\"@type\":\"ListItem\",\"position\":1,\"name\":\"In\\u00edcio\",\"item\":\"https:\/\/grupoga230.com.br\/\"},{\"@type\":\"ListItem\",\"position\":2,\"name\":\"Produtos\",\"item\":\"https:\/\/grupoga230.com.br\/produtos\/\"},{\"@type\":\"ListItem\",\"position\":3,\"name\":\"S Seals &#8211; Viton, NBR e HNBR para H2S\"}]}]}<\/script>\n<!-- \/ Yoast SEO plugin. -->","yoast_head_json":{"title":"S Seals - Viton, NBR e HNBR para H2S &mdash; Grupo GA230","robots":{"index":"index","follow":"follow","max-snippet":"max-snippet:-1","max-image-preview":"max-image-preview:large","max-video-preview":"max-video-preview:-1"},"canonical":"https:\/\/grupoga230.com.br\/en\/product\/s-seals\/","og_locale":"en_US","og_type":"article","og_title":"S Seals - Viton, NBR e HNBR para H2S &mdash; Grupo GA230","og_description":"DN 2.400\"\u00a0 \u00a0 \u00a0 \u00a0 \u00a0 \u00a0 \u00a0DN 4.872\"  DN 2.535\"\u00a0 \u00a0 \u00a0 \u00a0 \u00a0 \u00a0 \u00a0DN 5.543\"  DN 2.596\"\u00a0 \u00a0 \u00a0 \u00a0 \u00a0 \u00a0 \u00a0DN 5.670\"  DN 3.535\"\u00a0 \u00a0 \u00a0 \u00a0 \u00a0 \u00a0 \u00a0DN 6.515\"  DN 4.278\"\u00a0 \u00a0 \u00a0 \u00a0 \u00a0 \u00a0 \u00a0DN 8.475\"  DN 4.391\"\u00a0 \u00a0 \u00a0 \u00a0 \u00a0 \u00a0 \u00a0DN 10.445\"  DN 4.495\"\u00a0 \u00a0 \u00a0 \u00a0 \u00a0 \u00a0 \u00a0DN 11.447\"  DN 4.720\"\u00a0 \u00a0 \u00a0 \u00a0 \u00a0 \u00a0 \u00a0DN 12.260\"  DN 4.780\"\u00a0 \u00a0 \u00a0 \u00a0 \u00a0 \u00a0 \u00a0DN 15.370\"  DN 4.846\"","og_url":"https:\/\/grupoga230.com.br\/en\/product\/s-seals\/","og_site_name":"Grupo GA230","article_modified_time":"2020-02-06T16:23:45+00:00","og_image":[{"width":2560,"height":2560,"url":"https:\/\/grupoga230.com.br\/wp-content\/uploads\/2020\/02\/S-Seals-Viton-NBR-e-HNBR-para-H2S.png","path":"\/home\/storage\/5\/a0\/7d\/grupoga2301\/public_html\/wp-content\/uploads\/2020\/02\/S-Seals-Viton-NBR-e-HNBR-para-H2S.png","size":"full","id":1289,"alt":"","pixels":6553600,"type":"image\/png"}],"twitter_card":"summary_large_image","schema":{"@context":"https:\/\/schema.org","@graph":[{"@type":"Organization","@id":"https:\/\/grupoga230.com.br\/#organization","name":"Grupo GA 230","url":"https:\/\/grupoga230.com.br\/","sameAs":[],"logo":{"@type":"ImageObject","@id":"https:\/\/grupoga230.com.br\/#logo","inLanguage":"en-US","url":"https:\/\/grupoga230.com.br\/wp-content\/uploads\/2019\/09\/Logo-Grupo-GA2303-2.png","contentUrl":"https:\/\/grupoga230.com.br\/wp-content\/uploads\/2019\/09\/Logo-Grupo-GA2303-2.png","width":100,"height":103,"caption":"Grupo GA 230"},"image":{"@id":"https:\/\/grupoga230.com.br\/#logo"}},{"@type":"WebSite","@id":"https:\/\/grupoga230.com.br\/#website","url":"https:\/\/grupoga230.com.br\/","name":"Grupo GA230","description":"Veda\u00e7\u00f5es T\u00e9cnicas em Borracha e Solu\u00e7\u00f5es em Poliuretano","publisher":{"@id":"https:\/\/grupoga230.com.br\/#organization"},"potentialAction":[{"@type":"SearchAction","target":{"@type":"EntryPoint","urlTemplate":"https:\/\/grupoga230.com.br\/?s={search_term_string}"},"query-input":"required name=search_term_string"}],"inLanguage":"en-US"},{"@type":"ImageObject","@id":"https:\/\/grupoga230.com.br\/produto\/s-seals\/#primaryimage","inLanguage":"en-US","url":"https:\/\/grupoga230.com.br\/wp-content\/uploads\/2020\/02\/S-Seals-Viton-NBR-e-HNBR-para-H2S.png","contentUrl":"https:\/\/grupoga230.com.br\/wp-content\/uploads\/2020\/02\/S-Seals-Viton-NBR-e-HNBR-para-H2S.png","width":2560,"height":2560},{"@type":"WebPage","@id":"https:\/\/grupoga230.com.br\/produto\/s-seals\/#webpage","url":"https:\/\/grupoga230.com.br\/produto\/s-seals\/","name":"S Seals - Viton, NBR e HNBR para H2S &mdash; Grupo GA230","isPartOf":{"@id":"https:\/\/grupoga230.com.br\/#website"},"primaryImageOfPage":{"@id":"https:\/\/grupoga230.com.br\/produto\/s-seals\/#primaryimage"},"datePublished":"2020-02-06T16:22:45+00:00","dateModified":"2020-02-06T16:23:45+00:00","breadcrumb":{"@id":"https:\/\/grupoga230.com.br\/produto\/s-seals\/#breadcrumb"},"inLanguage":"en-US","potentialAction":[{"@type":"ReadAction","target":["https:\/\/grupoga230.com.br\/produto\/s-seals\/"]}]},{"@type":"BreadcrumbList","@id":"https:\/\/grupoga230.com.br\/produto\/s-seals\/#breadcrumb","itemListElement":[{"@type":"ListItem","position":1,"name":"In\u00edcio","item":"https:\/\/grupoga230.com.br\/"},{"@type":"ListItem","position":2,"name":"Produtos","item":"https:\/\/grupoga230.com.br\/produtos\/"},{"@type":"ListItem","position":3,"name":"S Seals &#8211; Viton, NBR e HNBR para H2S"}]}]}},"_links":{"self":[{"href":"https:\/\/grupoga230.com.br\/en\/wp-json\/wp\/v2\/product\/1290"}],"collection":[{"href":"https:\/\/grupoga230.com.br\/en\/wp-json\/wp\/v2\/product"}],"about":[{"href":"https:\/\/grupoga230.com.br\/en\/wp-json\/wp\/v2\/types\/product"}],"wp:featuredmedia":[{"embeddable":true,"href":"https:\/\/grupoga230.com.br\/en\/wp-json\/wp\/v2\/media\/1289"}],"wp:attachment":[{"href":"https:\/\/grupoga230.com.br\/en\/wp-json\/wp\/v2\/media?parent=1290"}],"wp:term":[{"taxonomy":"product_cat","embeddable":true,"href":"https:\/\/grupoga230.com.br\/en\/wp-json\/wp\/v2\/product_cat?post=1290"},{"taxonomy":"product_tag","embeddable":true,"href":"https:\/\/grupoga230.com.br\/en\/wp-json\/wp\/v2\/product_tag?post=1290"}],"curies":[{"name":"wp","href":"https:\/\/api.w.org\/{rel}","templated":true}]}}