{"id":1287,"date":"2020-02-06T13:12:40","date_gmt":"2020-02-06T16:12:40","guid":{"rendered":"https:\/\/grupoga230.com.br\/?post_type=product&#038;p=1287"},"modified":"2020-02-06T13:24:38","modified_gmt":"2020-02-06T16:24:38","slug":"aneis-bx-nbr","status":"publish","type":"product","link":"https:\/\/grupoga230.com.br\/en\/product\/aneis-bx-nbr\/","title":{"rendered":"BX-NBR Ring"},"content":{"rendered":"","protected":false},"excerpt":{"rendered":"<p>ANEL BX-151<br \/>\nANEL BX-152<br \/>\nANEL BX-153<br \/>\nANEL BX-154<br \/>\nANEL BX-155<br \/>\nANEL BX-156<br \/>\nANEL BX-157<br \/>\nANEL BX-158<br \/>\nANEL BX-159<br \/>\nANEL BX-160<\/p>","protected":false},"featured_media":1286,"template":"","meta":[],"product_cat":[272,69],"product_tag":[],"yoast_head":"<!-- This site is optimized with the Yoast SEO plugin v16.7 - https:\/\/yoast.com\/wordpress\/plugins\/seo\/ -->\n<title>An\u00e9is BX-NBR &mdash; Grupo GA230<\/title>\n<meta name=\"robots\" content=\"index, follow, max-snippet:-1, max-image-preview:large, max-video-preview:-1\" \/>\n<link rel=\"canonical\" href=\"https:\/\/grupoga230.com.br\/en\/product\/aneis-bx-nbr\/\" \/>\n<meta property=\"og:locale\" content=\"en_US\" \/>\n<meta property=\"og:type\" content=\"article\" \/>\n<meta property=\"og:title\" content=\"An\u00e9is BX-NBR &mdash; Grupo GA230\" \/>\n<meta property=\"og:description\" content=\"ANEL BX-151 ANEL BX-152 ANEL BX-153 ANEL BX-154 ANEL BX-155 ANEL BX-156 ANEL BX-157 ANEL BX-158 ANEL BX-159 ANEL BX-160\" \/>\n<meta property=\"og:url\" content=\"https:\/\/grupoga230.com.br\/en\/product\/aneis-bx-nbr\/\" \/>\n<meta property=\"og:site_name\" content=\"Grupo GA230\" \/>\n<meta property=\"article:modified_time\" content=\"2020-02-06T16:24:38+00:00\" \/>\n<meta property=\"og:image\" content=\"https:\/\/grupoga230.com.br\/wp-content\/uploads\/2020\/02\/Aneis-BX-NBR.png\" \/>\n\t<meta property=\"og:image:width\" content=\"2560\" \/>\n\t<meta property=\"og:image:height\" content=\"2560\" \/>\n<meta name=\"twitter:card\" content=\"summary_large_image\" \/>\n<script type=\"application\/ld+json\" class=\"yoast-schema-graph\">{\"@context\":\"https:\/\/schema.org\",\"@graph\":[{\"@type\":\"Organization\",\"@id\":\"https:\/\/grupoga230.com.br\/#organization\",\"name\":\"Grupo GA 230\",\"url\":\"https:\/\/grupoga230.com.br\/\",\"sameAs\":[],\"logo\":{\"@type\":\"ImageObject\",\"@id\":\"https:\/\/grupoga230.com.br\/#logo\",\"inLanguage\":\"en-US\",\"url\":\"https:\/\/grupoga230.com.br\/wp-content\/uploads\/2019\/09\/Logo-Grupo-GA2303-2.png\",\"contentUrl\":\"https:\/\/grupoga230.com.br\/wp-content\/uploads\/2019\/09\/Logo-Grupo-GA2303-2.png\",\"width\":100,\"height\":103,\"caption\":\"Grupo GA 230\"},\"image\":{\"@id\":\"https:\/\/grupoga230.com.br\/#logo\"}},{\"@type\":\"WebSite\",\"@id\":\"https:\/\/grupoga230.com.br\/#website\",\"url\":\"https:\/\/grupoga230.com.br\/\",\"name\":\"Grupo GA230\",\"description\":\"Veda\\u00e7\\u00f5es T\\u00e9cnicas em Borracha e Solu\\u00e7\\u00f5es em Poliuretano\",\"publisher\":{\"@id\":\"https:\/\/grupoga230.com.br\/#organization\"},\"potentialAction\":[{\"@type\":\"SearchAction\",\"target\":{\"@type\":\"EntryPoint\",\"urlTemplate\":\"https:\/\/grupoga230.com.br\/?s={search_term_string}\"},\"query-input\":\"required name=search_term_string\"}],\"inLanguage\":\"en-US\"},{\"@type\":\"ImageObject\",\"@id\":\"https:\/\/grupoga230.com.br\/produto\/aneis-bx-nbr\/#primaryimage\",\"inLanguage\":\"en-US\",\"url\":\"https:\/\/grupoga230.com.br\/wp-content\/uploads\/2020\/02\/Aneis-BX-NBR.png\",\"contentUrl\":\"https:\/\/grupoga230.com.br\/wp-content\/uploads\/2020\/02\/Aneis-BX-NBR.png\",\"width\":2560,\"height\":2560},{\"@type\":\"WebPage\",\"@id\":\"https:\/\/grupoga230.com.br\/produto\/aneis-bx-nbr\/#webpage\",\"url\":\"https:\/\/grupoga230.com.br\/produto\/aneis-bx-nbr\/\",\"name\":\"An\\u00e9is BX-NBR &mdash; Grupo GA230\",\"isPartOf\":{\"@id\":\"https:\/\/grupoga230.com.br\/#website\"},\"primaryImageOfPage\":{\"@id\":\"https:\/\/grupoga230.com.br\/produto\/aneis-bx-nbr\/#primaryimage\"},\"datePublished\":\"2020-02-06T16:12:40+00:00\",\"dateModified\":\"2020-02-06T16:24:38+00:00\",\"breadcrumb\":{\"@id\":\"https:\/\/grupoga230.com.br\/produto\/aneis-bx-nbr\/#breadcrumb\"},\"inLanguage\":\"en-US\",\"potentialAction\":[{\"@type\":\"ReadAction\",\"target\":[\"https:\/\/grupoga230.com.br\/produto\/aneis-bx-nbr\/\"]}]},{\"@type\":\"BreadcrumbList\",\"@id\":\"https:\/\/grupoga230.com.br\/produto\/aneis-bx-nbr\/#breadcrumb\",\"itemListElement\":[{\"@type\":\"ListItem\",\"position\":1,\"name\":\"In\\u00edcio\",\"item\":\"https:\/\/grupoga230.com.br\/\"},{\"@type\":\"ListItem\",\"position\":2,\"name\":\"Produtos\",\"item\":\"https:\/\/grupoga230.com.br\/produtos\/\"},{\"@type\":\"ListItem\",\"position\":3,\"name\":\"An\\u00e9is BX-NBR\"}]}]}<\/script>\n<!-- \/ Yoast SEO plugin. -->","yoast_head_json":{"title":"An\u00e9is BX-NBR &mdash; Grupo GA230","robots":{"index":"index","follow":"follow","max-snippet":"max-snippet:-1","max-image-preview":"max-image-preview:large","max-video-preview":"max-video-preview:-1"},"canonical":"https:\/\/grupoga230.com.br\/en\/product\/aneis-bx-nbr\/","og_locale":"en_US","og_type":"article","og_title":"An\u00e9is BX-NBR &mdash; Grupo GA230","og_description":"ANEL BX-151 ANEL BX-152 ANEL BX-153 ANEL BX-154 ANEL BX-155 ANEL BX-156 ANEL BX-157 ANEL BX-158 ANEL BX-159 ANEL BX-160","og_url":"https:\/\/grupoga230.com.br\/en\/product\/aneis-bx-nbr\/","og_site_name":"Grupo GA230","article_modified_time":"2020-02-06T16:24:38+00:00","og_image":[{"width":2560,"height":2560,"url":"https:\/\/grupoga230.com.br\/wp-content\/uploads\/2020\/02\/Aneis-BX-NBR.png","path":"\/home\/storage\/5\/a0\/7d\/grupoga2301\/public_html\/wp-content\/uploads\/2020\/02\/Aneis-BX-NBR.png","size":"full","id":1286,"alt":"","pixels":6553600,"type":"image\/png"}],"twitter_card":"summary_large_image","schema":{"@context":"https:\/\/schema.org","@graph":[{"@type":"Organization","@id":"https:\/\/grupoga230.com.br\/#organization","name":"Grupo GA 230","url":"https:\/\/grupoga230.com.br\/","sameAs":[],"logo":{"@type":"ImageObject","@id":"https:\/\/grupoga230.com.br\/#logo","inLanguage":"en-US","url":"https:\/\/grupoga230.com.br\/wp-content\/uploads\/2019\/09\/Logo-Grupo-GA2303-2.png","contentUrl":"https:\/\/grupoga230.com.br\/wp-content\/uploads\/2019\/09\/Logo-Grupo-GA2303-2.png","width":100,"height":103,"caption":"Grupo GA 230"},"image":{"@id":"https:\/\/grupoga230.com.br\/#logo"}},{"@type":"WebSite","@id":"https:\/\/grupoga230.com.br\/#website","url":"https:\/\/grupoga230.com.br\/","name":"Grupo GA230","description":"Veda\u00e7\u00f5es T\u00e9cnicas em Borracha e Solu\u00e7\u00f5es em Poliuretano","publisher":{"@id":"https:\/\/grupoga230.com.br\/#organization"},"potentialAction":[{"@type":"SearchAction","target":{"@type":"EntryPoint","urlTemplate":"https:\/\/grupoga230.com.br\/?s={search_term_string}"},"query-input":"required name=search_term_string"}],"inLanguage":"en-US"},{"@type":"ImageObject","@id":"https:\/\/grupoga230.com.br\/produto\/aneis-bx-nbr\/#primaryimage","inLanguage":"en-US","url":"https:\/\/grupoga230.com.br\/wp-content\/uploads\/2020\/02\/Aneis-BX-NBR.png","contentUrl":"https:\/\/grupoga230.com.br\/wp-content\/uploads\/2020\/02\/Aneis-BX-NBR.png","width":2560,"height":2560},{"@type":"WebPage","@id":"https:\/\/grupoga230.com.br\/produto\/aneis-bx-nbr\/#webpage","url":"https:\/\/grupoga230.com.br\/produto\/aneis-bx-nbr\/","name":"An\u00e9is BX-NBR &mdash; Grupo GA230","isPartOf":{"@id":"https:\/\/grupoga230.com.br\/#website"},"primaryImageOfPage":{"@id":"https:\/\/grupoga230.com.br\/produto\/aneis-bx-nbr\/#primaryimage"},"datePublished":"2020-02-06T16:12:40+00:00","dateModified":"2020-02-06T16:24:38+00:00","breadcrumb":{"@id":"https:\/\/grupoga230.com.br\/produto\/aneis-bx-nbr\/#breadcrumb"},"inLanguage":"en-US","potentialAction":[{"@type":"ReadAction","target":["https:\/\/grupoga230.com.br\/produto\/aneis-bx-nbr\/"]}]},{"@type":"BreadcrumbList","@id":"https:\/\/grupoga230.com.br\/produto\/aneis-bx-nbr\/#breadcrumb","itemListElement":[{"@type":"ListItem","position":1,"name":"In\u00edcio","item":"https:\/\/grupoga230.com.br\/"},{"@type":"ListItem","position":2,"name":"Produtos","item":"https:\/\/grupoga230.com.br\/produtos\/"},{"@type":"ListItem","position":3,"name":"An\u00e9is BX-NBR"}]}]}},"_links":{"self":[{"href":"https:\/\/grupoga230.com.br\/en\/wp-json\/wp\/v2\/product\/1287"}],"collection":[{"href":"https:\/\/grupoga230.com.br\/en\/wp-json\/wp\/v2\/product"}],"about":[{"href":"https:\/\/grupoga230.com.br\/en\/wp-json\/wp\/v2\/types\/product"}],"wp:featuredmedia":[{"embeddable":true,"href":"https:\/\/grupoga230.com.br\/en\/wp-json\/wp\/v2\/media\/1286"}],"wp:attachment":[{"href":"https:\/\/grupoga230.com.br\/en\/wp-json\/wp\/v2\/media?parent=1287"}],"wp:term":[{"taxonomy":"product_cat","embeddable":true,"href":"https:\/\/grupoga230.com.br\/en\/wp-json\/wp\/v2\/product_cat?post=1287"},{"taxonomy":"product_tag","embeddable":true,"href":"https:\/\/grupoga230.com.br\/en\/wp-json\/wp\/v2\/product_tag?post=1287"}],"curies":[{"name":"wp","href":"https:\/\/api.w.org\/{rel}","templated":true}]}}